{"id":1487,"date":"2025-12-04T09:32:07","date_gmt":"2025-12-04T09:32:07","guid":{"rendered":"https:\/\/theincaspin.org\/login-and-registration\/"},"modified":"2025-12-04T13:27:37","modified_gmt":"2025-12-04T13:27:37","slug":"logowanie-i-rejestracja","status":"publish","type":"page","link":"https:\/\/theincaspin.org\/pl\/logowanie-i-rejestracja\/","title":{"rendered":"Logowanie i rejestracja"},"content":{"rendered":"<h1>Logowanie, rejestracja i zarz\u0105dzanie kontem w Incaspin<\/h1>\n<p>Dost\u0119p do gier i innych funkcji w Incaspin wymaga przej\u015bcia przez proces Incaspin Login. Rejestracja jest otwarta dla os\u00f3b w wieku 18 lat lub starszych, a ka\u017cdy u\u017cytkownik mo\u017ce posiada\u0107 tylko jedno konto zgodnie z zasadami platformy. Po wprowadzeniu zarejestrowanych danych przez Incaspin Login mo\u017cna uzyska\u0107 dost\u0119p do profilu osobistego, zarz\u0105dza\u0107 ustawieniami konta i korzysta\u0107 ze wszystkich dost\u0119pnych us\u0142ug.<\/p>\n<p><div class=\"banner-wrap\" aria-label=\"Banner\"><img src=\"https:\/\/theincaspin.org\/wp-content\/uploads\/2025\/12\/Incaspin-general-background-800\u2564\u0415342.webp\" class=\"w-100 d-none d-lg-block img-pc main-banner-img\" alt=\"Incaspin desktop banner\" fetchpriority=\"high\" decoding=\"async\"><img src=\"https:\/\/theincaspin.org\/wp-content\/uploads\/2025\/12\/Incaspin-mobile-banner.webp\" class=\"w-100 d-none d-md-block d-lg-none main-banner-img\" alt=\"Incaspin mobile banner\" fetchpriority=\"high\" decoding=\"async\"><img src=\"https:\/\/theincaspin.org\/wp-content\/uploads\/2025\/12\/Incaspin-mobile-banner.webp\" class=\"w-100 d-md-none\" alt=\"Incaspin mobile banner\" fetchpriority=\"high\" decoding=\"async\"><div class=\"banner-description\">\n<div class=\"banner-title\">Bonusy powitalne<\/div>\n<p class=\"banner-header-title\">1500 \u20ac<\/p>\n<div class=\"banner-header-AdditionalText\">+ 250 Darmowe spiny<\/div>\n<button data-item=\"homepage_banner_link\" class=\"goto m-button m-gradient-border m-button--primary m-button--large banner-button btn-orange\">\n            <div class=\"m-button-content\">\n                <span>Zarejestruj si\u0119 teraz<\/span>\n                <span><\/span>\n            <\/div>\n        <\/button>\n<\/div>\n<div class=\"WelcomePack\">\n<p><img loading=\"lazy\" decoding=\"async\" class=\"alignnone size-full wp-image-1337\" src=\"https:\/\/theincaspin.org\/wp-content\/uploads\/2025\/12\/welcome-crown.svg\" alt=\"crown\" width=\"25\" height=\"26\" \/><\/p>\n<div class=\"WelcomePack-Info\">Cotygodniowy zwrot got\u00f3wki do 25%<\/div>\n<p><img loading=\"lazy\" decoding=\"async\" class=\"alignnone size-full wp-image-1337\" src=\"https:\/\/theincaspin.org\/wp-content\/uploads\/2025\/12\/welcome-crown.svg\" alt=\"crown\" width=\"25\" height=\"26\" \/><\/p>\n<\/div>\n<\/div><div class=\"scrollable-content-wrap my-5\"><div class=\"scrollable-content-inner\"><h2>Rejestracja w Incaspin Casino<\/h2>\n<p>Utworzenie konta w Incaspin Casino jest szybkie i zapewnia pe\u0142ny dost\u0119p do funkcji platformy. Po rejestracji u\u017cytkownicy mog\u0105 dokonywa\u0107 wp\u0142at, korzysta\u0107 z bie\u017c\u0105cych promocji, gra\u0107 w tysi\u0105ce gier oraz dokonywa\u0107 wyp\u0142at.<\/p>\n<p>Aby rozpocz\u0105\u0107, otw\u00f3rz stron\u0119 internetow\u0105 w dowolnej nowoczesnej przegl\u0105darce na komputerze lub urz\u0105dzeniu mobilnym i kliknij przycisk \u201eSign Up\u201d w prawym g\u00f3rnym rogu strony g\u0142\u00f3wnej. Nowi u\u017cytkownicy musz\u0105 poda\u0107 adres e-mail i utworzy\u0107 has\u0142o sk\u0142adaj\u0105ce si\u0119 z co najmniej sze\u015bciu znak\u00f3w. Wymagana jest r\u00f3wnie\u017c weryfikacja wieku (18+) oraz akceptacja regulaminu platformy.<\/p>\n<p>Formularz rejestracyjny zbiera dane osobowe, w tym imi\u0119 i nazwisko, adres oraz dane kontaktowe. Po jego wype\u0142nieniu system automatycznie loguje Ci\u0119 na Twoje konto, umo\u017cliwiaj\u0105c dokonanie pierwszej wp\u0142aty lub wypr\u00f3bowanie gier w trybie demo. Przy kolejnych wizytach mo\u017cesz uzyska\u0107 dost\u0119p do konta za pomoc\u0105 strony Incaspin login.<\/p>\n<h2>Dost\u0119p do konta i zarz\u0105dzanie nim w Incaspin<\/h2>\n<p>Logowanie si\u0119 do Incaspin umo\u017cliwia u\u017cytkownikom korzystanie ze wszystkich funkcji platformy, w tym z biblioteki gier obejmuj\u0105cej tysi\u0105ce tytu\u0142\u00f3w, dost\u0119pnych metod p\u0142atno\u015bci oraz wieloj\u0119zycznej obs\u0142ugi klienta. Aby si\u0119 zalogowa\u0107, wprowad\u017a adres e-mail i has\u0142o podane podczas rejestracji.<\/p>\n<p>Sekcja konta osobistego pozwala u\u017cytkownikom zarz\u0105dza\u0107 wp\u0142atami i wyp\u0142atami, przegl\u0105da\u0107 szczeg\u00f3\u0142y bonus\u00f3w oraz aktualizowa\u0107 dane osobowe. Narz\u0119dzia te zosta\u0142y zaprojektowane w celu uproszczenia zarz\u0105dzania kontem i zapewnienia p\u0142ynnego korzystania z platformy.<\/p>\n<table>\n<tbody>\n<tr>\n<td>Funkcja<\/td>\n<td>Szczeg\u00f3\u0142y<\/td>\n<\/tr>\n<tr>\n<td>Historia transakcji<\/td>\n<td>Pe\u0142na historia wp\u0142at, wyp\u0142at i zak\u0142ad\u00f3w jest dost\u0119pna na koncie Incaspin.<\/td>\n<\/tr>\n<tr>\n<td>Weryfikacja to\u017csamo\u015bci (KYC)<\/td>\n<td>W ramach swojego konta mo\u017cesz przes\u0142a\u0107 dokumenty to\u017csamo\u015bci, aby zako\u0144czy\u0107 proces weryfikacji i umo\u017cliwi\u0107 wyp\u0142aty \u015brodk\u00f3w.<\/td>\n<\/tr>\n<tr>\n<td>Narz\u0119dzia odpowiedzialnej gry<\/td>\n<td>W swoim koncie mo\u017cesz ustawi\u0107 limity wp\u0142at, strat lub czasu trwania sesji. Dodatkowo, w razie potrzeby dost\u0119pna jest opcja samowykluczenia.<\/td>\n<\/tr>\n<tr>\n<td>Zarz\u0105dzanie danymi osobowymi<\/td>\n<td>U\u017cytkownicy mog\u0105 bezpiecznie aktualizowa\u0107 dane osobowe, takie jak adres e-mail, adres lub has\u0142o, w ramach swojego konta Incaspin.<\/td>\n<\/tr>\n<tr>\n<td>Ustawienia zabezpiecze\u0144<\/td>\n<td>Mo\u017cesz w\u0142\u0105czy\u0107 uwierzytelnianie dwusk\u0142adnikowe lub logowanie biometryczne, aby zapewni\u0107 sobie dodatkow\u0105 ochron\u0119.<\/td>\n<\/tr>\n<\/tbody>\n<\/table>\n<h3>Zapomnia\u0142e\u015b has\u0142a?<\/h3>\n<p>Je\u015bli zapomnisz has\u0142a do Incaspin, mo\u017cesz je zresetowa\u0107, korzystaj\u0105c ze standardowej opcji odzyskiwania na stronie logowania. Kliknij link \u201eZapomnia\u0142e\u015b has\u0142a?\u201d i wprowad\u017a adres e-mail powi\u0105zany z Twoim kontem. Na ten adres zostanie wys\u0142any link do resetowania has\u0142a, kt\u00f3ry pozwoli Ci utworzy\u0107 nowe has\u0142o i odzyska\u0107 dost\u0119p do konta.<\/p>\n<h3>Proces weryfikacji konta w Incaspin Casino<\/h3>\n<p>Incaspin wymaga weryfikacji konta w celu przestrzegania standard\u00f3w bezpiecze\u0144stwa i przeciwdzia\u0142ania oszustwom. Ka\u017cdy u\u017cytkownik mo\u017ce posiada\u0107 tylko jedno konto zgodnie z zasadami platformy.<\/p>\n<p>Weryfikacja musi zosta\u0107 zako\u0144czona przed dokonaniem pierwszej wyp\u0142aty. Proces polega na przes\u0142aniu wyra\u017anych kopii lub zdj\u0119\u0107 dokument\u00f3w osobistych, kt\u00f3re zazwyczaj s\u0105 sprawdzane w ci\u0105gu 48 godzin. U\u017cytkownicy zostaj\u0105 powiadomieni po zako\u0144czeniu weryfikacji.<\/p>\n<p>Zwykle wymagane dokumenty obejmuj\u0105:<\/p>\n<ul>\n<li>wa\u017cny paszport, dow\u00f3d osobisty lub prawo jazdy,<\/li>\n<li>rachunek za media lub wyci\u0105g bankowy wystawiony w ci\u0105gu ostatnich sze\u015bciu miesi\u0119cy,<\/li>\n<li>zrzut ekranu lub oficjalne potwierdzenie w\u0142asno\u015bci wybranej metody p\u0142atno\u015bci.<\/li>\n<\/ul>\n<h2>FAQ<\/h2>\n<h3>How can I verify my account?<\/h3>\n<p>Verification of an Incaspin account is required before making your first withdrawal. The process involves uploading personal documents to confirm your identity, address, and ownership of the chosen payment method. Typical documents include a passport or driver\u2019s license, a recent utility bill or bank statement, and proof of the payment method used. The review usually takes up to 48 hours.<\/p>\n<h3>Can I change my password or email address?<\/h3>\n<p>Yes, you can update your password or email address at any time. Simply access your account settings, where personal and payment information can be managed and changed securely.<\/p>\n<h3>What should I do if my account is locked?<\/h3>\n<p>If your Incaspin account is locked, check your email for a message detailing the reason and next steps. If no email has been received, contact customer support via live chat or email. The support team will assist in resolving the issue and restoring access to your account.<\/p>\n<\/div><\/div><\/p>\n","protected":false},"excerpt":{"rendered":"<p>Logowanie, rejestracja i zarz\u0105dzanie kontem w Incaspin Dost\u0119p do gier i innych funkcji w Incaspin wymaga przej\u015bcia przez proces Incaspin Login. Rejestracja jest otwarta dla os\u00f3b w wieku 18 lat lub starszych, a ka\u017cdy u\u017cytkownik mo\u017ce posiada\u0107 tylko jedno konto zgodnie z zasadami platformy. Po wprowadzeniu zarejestrowanych danych przez Incaspin Login mo\u017cna uzyska\u0107 dost\u0119p do [&hellip;]<\/p>\n","protected":false},"author":1,"featured_media":0,"parent":0,"menu_order":0,"comment_status":"closed","ping_status":"closed","template":"template-builder.php","meta":{"_acf_changed":false,"inline_featured_image":false,"footnotes":""},"class_list":["post-1487","page","type-page","status-publish","hentry"],"acf":[],"yoast_head":"<!-- This site is optimized with the Yoast SEO plugin v27.3 - https:\/\/yoast.com\/product\/yoast-seo-wordpress\/ -->\n<title>Incaspin Logowanie \u2013 rejestracja i zarz\u0105dzanie kontem<\/title>\n<meta name=\"description\" content=\"\u0141atwo tw\u00f3rz, zarz\u0105dzaj i weryfikuj swoje konto w kasynie Incaspin dzi\u0119ki szybkiej rejestracji, p\u0142ynnemu odzyskiwaniu konta i bezpiecznemu zamykaniu konta, zapewniaj\u0105c ochron\u0119 24\/7 poprzez Incaspin Login.\" \/>\n<meta name=\"robots\" content=\"index, follow, max-snippet:-1, max-image-preview:large, max-video-preview:-1\" \/>\n<link rel=\"canonical\" href=\"https:\/\/theincaspin.org\/pl\/logowanie-i-rejestracja\/\" \/>\n<meta property=\"og:locale\" content=\"pl_PL\" \/>\n<meta property=\"og:type\" content=\"article\" \/>\n<meta property=\"og:title\" content=\"Incaspin Logowanie \u2013 rejestracja i zarz\u0105dzanie kontem\" \/>\n<meta property=\"og:description\" content=\"\u0141atwo tw\u00f3rz, zarz\u0105dzaj i weryfikuj swoje konto w kasynie Incaspin dzi\u0119ki szybkiej rejestracji, p\u0142ynnemu odzyskiwaniu konta i bezpiecznemu zamykaniu konta, zapewniaj\u0105c ochron\u0119 24\/7 poprzez Incaspin Login.\" \/>\n<meta property=\"og:url\" content=\"https:\/\/theincaspin.org\/pl\/logowanie-i-rejestracja\/\" \/>\n<meta property=\"og:site_name\" content=\"incaspin\" \/>\n<meta property=\"article:modified_time\" content=\"2025-12-04T13:27:37+00:00\" \/>\n<meta name=\"twitter:card\" content=\"summary_large_image\" \/>\n<meta name=\"twitter:label1\" content=\"Est. reading time\" \/>\n\t<meta name=\"twitter:data1\" content=\"1 minute\" \/>\n<script type=\"application\/ld+json\" class=\"yoast-schema-graph\">{\"@context\":\"https:\\\/\\\/schema.org\",\"@graph\":[{\"@type\":\"WebPage\",\"@id\":\"https:\\\/\\\/theincaspin.org\\\/pl\\\/logowanie-i-rejestracja\\\/\",\"url\":\"https:\\\/\\\/theincaspin.org\\\/pl\\\/logowanie-i-rejestracja\\\/\",\"name\":\"Incaspin Logowanie \u2013 rejestracja i zarz\u0105dzanie kontem\",\"isPartOf\":{\"@id\":\"https:\\\/\\\/theincaspin.org\\\/pl\\\/#website\"},\"datePublished\":\"2025-12-04T09:32:07+00:00\",\"dateModified\":\"2025-12-04T13:27:37+00:00\",\"description\":\"\u0141atwo tw\u00f3rz, zarz\u0105dzaj i weryfikuj swoje konto w kasynie Incaspin dzi\u0119ki szybkiej rejestracji, p\u0142ynnemu odzyskiwaniu konta i bezpiecznemu zamykaniu konta, zapewniaj\u0105c ochron\u0119 24\\\/7 poprzez Incaspin Login.\",\"breadcrumb\":{\"@id\":\"https:\\\/\\\/theincaspin.org\\\/pl\\\/logowanie-i-rejestracja\\\/#breadcrumb\"},\"inLanguage\":\"pl-PL\",\"potentialAction\":[{\"@type\":\"ReadAction\",\"target\":[\"https:\\\/\\\/theincaspin.org\\\/pl\\\/logowanie-i-rejestracja\\\/\"]}]},{\"@type\":\"BreadcrumbList\",\"@id\":\"https:\\\/\\\/theincaspin.org\\\/pl\\\/logowanie-i-rejestracja\\\/#breadcrumb\",\"itemListElement\":[{\"@type\":\"ListItem\",\"position\":1,\"name\":\"Incaspin\",\"item\":\"https:\\\/\\\/theincaspin.org\\\/pl\\\/\"},{\"@type\":\"ListItem\",\"position\":2,\"name\":\"Logowanie i rejestracja\"}]},{\"@type\":\"WebSite\",\"@id\":\"https:\\\/\\\/theincaspin.org\\\/pl\\\/#website\",\"url\":\"https:\\\/\\\/theincaspin.org\\\/pl\\\/\",\"name\":\"Incaspin\",\"description\":\"\",\"publisher\":{\"@id\":\"https:\\\/\\\/theincaspin.org\\\/pl\\\/#organization\"},\"potentialAction\":[{\"@type\":\"SearchAction\",\"target\":{\"@type\":\"EntryPoint\",\"urlTemplate\":\"https:\\\/\\\/theincaspin.org\\\/pl\\\/?s={search_term_string}\"},\"query-input\":{\"@type\":\"PropertyValueSpecification\",\"valueRequired\":true,\"valueName\":\"search_term_string\"}}],\"inLanguage\":\"pl-PL\"},{\"@type\":\"Organization\",\"@id\":\"https:\\\/\\\/theincaspin.org\\\/pl\\\/#organization\",\"name\":\"Incaspin\",\"url\":\"https:\\\/\\\/theincaspin.org\\\/pl\\\/\",\"logo\":{\"@type\":\"ImageObject\",\"inLanguage\":\"pl-PL\",\"@id\":\"https:\\\/\\\/theincaspin.org\\\/pl\\\/#\\\/schema\\\/logo\\\/image\\\/\",\"url\":\"https:\\\/\\\/theincaspin.org\\\/wp-content\\\/uploads\\\/2025\\\/12\\\/Casino-logo-Desktop.svg\",\"contentUrl\":\"https:\\\/\\\/theincaspin.org\\\/wp-content\\\/uploads\\\/2025\\\/12\\\/Casino-logo-Desktop.svg\",\"width\":63,\"height\":24,\"caption\":\"Incaspin\"},\"image\":{\"@id\":\"https:\\\/\\\/theincaspin.org\\\/pl\\\/#\\\/schema\\\/logo\\\/image\\\/\"}}]}<\/script>\n<!-- \/ Yoast SEO plugin. -->","yoast_head_json":{"title":"Incaspin Logowanie \u2013 rejestracja i zarz\u0105dzanie kontem","description":"\u0141atwo tw\u00f3rz, zarz\u0105dzaj i weryfikuj swoje konto w kasynie Incaspin dzi\u0119ki szybkiej rejestracji, p\u0142ynnemu odzyskiwaniu konta i bezpiecznemu zamykaniu konta, zapewniaj\u0105c ochron\u0119 24\/7 poprzez Incaspin Login.","robots":{"index":"index","follow":"follow","max-snippet":"max-snippet:-1","max-image-preview":"max-image-preview:large","max-video-preview":"max-video-preview:-1"},"canonical":"https:\/\/theincaspin.org\/pl\/logowanie-i-rejestracja\/","og_locale":"pl_PL","og_type":"article","og_title":"Incaspin Logowanie \u2013 rejestracja i zarz\u0105dzanie kontem","og_description":"\u0141atwo tw\u00f3rz, zarz\u0105dzaj i weryfikuj swoje konto w kasynie Incaspin dzi\u0119ki szybkiej rejestracji, p\u0142ynnemu odzyskiwaniu konta i bezpiecznemu zamykaniu konta, zapewniaj\u0105c ochron\u0119 24\/7 poprzez Incaspin Login.","og_url":"https:\/\/theincaspin.org\/pl\/logowanie-i-rejestracja\/","og_site_name":"incaspin","article_modified_time":"2025-12-04T13:27:37+00:00","twitter_card":"summary_large_image","twitter_misc":{"Est. reading time":"1 minute"},"schema":{"@context":"https:\/\/schema.org","@graph":[{"@type":"WebPage","@id":"https:\/\/theincaspin.org\/pl\/logowanie-i-rejestracja\/","url":"https:\/\/theincaspin.org\/pl\/logowanie-i-rejestracja\/","name":"Incaspin Logowanie \u2013 rejestracja i zarz\u0105dzanie kontem","isPartOf":{"@id":"https:\/\/theincaspin.org\/pl\/#website"},"datePublished":"2025-12-04T09:32:07+00:00","dateModified":"2025-12-04T13:27:37+00:00","description":"\u0141atwo tw\u00f3rz, zarz\u0105dzaj i weryfikuj swoje konto w kasynie Incaspin dzi\u0119ki szybkiej rejestracji, p\u0142ynnemu odzyskiwaniu konta i bezpiecznemu zamykaniu konta, zapewniaj\u0105c ochron\u0119 24\/7 poprzez Incaspin Login.","breadcrumb":{"@id":"https:\/\/theincaspin.org\/pl\/logowanie-i-rejestracja\/#breadcrumb"},"inLanguage":"pl-PL","potentialAction":[{"@type":"ReadAction","target":["https:\/\/theincaspin.org\/pl\/logowanie-i-rejestracja\/"]}]},{"@type":"BreadcrumbList","@id":"https:\/\/theincaspin.org\/pl\/logowanie-i-rejestracja\/#breadcrumb","itemListElement":[{"@type":"ListItem","position":1,"name":"Incaspin","item":"https:\/\/theincaspin.org\/pl\/"},{"@type":"ListItem","position":2,"name":"Logowanie i rejestracja"}]},{"@type":"WebSite","@id":"https:\/\/theincaspin.org\/pl\/#website","url":"https:\/\/theincaspin.org\/pl\/","name":"Incaspin","description":"","publisher":{"@id":"https:\/\/theincaspin.org\/pl\/#organization"},"potentialAction":[{"@type":"SearchAction","target":{"@type":"EntryPoint","urlTemplate":"https:\/\/theincaspin.org\/pl\/?s={search_term_string}"},"query-input":{"@type":"PropertyValueSpecification","valueRequired":true,"valueName":"search_term_string"}}],"inLanguage":"pl-PL"},{"@type":"Organization","@id":"https:\/\/theincaspin.org\/pl\/#organization","name":"Incaspin","url":"https:\/\/theincaspin.org\/pl\/","logo":{"@type":"ImageObject","inLanguage":"pl-PL","@id":"https:\/\/theincaspin.org\/pl\/#\/schema\/logo\/image\/","url":"https:\/\/theincaspin.org\/wp-content\/uploads\/2025\/12\/Casino-logo-Desktop.svg","contentUrl":"https:\/\/theincaspin.org\/wp-content\/uploads\/2025\/12\/Casino-logo-Desktop.svg","width":63,"height":24,"caption":"Incaspin"},"image":{"@id":"https:\/\/theincaspin.org\/pl\/#\/schema\/logo\/image\/"}}]}},"_links":{"self":[{"href":"https:\/\/theincaspin.org\/pl\/wp-json\/wp\/v2\/pages\/1487","targetHints":{"allow":["GET"]}}],"collection":[{"href":"https:\/\/theincaspin.org\/pl\/wp-json\/wp\/v2\/pages"}],"about":[{"href":"https:\/\/theincaspin.org\/pl\/wp-json\/wp\/v2\/types\/page"}],"author":[{"embeddable":true,"href":"https:\/\/theincaspin.org\/pl\/wp-json\/wp\/v2\/users\/1"}],"replies":[{"embeddable":true,"href":"https:\/\/theincaspin.org\/pl\/wp-json\/wp\/v2\/comments?post=1487"}],"version-history":[{"count":2,"href":"https:\/\/theincaspin.org\/pl\/wp-json\/wp\/v2\/pages\/1487\/revisions"}],"predecessor-version":[{"id":1804,"href":"https:\/\/theincaspin.org\/pl\/wp-json\/wp\/v2\/pages\/1487\/revisions\/1804"}],"wp:attachment":[{"href":"https:\/\/theincaspin.org\/pl\/wp-json\/wp\/v2\/media?parent=1487"}],"curies":[{"name":"wp","href":"https:\/\/api.w.org\/{rel}","templated":true}]}}