{"id":1460,"date":"2025-12-04T09:40:04","date_gmt":"2025-12-04T09:40:04","guid":{"rendered":"https:\/\/theincaspin.org\/bonus\/"},"modified":"2025-12-04T13:30:20","modified_gmt":"2025-12-04T13:30:20","slug":"bonus","status":"publish","type":"page","link":"https:\/\/theincaspin.org\/pl\/bonus\/","title":{"rendered":"Bonus"},"content":{"rendered":"<h1>Programy bonusowe w Incaspin<\/h1>\n<p>The Incaspin Bonus program obejmuje pakiet powitalny o warto\u015bci do 1 500 \u20ac oraz 250 darmowych spin\u00f3w, roz\u0142o\u017cony na pierwsze trzy depozyty dla nowych u\u017cytkownik\u00f3w. Dodatkowe promocje mog\u0105 obejmowa\u0107 cashback, rakeback, turnieje oraz inne bie\u017c\u0105ce oferty. Szczeg\u00f3\u0142owe informacje i warunki dost\u0119pne s\u0105 w sekcji promocji na platformie.<\/p>\n<p><div class=\"banner-wrap\" aria-label=\"Banner\"><img src=\"https:\/\/theincaspin.org\/wp-content\/uploads\/2025\/12\/Incaspin-general-background-800\u2564\u0415342.webp\" class=\"w-100 d-none d-lg-block img-pc main-banner-img\" alt=\"Incaspin desktop banner\" fetchpriority=\"high\" decoding=\"async\"><img src=\"https:\/\/theincaspin.org\/wp-content\/uploads\/2025\/12\/Incaspin-mobile-banner.webp\" class=\"w-100 d-none d-md-block d-lg-none main-banner-img\" alt=\"Incaspin mobile banner\" fetchpriority=\"high\" decoding=\"async\"><img src=\"https:\/\/theincaspin.org\/wp-content\/uploads\/2025\/12\/Incaspin-mobile-banner.webp\" class=\"w-100 d-md-none\" alt=\"Incaspin mobile banner\" fetchpriority=\"high\" decoding=\"async\"><div class=\"banner-description\">\n<div class=\"banner-title\">Bonusy powitalne<\/div>\n<p class=\"banner-header-title\">1500 \u20ac<\/p>\n<div class=\"banner-header-AdditionalText\">+ 250 Darmowe spiny<\/div>\n<button data-item=\"homepage_banner_link\" class=\"goto m-button m-gradient-border m-button--primary m-button--large banner-button btn-orange\">\n            <div class=\"m-button-content\">\n                <span>Zarejestruj si\u0119 teraz<\/span>\n                <span><\/span>\n            <\/div>\n        <\/button>\n<\/div>\n<div class=\"WelcomePack\">\n<p><img loading=\"lazy\" decoding=\"async\" class=\"alignnone size-full wp-image-1337\" src=\"https:\/\/theincaspin.org\/wp-content\/uploads\/2025\/12\/welcome-crown.svg\" alt=\"crown\" width=\"25\" height=\"26\" \/><\/p>\n<div class=\"WelcomePack-Info\">Cotygodniowy zwrot got\u00f3wki do 25%<\/div>\n<p><img loading=\"lazy\" decoding=\"async\" class=\"alignnone size-full wp-image-1337\" src=\"https:\/\/theincaspin.org\/wp-content\/uploads\/2025\/12\/welcome-crown.svg\" alt=\"crown\" width=\"25\" height=\"26\" \/><\/p>\n<\/div>\n<\/div><div class=\"promotions-wrap\"><div class=\"promotion-card\" style=\"background-image: url(https:\/\/theincaspin.org\/wp-content\/uploads\/2025\/12\/First-deposit.webp);\"><h2 class=\"promotion-card__title\">Pierwszy depozyt<\/h2><label class=\"promotion-card__offer\">100% do 500 \u20ac + 150 darmowych spin\u00f3w<\/label><label class=\"promotion-card__description\"><\/label><div class=\"promotion-card__actions\"><button data-item=\"payments_link\" data-group=\"website_links\" class=\"goto btn btn-orange rounded-pill fw-bold px-4 m-button m-gradient-border m-button--primary m-button--large promotion-button promotion-card__action-btn\" aria-label=\"Zarejestruj si\u0119\"><div class=\"m-button-content\"><span class=\"promotion-button__content\">Zarejestruj si\u0119<\/span><\/div><\/button><button data-item=\"http:\/\/bonus_link\" data-group=\"website_links\" class=\"goto m-button m-gradient-border m-button--secondary m-button--medium promotion-card__info-btn\" aria-label=\"More information\"><div class=\"m-button-content\"><svg viewBox=\"0 0 24 24\" fill=\"none\" xmlns=\"http:\/\/www.w3.org\/2000\/svg\" class=\"m-icon m-icon-loadable\" name=\"Attention\" loading=\"false\" aria-hidden=\"true\"><path d=\"M12 22C6.477 22 2 17.522 2 12S6.477 2 12 2s10 4.478 10 10-4.477 10-10 10m-.002-13.004a.999.999 0 1 0 0-1.997.999.999 0 0 0 0 1.997M12 17a1 1 0 0 0 .993-.884L13 16l-.002-5.001-.007-.117a1 1 0 0 0-1.986 0l-.007.117L11 16l.007.117A1 1 0 0 0 12 17\" fill=\"currentColor\"><\/path><\/svg><\/div><\/button><\/div><\/div><div class=\"promotion-card\" style=\"background-image: url(https:\/\/theincaspin.org\/wp-content\/uploads\/2025\/12\/Second-deposit.webp);\"><h2 class=\"promotion-card__title\">Drugi depozyt<\/h2><label class=\"promotion-card__offer\">55% do 500 \u20ac + 100 darmowych spin\u00f3w<\/label><label class=\"promotion-card__description\"><\/label><div class=\"promotion-card__actions\"><button data-item=\"payments_link\" data-group=\"website_links\" class=\"goto btn btn-orange rounded-pill fw-bold px-4 m-button m-gradient-border m-button--primary m-button--large promotion-button promotion-card__action-btn\" aria-label=\"Zarejestruj si\u0119\"><div class=\"m-button-content\"><span class=\"promotion-button__content\">Zarejestruj si\u0119<\/span><\/div><\/button><button data-item=\"http:\/\/bonus_link\" data-group=\"website_links\" class=\"goto m-button m-gradient-border m-button--secondary m-button--medium promotion-card__info-btn\" aria-label=\"More information\"><div class=\"m-button-content\"><svg viewBox=\"0 0 24 24\" fill=\"none\" xmlns=\"http:\/\/www.w3.org\/2000\/svg\" class=\"m-icon m-icon-loadable\" name=\"Attention\" loading=\"false\" aria-hidden=\"true\"><path d=\"M12 22C6.477 22 2 17.522 2 12S6.477 2 12 2s10 4.478 10 10-4.477 10-10 10m-.002-13.004a.999.999 0 1 0 0-1.997.999.999 0 0 0 0 1.997M12 17a1 1 0 0 0 .993-.884L13 16l-.002-5.001-.007-.117a1 1 0 0 0-1.986 0l-.007.117L11 16l.007.117A1 1 0 0 0 12 17\" fill=\"currentColor\"><\/path><\/svg><\/div><\/button><\/div><\/div><div class=\"promotion-card\" style=\"background-image: url(https:\/\/theincaspin.org\/wp-content\/uploads\/2025\/12\/Third-deposit.webp);\"><h2 class=\"promotion-card__title\">Trzeci depozyt<\/h2><label class=\"promotion-card__offer\">100% do 500 \u20ac<\/label><label class=\"promotion-card__description\"><\/label><div class=\"promotion-card__actions\"><button data-item=\"payments_link\" data-group=\"website_links\" class=\"goto btn btn-orange rounded-pill fw-bold px-4 m-button m-gradient-border m-button--primary m-button--large promotion-button promotion-card__action-btn\" aria-label=\"Zarejestruj si\u0119\"><div class=\"m-button-content\"><span class=\"promotion-button__content\">Zarejestruj si\u0119<\/span><\/div><\/button><button data-item=\"http:\/\/bonus_link\" data-group=\"website_links\" class=\"goto m-button m-gradient-border m-button--secondary m-button--medium promotion-card__info-btn\" aria-label=\"More information\"><div class=\"m-button-content\"><svg viewBox=\"0 0 24 24\" fill=\"none\" xmlns=\"http:\/\/www.w3.org\/2000\/svg\" class=\"m-icon m-icon-loadable\" name=\"Attention\" loading=\"false\" aria-hidden=\"true\"><path d=\"M12 22C6.477 22 2 17.522 2 12S6.477 2 12 2s10 4.478 10 10-4.477 10-10 10m-.002-13.004a.999.999 0 1 0 0-1.997.999.999 0 0 0 0 1.997M12 17a1 1 0 0 0 .993-.884L13 16l-.002-5.001-.007-.117a1 1 0 0 0-1.986 0l-.007.117L11 16l.007.117A1 1 0 0 0 12 17\" fill=\"currentColor\"><\/path><\/svg><\/div><\/button><\/div><\/div><div class=\"promotion-card\" style=\"background-image: url(https:\/\/theincaspin.org\/wp-content\/uploads\/2025\/12\/Highroller.webp);\"><h2 class=\"promotion-card__title\">Bonus Highroller<\/h2><label class=\"promotion-card__offer\">50% do 500 \u20ac<\/label><label class=\"promotion-card__description\"><\/label><div class=\"promotion-card__actions\"><button data-item=\"payments_link\" data-group=\"website_links\" class=\"goto btn btn-orange rounded-pill fw-bold px-4 m-button m-gradient-border m-button--primary m-button--large promotion-button promotion-card__action-btn\" aria-label=\"Zarejestruj si\u0119\"><div class=\"m-button-content\"><span class=\"promotion-button__content\">Zarejestruj si\u0119<\/span><\/div><\/button><button data-item=\"http:\/\/bonus_link\" data-group=\"website_links\" class=\"goto m-button m-gradient-border m-button--secondary m-button--medium promotion-card__info-btn\" aria-label=\"More information\"><div class=\"m-button-content\"><svg viewBox=\"0 0 24 24\" fill=\"none\" xmlns=\"http:\/\/www.w3.org\/2000\/svg\" class=\"m-icon m-icon-loadable\" name=\"Attention\" loading=\"false\" aria-hidden=\"true\"><path d=\"M12 22C6.477 22 2 17.522 2 12S6.477 2 12 2s10 4.478 10 10-4.477 10-10 10m-.002-13.004a.999.999 0 1 0 0-1.997.999.999 0 0 0 0 1.997M12 17a1 1 0 0 0 .993-.884L13 16l-.002-5.001-.007-.117a1 1 0 0 0-1.986 0l-.007.117L11 16l.007.117A1 1 0 0 0 12 17\" fill=\"currentColor\"><\/path><\/svg><\/div><\/button><\/div><\/div><div class=\"promotion-card\" style=\"background-image: url(https:\/\/theincaspin.org\/wp-content\/uploads\/2025\/12\/Cashback.webp);\"><h2 class=\"promotion-card__title\">Cotygodniowy Cashback<\/h2><label class=\"promotion-card__offer\">do 25%<\/label><label class=\"promotion-card__description\"><\/label><div class=\"promotion-card__actions\"><button data-item=\"payments_link\" data-group=\"website_links\" class=\"goto btn btn-orange rounded-pill fw-bold px-4 m-button m-gradient-border m-button--primary m-button--large promotion-button promotion-card__action-btn\" aria-label=\"Zarejestruj si\u0119\"><div class=\"m-button-content\"><span class=\"promotion-button__content\">Zarejestruj si\u0119<\/span><\/div><\/button><button data-item=\"http:\/\/bonus_link\" data-group=\"website_links\" class=\"goto m-button m-gradient-border m-button--secondary m-button--medium promotion-card__info-btn\" aria-label=\"More information\"><div class=\"m-button-content\"><svg viewBox=\"0 0 24 24\" fill=\"none\" xmlns=\"http:\/\/www.w3.org\/2000\/svg\" class=\"m-icon m-icon-loadable\" name=\"Attention\" loading=\"false\" aria-hidden=\"true\"><path d=\"M12 22C6.477 22 2 17.522 2 12S6.477 2 12 2s10 4.478 10 10-4.477 10-10 10m-.002-13.004a.999.999 0 1 0 0-1.997.999.999 0 0 0 0 1.997M12 17a1 1 0 0 0 .993-.884L13 16l-.002-5.001-.007-.117a1 1 0 0 0-1.986 0l-.007.117L11 16l.007.117A1 1 0 0 0 12 17\" fill=\"currentColor\"><\/path><\/svg><\/div><\/button><\/div><\/div><div class=\"promotion-card\" style=\"background-image: url(https:\/\/theincaspin.org\/wp-content\/uploads\/2025\/12\/Rakeback.webp);\"><h2 class=\"promotion-card__title\">Rakeback<\/h2><label class=\"promotion-card__offer\">do 17%<\/label><label class=\"promotion-card__description\"><\/label><div class=\"promotion-card__actions\"><button data-item=\"payments_link\" data-group=\"website_links\" class=\"goto btn btn-orange rounded-pill fw-bold px-4 m-button m-gradient-border m-button--primary m-button--large promotion-button promotion-card__action-btn\" aria-label=\"Zarejestruj si\u0119\"><div class=\"m-button-content\"><span class=\"promotion-button__content\">Zarejestruj si\u0119<\/span><\/div><\/button><button data-item=\"http:\/\/bonus_link\" data-group=\"website_links\" class=\"goto m-button m-gradient-border m-button--secondary m-button--medium promotion-card__info-btn\" aria-label=\"More information\"><div class=\"m-button-content\"><svg viewBox=\"0 0 24 24\" fill=\"none\" xmlns=\"http:\/\/www.w3.org\/2000\/svg\" class=\"m-icon m-icon-loadable\" name=\"Attention\" loading=\"false\" aria-hidden=\"true\"><path d=\"M12 22C6.477 22 2 17.522 2 12S6.477 2 12 2s10 4.478 10 10-4.477 10-10 10m-.002-13.004a.999.999 0 1 0 0-1.997.999.999 0 0 0 0 1.997M12 17a1 1 0 0 0 .993-.884L13 16l-.002-5.001-.007-.117a1 1 0 0 0-1.986 0l-.007.117L11 16l.007.117A1 1 0 0 0 12 17\" fill=\"currentColor\"><\/path><\/svg><\/div><\/button><\/div><\/div><div class=\"promotion-card\" style=\"background-image: url(https:\/\/theincaspin.org\/wp-content\/uploads\/2025\/12\/Sunday-reload.webp);\"><h2 class=\"promotion-card__title\">Niedzielny Reload<\/h2><label class=\"promotion-card__offer\">25% do 100 \u20ac<\/label><label class=\"promotion-card__description\"><\/label><div class=\"promotion-card__actions\"><button data-item=\"payments_link\" data-group=\"website_links\" class=\"goto btn btn-orange rounded-pill fw-bold px-4 m-button m-gradient-border m-button--primary m-button--large promotion-button promotion-card__action-btn\" aria-label=\"Zarejestruj si\u0119\"><div class=\"m-button-content\"><span class=\"promotion-button__content\">Zarejestruj si\u0119<\/span><\/div><\/button><button data-item=\"http:\/\/bonus_link\" data-group=\"website_links\" class=\"goto m-button m-gradient-border m-button--secondary m-button--medium promotion-card__info-btn\" aria-label=\"More information\"><div class=\"m-button-content\"><svg viewBox=\"0 0 24 24\" fill=\"none\" xmlns=\"http:\/\/www.w3.org\/2000\/svg\" class=\"m-icon m-icon-loadable\" name=\"Attention\" loading=\"false\" aria-hidden=\"true\"><path d=\"M12 22C6.477 22 2 17.522 2 12S6.477 2 12 2s10 4.478 10 10-4.477 10-10 10m-.002-13.004a.999.999 0 1 0 0-1.997.999.999 0 0 0 0 1.997M12 17a1 1 0 0 0 .993-.884L13 16l-.002-5.001-.007-.117a1 1 0 0 0-1.986 0l-.007.117L11 16l.007.117A1 1 0 0 0 12 17\" fill=\"currentColor\"><\/path><\/svg><\/div><\/button><\/div><\/div><\/div><div class=\"scrollable-content-wrap my-5\"><div class=\"scrollable-content-inner\"><h2>Promocje w Incaspin<\/h2>\n<p>Przy wyborze kasyna online wielu graczy zwraca uwag\u0119 na dost\u0119pne oferty promocyjne. Program bonusowy Incaspin oferuje r\u00f3\u017cnorodne promocje dostosowane do r\u00f3\u017cnych styl\u00f3w gry i bud\u017cet\u00f3w. Obecne oferty obejmuj\u0105:<\/p>\n<table>\n<tbody>\n<tr>\n<td>Promocja<\/td>\n<td>Szczeg\u00f3\u0142y<\/td>\n<\/tr>\n<tr>\n<td>Pakiet powitalny<\/td>\n<td>Do 1500 \u20ac i 250 darmowych spin\u00f3w przy pierwszych trzech wp\u0142atach<\/td>\n<\/tr>\n<tr>\n<td>Cotygodniowy zwrot got\u00f3wki<\/td>\n<td>Do 25% strat netto<\/td>\n<\/tr>\n<tr>\n<td>Niedzielny bonus do\u0142adowuj\u0105cy<\/td>\n<td>25% do 100 \u20ac<\/td>\n<\/tr>\n<tr>\n<td>Rakeback<\/td>\n<td>17% na zak\u0142ady w wybranych grach<\/td>\n<\/tr>\n<tr>\n<td>Bonus dla graczy o wysokich stawkach<\/td>\n<td>50% do 500 \u20ac<\/td>\n<\/tr>\n<tr>\n<td>Program VIP<\/td>\n<td>Wielopoziomowe nagrody, zwi\u0119kszone stawki cashbacku i dedykowane wsparcie<\/td>\n<\/tr>\n<\/tbody>\n<\/table>\n<h2>Konkursy i nagrody<\/h2>\n<p>Incaspin organizuje turnieje, w kt\u00f3rych uczestnicy rywalizuj\u0105 o pule nagr\u00f3d si\u0119gaj\u0105ce od kilku tysi\u0119cy do milion\u00f3w euro. Wydarzenia te zazwyczaj obejmuj\u0105 gry slotowe oraz tytu\u0142y z krupierem na \u017cywo, a rankingi graczy ustalane s\u0105 na podstawie wynik\u00f3w osi\u0105gni\u0119tych w wyznaczonych grach. Uczestnicy s\u0105 umieszczani na tablicy wynik\u00f3w zgodnie z zasadami i kryteriami punktacji danego turnieju.<\/p>\n<p>Daily Bronze Tournament:<\/p>\n<ul>\n<li>Pula nagr\u00f3d: 2500 \u20ac<\/li>\n<li>Szczeg\u00f3\u0142y: Graj w wybrane popularne automaty w Incaspin, zdobywaj punkty za wygrane i rywalizuj o codzienne nagrody pieni\u0119\u017cne wraz z najlepszymi graczami.<\/li>\n<\/ul>\n<p>Spinoleague:<\/p>\n<ul>\n<li>Pula nagr\u00f3d: 12 000 000 \u20ac<\/li>\n<li>Szczeg\u00f3\u0142y: Rywalizuj w Incaspin, korzystaj\u0105c z automat\u00f3w Pragmatic Play, takich jak Sweet Bonanza, Gates of Olympus i Big Bass Bonanza \u2014 ka\u017cdy obr\u00f3t ma wp\u0142yw na Tw\u00f3j wynik w turnieju.<\/li>\n<\/ul>\n<p>BGaming Drops Frenzy:<\/p>\n<ul>\n<li>Pula nagr\u00f3d: od 660 000 \u20ac<\/li>\n<li>Szczeg\u00f3\u0142y: Dynamiczna promocja, w ramach kt\u00f3rej podczas gry na okre\u015blonych automatach BGaming losowo przyznawane s\u0105 nagrody pieni\u0119\u017cne; pula nagr\u00f3d ro\u015bnie wraz z liczb\u0105 uczestnik\u00f3w.<\/li>\n<\/ul>\n<p>Live Tournament:<\/p>\n<ul>\n<li>Pula nagr\u00f3d: 10 000 \u20ac<\/li>\n<li>Szczeg\u00f3\u0142y: Cotygodniowe wydarzenie obejmuj\u0105ce gry z krupierem na \u017cywo rozgrywane w czasie rzeczywistym z nagrodami pieni\u0119\u017cnymi.<\/li>\n<\/ul>\n<h2>Szczeg\u00f3\u0142y bonusu powitalnego w kasynie<\/h2>\n<p>Incaspin Casino oferuje nowym graczom pakiet powitalny o warto\u015bci do 1 500 \u20ac oraz 250 darmowych spin\u00f3w. Bonus jest rozdzielany na pierwsze trzy wp\u0142aty. Przy pierwszej wp\u0142acie gracze otrzymuj\u0105 100% bonus do 500 \u20ac oraz 150 darmowych spin\u00f3w. Druga wp\u0142ata zapewnia 55% bonus do 500 \u20ac oraz 100 darmowych spin\u00f3w. Przy trzeciej wp\u0142acie przyznawany jest 100% bonus do 500 \u20ac.<\/p>\n<p>Minimalna wp\u0142ata potrzebna do aktywacji bonusu wynosi 20 \u20ac. Oferta powitalna jest wa\u017cna przez siedem dni od momentu aktywacji, a darmowe spiny przyznawane s\u0105 w zestawach po 50 dziennie. Do bonusu stosuje si\u0119 wym\u00f3g obrotu 35x. Pe\u0142ne warunki znajduj\u0105 si\u0119 na stronie promocji.<\/p>\n<h2>Warunki bonusu<\/h2>\n<p>Ka\u017cdy bonus w Incaspin podlega okre\u015blonym warunkom, kt\u00f3re mog\u0105 r\u00f3\u017cni\u0107 si\u0119 od zasad obowi\u0105zuj\u0105cych na innych platformach. Wi\u0119kszo\u015b\u0107 promocji jest wa\u017cna od 7 do 14 dni i wymaga obrotu 35x. Minimalna wp\u0142ata potrzebna do aktywacji wi\u0119kszo\u015bci bonus\u00f3w wynosi 20 \u20ac.<\/p>\n<p>W danym momencie mo\u017cna korzysta\u0107 tylko z jednego aktywnego bonusu od depozytu; istniej\u0105cy bonus musi zosta\u0107 zako\u0144czony lub anulowany przed przyznaniem nowego. Bonusy turniejowe i nagrody s\u0105 obs\u0142ugiwane oddzielnie i nie podlegaj\u0105 tej zasadzie.<\/p>\n<h2>FAQ<\/h2>\n<h3>Jak odebra\u0107 bonus powitalny w Incaspin Casino?<\/h3>\n<p>Aby otrzyma\u0107 bonus powitalny w Incaspin, wystarczy zako\u0144czy\u0107 proces rejestracji. Pakiet powitalny o warto\u015bci do 1 500 \u20ac oraz 250 darmowych spin\u00f3w zostanie automatycznie przyznany na Twoje konto \u2014 nie jest wymagany \u017caden kod promocyjny. Upewnij si\u0119, \u017ce ka\u017cda wp\u0142ata wynosi co najmniej 20 \u20ac, aby aktywowa\u0107 bonus.<\/p>\n<h3>Czy istnieje limit czasowy na wykorzystanie bonus\u00f3w w Incaspin Casino?<\/h3>\n<p>Tak, bonusy w Incaspin maj\u0105 okre\u015blony czas wa\u017cno\u015bci. Wi\u0119kszo\u015b\u0107 promocji wygasa w ci\u0105gu 7 do 14 dni od momentu aktywacji. Dok\u0142adny okres wa\u017cno\u015bci i warunki ka\u017cdej oferty znajduj\u0105 si\u0119 w regulaminie danej promocji. Wa\u017cne jest, aby wykorzysta\u0107 bonus w tym czasie, aby go nie straci\u0107.<\/p>\n<\/div><\/div><\/p>\n","protected":false},"excerpt":{"rendered":"<p>Programy bonusowe w Incaspin The Incaspin Bonus program obejmuje pakiet powitalny o warto\u015bci do 1 500 \u20ac oraz 250 darmowych spin\u00f3w, roz\u0142o\u017cony na pierwsze trzy depozyty dla nowych u\u017cytkownik\u00f3w. Dodatkowe promocje mog\u0105 obejmowa\u0107 cashback, rakeback, turnieje oraz inne bie\u017c\u0105ce oferty. Szczeg\u00f3\u0142owe informacje i warunki dost\u0119pne s\u0105 w sekcji promocji na platformie.<\/p>\n","protected":false},"author":1,"featured_media":0,"parent":0,"menu_order":0,"comment_status":"closed","ping_status":"closed","template":"template-builder.php","meta":{"_acf_changed":false,"inline_featured_image":false,"footnotes":""},"class_list":["post-1460","page","type-page","status-publish","hentry"],"acf":[],"yoast_head":"<!-- This site is optimized with the Yoast SEO plugin v27.3 - https:\/\/yoast.com\/product\/yoast-seo-wordpress\/ -->\n<title>Incaspin kasyna Bonusy i oferty specjalne<\/title>\n<meta name=\"description\" content=\"Odkryj ekskluzywne bonusy w kasynie Incaspin, w tym hojne oferty powitalne, nagrody za wp\u0142aty, bie\u017c\u0105ce promocje i ekscytuj\u0105ce turnieje. \u0141atwy dost\u0119p do wszystkich warunk\u00f3w bonus\u00f3w i instrukcji dotycz\u0105cych ich odbierania w jednym wygodnym miejscu.\" \/>\n<meta name=\"robots\" content=\"index, follow, max-snippet:-1, max-image-preview:large, max-video-preview:-1\" \/>\n<link rel=\"canonical\" href=\"https:\/\/theincaspin.org\/pl\/bonus\/\" \/>\n<meta property=\"og:locale\" content=\"pl_PL\" \/>\n<meta property=\"og:type\" content=\"article\" \/>\n<meta property=\"og:title\" content=\"Incaspin kasyna Bonusy i oferty specjalne\" \/>\n<meta property=\"og:description\" content=\"Odkryj ekskluzywne bonusy w kasynie Incaspin, w tym hojne oferty powitalne, nagrody za wp\u0142aty, bie\u017c\u0105ce promocje i ekscytuj\u0105ce turnieje. \u0141atwy dost\u0119p do wszystkich warunk\u00f3w bonus\u00f3w i instrukcji dotycz\u0105cych ich odbierania w jednym wygodnym miejscu.\" \/>\n<meta property=\"og:url\" content=\"https:\/\/theincaspin.org\/pl\/bonus\/\" \/>\n<meta property=\"og:site_name\" content=\"incaspin\" \/>\n<meta property=\"article:modified_time\" content=\"2025-12-04T13:30:20+00:00\" \/>\n<meta name=\"twitter:card\" content=\"summary_large_image\" \/>\n<meta name=\"twitter:label1\" content=\"Est. reading time\" \/>\n\t<meta name=\"twitter:data1\" content=\"1 minute\" \/>\n<script type=\"application\/ld+json\" class=\"yoast-schema-graph\">{\"@context\":\"https:\\\/\\\/schema.org\",\"@graph\":[{\"@type\":\"WebPage\",\"@id\":\"https:\\\/\\\/theincaspin.org\\\/pl\\\/bonus\\\/\",\"url\":\"https:\\\/\\\/theincaspin.org\\\/pl\\\/bonus\\\/\",\"name\":\"Incaspin kasyna Bonusy i oferty specjalne\",\"isPartOf\":{\"@id\":\"https:\\\/\\\/theincaspin.org\\\/pl\\\/#website\"},\"datePublished\":\"2025-12-04T09:40:04+00:00\",\"dateModified\":\"2025-12-04T13:30:20+00:00\",\"description\":\"Odkryj ekskluzywne bonusy w kasynie Incaspin, w tym hojne oferty powitalne, nagrody za wp\u0142aty, bie\u017c\u0105ce promocje i ekscytuj\u0105ce turnieje. \u0141atwy dost\u0119p do wszystkich warunk\u00f3w bonus\u00f3w i instrukcji dotycz\u0105cych ich odbierania w jednym wygodnym miejscu.\",\"breadcrumb\":{\"@id\":\"https:\\\/\\\/theincaspin.org\\\/pl\\\/bonus\\\/#breadcrumb\"},\"inLanguage\":\"pl-PL\",\"potentialAction\":[{\"@type\":\"ReadAction\",\"target\":[\"https:\\\/\\\/theincaspin.org\\\/pl\\\/bonus\\\/\"]}]},{\"@type\":\"BreadcrumbList\",\"@id\":\"https:\\\/\\\/theincaspin.org\\\/pl\\\/bonus\\\/#breadcrumb\",\"itemListElement\":[{\"@type\":\"ListItem\",\"position\":1,\"name\":\"Incaspin\",\"item\":\"https:\\\/\\\/theincaspin.org\\\/pl\\\/\"},{\"@type\":\"ListItem\",\"position\":2,\"name\":\"Bonus\"}]},{\"@type\":\"WebSite\",\"@id\":\"https:\\\/\\\/theincaspin.org\\\/pl\\\/#website\",\"url\":\"https:\\\/\\\/theincaspin.org\\\/pl\\\/\",\"name\":\"Incaspin\",\"description\":\"\",\"publisher\":{\"@id\":\"https:\\\/\\\/theincaspin.org\\\/pl\\\/#organization\"},\"potentialAction\":[{\"@type\":\"SearchAction\",\"target\":{\"@type\":\"EntryPoint\",\"urlTemplate\":\"https:\\\/\\\/theincaspin.org\\\/pl\\\/?s={search_term_string}\"},\"query-input\":{\"@type\":\"PropertyValueSpecification\",\"valueRequired\":true,\"valueName\":\"search_term_string\"}}],\"inLanguage\":\"pl-PL\"},{\"@type\":\"Organization\",\"@id\":\"https:\\\/\\\/theincaspin.org\\\/pl\\\/#organization\",\"name\":\"Incaspin\",\"url\":\"https:\\\/\\\/theincaspin.org\\\/pl\\\/\",\"logo\":{\"@type\":\"ImageObject\",\"inLanguage\":\"pl-PL\",\"@id\":\"https:\\\/\\\/theincaspin.org\\\/pl\\\/#\\\/schema\\\/logo\\\/image\\\/\",\"url\":\"https:\\\/\\\/theincaspin.org\\\/wp-content\\\/uploads\\\/2025\\\/12\\\/Casino-logo-Desktop.svg\",\"contentUrl\":\"https:\\\/\\\/theincaspin.org\\\/wp-content\\\/uploads\\\/2025\\\/12\\\/Casino-logo-Desktop.svg\",\"width\":63,\"height\":24,\"caption\":\"Incaspin\"},\"image\":{\"@id\":\"https:\\\/\\\/theincaspin.org\\\/pl\\\/#\\\/schema\\\/logo\\\/image\\\/\"}}]}<\/script>\n<!-- \/ Yoast SEO plugin. -->","yoast_head_json":{"title":"Incaspin kasyna Bonusy i oferty specjalne","description":"Odkryj ekskluzywne bonusy w kasynie Incaspin, w tym hojne oferty powitalne, nagrody za wp\u0142aty, bie\u017c\u0105ce promocje i ekscytuj\u0105ce turnieje. \u0141atwy dost\u0119p do wszystkich warunk\u00f3w bonus\u00f3w i instrukcji dotycz\u0105cych ich odbierania w jednym wygodnym miejscu.","robots":{"index":"index","follow":"follow","max-snippet":"max-snippet:-1","max-image-preview":"max-image-preview:large","max-video-preview":"max-video-preview:-1"},"canonical":"https:\/\/theincaspin.org\/pl\/bonus\/","og_locale":"pl_PL","og_type":"article","og_title":"Incaspin kasyna Bonusy i oferty specjalne","og_description":"Odkryj ekskluzywne bonusy w kasynie Incaspin, w tym hojne oferty powitalne, nagrody za wp\u0142aty, bie\u017c\u0105ce promocje i ekscytuj\u0105ce turnieje. \u0141atwy dost\u0119p do wszystkich warunk\u00f3w bonus\u00f3w i instrukcji dotycz\u0105cych ich odbierania w jednym wygodnym miejscu.","og_url":"https:\/\/theincaspin.org\/pl\/bonus\/","og_site_name":"incaspin","article_modified_time":"2025-12-04T13:30:20+00:00","twitter_card":"summary_large_image","twitter_misc":{"Est. reading time":"1 minute"},"schema":{"@context":"https:\/\/schema.org","@graph":[{"@type":"WebPage","@id":"https:\/\/theincaspin.org\/pl\/bonus\/","url":"https:\/\/theincaspin.org\/pl\/bonus\/","name":"Incaspin kasyna Bonusy i oferty specjalne","isPartOf":{"@id":"https:\/\/theincaspin.org\/pl\/#website"},"datePublished":"2025-12-04T09:40:04+00:00","dateModified":"2025-12-04T13:30:20+00:00","description":"Odkryj ekskluzywne bonusy w kasynie Incaspin, w tym hojne oferty powitalne, nagrody za wp\u0142aty, bie\u017c\u0105ce promocje i ekscytuj\u0105ce turnieje. \u0141atwy dost\u0119p do wszystkich warunk\u00f3w bonus\u00f3w i instrukcji dotycz\u0105cych ich odbierania w jednym wygodnym miejscu.","breadcrumb":{"@id":"https:\/\/theincaspin.org\/pl\/bonus\/#breadcrumb"},"inLanguage":"pl-PL","potentialAction":[{"@type":"ReadAction","target":["https:\/\/theincaspin.org\/pl\/bonus\/"]}]},{"@type":"BreadcrumbList","@id":"https:\/\/theincaspin.org\/pl\/bonus\/#breadcrumb","itemListElement":[{"@type":"ListItem","position":1,"name":"Incaspin","item":"https:\/\/theincaspin.org\/pl\/"},{"@type":"ListItem","position":2,"name":"Bonus"}]},{"@type":"WebSite","@id":"https:\/\/theincaspin.org\/pl\/#website","url":"https:\/\/theincaspin.org\/pl\/","name":"Incaspin","description":"","publisher":{"@id":"https:\/\/theincaspin.org\/pl\/#organization"},"potentialAction":[{"@type":"SearchAction","target":{"@type":"EntryPoint","urlTemplate":"https:\/\/theincaspin.org\/pl\/?s={search_term_string}"},"query-input":{"@type":"PropertyValueSpecification","valueRequired":true,"valueName":"search_term_string"}}],"inLanguage":"pl-PL"},{"@type":"Organization","@id":"https:\/\/theincaspin.org\/pl\/#organization","name":"Incaspin","url":"https:\/\/theincaspin.org\/pl\/","logo":{"@type":"ImageObject","inLanguage":"pl-PL","@id":"https:\/\/theincaspin.org\/pl\/#\/schema\/logo\/image\/","url":"https:\/\/theincaspin.org\/wp-content\/uploads\/2025\/12\/Casino-logo-Desktop.svg","contentUrl":"https:\/\/theincaspin.org\/wp-content\/uploads\/2025\/12\/Casino-logo-Desktop.svg","width":63,"height":24,"caption":"Incaspin"},"image":{"@id":"https:\/\/theincaspin.org\/pl\/#\/schema\/logo\/image\/"}}]}},"_links":{"self":[{"href":"https:\/\/theincaspin.org\/pl\/wp-json\/wp\/v2\/pages\/1460","targetHints":{"allow":["GET"]}}],"collection":[{"href":"https:\/\/theincaspin.org\/pl\/wp-json\/wp\/v2\/pages"}],"about":[{"href":"https:\/\/theincaspin.org\/pl\/wp-json\/wp\/v2\/types\/page"}],"author":[{"embeddable":true,"href":"https:\/\/theincaspin.org\/pl\/wp-json\/wp\/v2\/users\/1"}],"replies":[{"embeddable":true,"href":"https:\/\/theincaspin.org\/pl\/wp-json\/wp\/v2\/comments?post=1460"}],"version-history":[{"count":2,"href":"https:\/\/theincaspin.org\/pl\/wp-json\/wp\/v2\/pages\/1460\/revisions"}],"predecessor-version":[{"id":1812,"href":"https:\/\/theincaspin.org\/pl\/wp-json\/wp\/v2\/pages\/1460\/revisions\/1812"}],"wp:attachment":[{"href":"https:\/\/theincaspin.org\/pl\/wp-json\/wp\/v2\/media?parent=1460"}],"curies":[{"name":"wp","href":"https:\/\/api.w.org\/{rel}","templated":true}]}}