{"id":1448,"date":"2025-12-04T09:27:49","date_gmt":"2025-12-04T09:27:49","guid":{"rendered":"https:\/\/theincaspin.org\/app\/"},"modified":"2025-12-04T13:24:57","modified_gmt":"2025-12-04T13:24:57","slug":"aplikacja","status":"publish","type":"page","link":"https:\/\/theincaspin.org\/pl\/aplikacja\/","title":{"rendered":"Aplikacja"},"content":{"rendered":"<h1>Incaspin na urz\u0105dzeniach mobilnych<\/h1>\n<p>Incaspin app na Androida i iOS umo\u017cliwia dost\u0119p do pe\u0142nego katalogu gier oraz funkcji konta na urz\u0105dzeniach mobilnych. Dzia\u0142a p\u0142ynnie na nowoczesnych smartfonach i tabletach, dopasowuj\u0105c si\u0119 do r\u00f3\u017cnych rozmiar\u00f3w ekran\u00f3w. Wersja mobilna oferuje t\u0119 sam\u0105 funkcjonalno\u015b\u0107 co strona desktopowa. Jako aplikacja progresywna (PWA) nie wymaga instalowania \u017cadnych plik\u00f3w od zewn\u0119trznych dostawc\u00f3w.<\/p>\n<div class=\"banner-wrap\" aria-label=\"Banner\"><img src=\"https:\/\/theincaspin.org\/wp-content\/uploads\/2025\/12\/Incaspin-general-background-800\u2564\u0415342.webp\" class=\"w-100 d-none d-lg-block img-pc main-banner-img\" alt=\"Incaspin desktop banner\" fetchpriority=\"high\" decoding=\"async\"><img src=\"https:\/\/theincaspin.org\/wp-content\/uploads\/2025\/12\/Incaspin-mobile-banner.webp\" class=\"w-100 d-none d-md-block d-lg-none main-banner-img\" alt=\"Incaspin mobile banner\" fetchpriority=\"high\" decoding=\"async\"><img src=\"https:\/\/theincaspin.org\/wp-content\/uploads\/2025\/12\/Incaspin-mobile-banner.webp\" class=\"w-100 d-md-none\" alt=\"Incaspin mobile banner\" fetchpriority=\"high\" decoding=\"async\"><div class=\"banner-description\">\n<div class=\"banner-title\">Bonusy powitalne<\/div>\n<p class=\"banner-header-title\">1500 \u20ac<\/p>\n<div class=\"banner-header-AdditionalText\">+ 250 Darmowe spiny<\/div>\n<button data-item=\"homepage_banner_link\" class=\"goto m-button m-gradient-border m-button--primary m-button--large banner-button btn-orange\">\n            <div class=\"m-button-content\">\n                <span>Zarejestruj si\u0119 teraz<\/span>\n                <span><\/span>\n            <\/div>\n        <\/button>\n<\/div>\n<div class=\"WelcomePack\">\n<p><img loading=\"lazy\" decoding=\"async\" class=\"alignnone size-full wp-image-1337\" src=\"https:\/\/theincaspin.org\/wp-content\/uploads\/2025\/12\/welcome-crown.svg\" alt=\"crown\" width=\"25\" height=\"26\" \/><\/p>\n<div class=\"WelcomePack-Info\">Cotygodniowy zwrot got\u00f3wki do 25%<\/div>\n<p><img loading=\"lazy\" decoding=\"async\" class=\"alignnone size-full wp-image-1337\" src=\"https:\/\/theincaspin.org\/wp-content\/uploads\/2025\/12\/welcome-crown.svg\" alt=\"crown\" width=\"25\" height=\"26\" \/><\/p>\n<\/div>\n<\/div>\n<h2>Incaspin Casino na urz\u0105dzeniach mobilnych<\/h2>\n<p>Podobnie jak wi\u0119kszo\u015b\u0107 nowoczesnych platform online, Incaspin Casino oferuje wersj\u0119 mobiln\u0105 zgodn\u0105 zar\u00f3wno z urz\u0105dzeniami z systemem Android, jak i iOS. Interfejs jest zoptymalizowany pod k\u0105tem mniejszych ekran\u00f3w i zaprojektowany tak, aby zapewni\u0107 \u0142atw\u0105 i intuicyjn\u0105 nawigacj\u0119.<\/p>\n<p>Platforma mobilna zapewnia dost\u0119p do pe\u0142nej biblioteki gier, obejmuj\u0105cej tysi\u0105ce tytu\u0142\u00f3w, a tak\u017ce do opcji p\u0142atno\u015bci, program\u00f3w bonusowych i obs\u0142ugi klienta. Wszystkie transmisje danych s\u0105 zabezpieczone szyfrowaniem SSL.<\/p>\n<p>Kluczowe funkcje mobilnego do\u015bwiadczenia w Incaspin odzwierciedlaj\u0105 te dost\u0119pne w wersji desktopowej, co zapewnia p\u0142ynne przej\u015bcie mi\u0119dzy urz\u0105dzeniami.<\/p>\n<table>\n<tbody>\n<tr>\n<td>Funkcja<\/td>\n<td>Oprogramowanie mobilne<\/td>\n<td>Wersja na komputery PC<\/td>\n<\/tr>\n<tr>\n<td>Dost\u0119pno\u015b\u0107<\/td>\n<td>Mo\u017cesz cieszy\u0107 si\u0119 grami Incaspin w dowolnym miejscu i czasie, bezpo\u015brednio na swoim smartfonie lub tablecie.<\/td>\n<td>Wymaga komputera stacjonarnego lub laptopa.<\/td>\n<\/tr>\n<tr>\n<td>Notifications<\/td>\n<td>U\u017cytkownicy otrzymuj\u0105 powiadomienia push dotycz\u0105ce bonus\u00f3w, turniej\u00f3w i darmowych spin\u00f3w w serwisie Incaspin.<\/td>\n<td>Nie ma powiadomie\u0144 w czasie rzeczywistym, chyba \u017ce si\u0119 zalogujesz.<\/td>\n<\/tr>\n<tr>\n<td>Bezpiecze\u0144stwo<\/td>\n<td>W celu zwi\u0119kszenia bezpiecze\u0144stwa mo\u017cesz korzysta\u0107 z logowania biometrycznego (Face ID lub odcisk palca) w aplikacji Incaspin.<\/td>\n<td>Wymaga jedynie logowania za pomoc\u0105 has\u0142a.<\/td>\n<\/tr>\n<tr>\n<td>Dost\u0119p offline<\/td>\n<td>Niekt\u00f3re gry i funkcje konta w serwisie Incaspin mog\u0105 dzia\u0142a\u0107 nawet bez pe\u0142nego po\u0142\u0105czenia z Internetem.<\/td>\n<td>Ta wersja wymaga sta\u0142ego po\u0142\u0105czenia internetowego.<\/td>\n<\/tr>\n<\/tbody>\n<\/table>\n<p><div style=\"clear: both\"><\/div><div class=\"d-flex justify-content-center\"><button data-item=\"decouvrez_link\" data-group=\"website_links\" class=\"goto fw-bold rounded-pill btn btn-orange\" aria-label=\"Pobierz aplikacj\u0119 Incaspin\" >Pobierz aplikacj\u0119 Incaspin<\/button><\/div><div class=\"scrollable-content-wrap my-5\"><div class=\"scrollable-content-inner\"><h2>Aplikacja Incaspin na urz\u0105dzenia z Androidem<\/h2>\n<p>Mobilna wersja Incaspin umo\u017cliwia dost\u0119p do platformy z r\u00f3\u017cnych miejsc i urz\u0105dze\u0144. Dla u\u017cytkownik\u00f3w Androida dost\u0119pna jest progresywna aplikacja webowa (PWA), dzia\u0142aj\u0105ca na nowoczesnych smartfonach i tabletach bez potrzeby instalowania zewn\u0119trznych plik\u00f3w APK z niezweryfikowanych \u017ar\u00f3de\u0142.<\/p>\n<p>Interfejs mobilny odzwierciedla struktur\u0119 i funkcje strony desktopowej, zoptymalizowane pod k\u0105tem obs\u0142ugi dotykowej i mniejszych ekran\u00f3w. Aby doda\u0107 ikon\u0119 aplikacji Incaspin na urz\u0105dzeniu z Androidem, wykonaj nast\u0119puj\u0105ce kroki:<\/p>\n<ol>\n<li>Odwied\u017a oficjaln\u0105 stron\u0119 internetow\u0105.<\/li>\n<li>Przewi\u0144 do stopki i wybierz opcj\u0119 \u201eCasino App\u201d.<\/li>\n<li>Potwierd\u017a monit instalacyjny.<\/li>\n<\/ol>\n<p>Ikona Incaspin pojawi si\u0119 na ekranie g\u0142\u00f3wnym Twojego urz\u0105dzenia.<\/p>\n<p>Dla u\u017cytkownik\u00f3w, kt\u00f3rzy wol\u0105 nie instalowa\u0107 aplikacji, platform\u0119 mo\u017cna r\u00f3wnie\u017c otworzy\u0107 w dowolnej przegl\u0105darce mobilnej. Wiele przegl\u0105darek umo\u017cliwia tak\u017ce dodanie skr\u00f3tu na ekran g\u0142\u00f3wny w celu szybszego dost\u0119pu.<\/p>\n<p><img loading=\"lazy\" decoding=\"async\" src=\"https:\/\/theincaspin.org\/wp-content\/uploads\/2025\/12\/Incaspin-Android.webp\" alt=\"Incaspin Android\" width=\"1248\" height=\"536\" \/><\/p>\n<\/div><\/div><div style=\"clear: both\"><\/div><div class=\"d-flex justify-content-center\"><button data-item=\"decouvrez_link\" data-group=\"website_links\" class=\"goto fw-bold rounded-pill btn btn-orange\" aria-label=\"Pobierz Incaspin\" >Pobierz Incaspin<\/button><\/div><div class=\"scrollable-content-wrap my-5\"><div class=\"scrollable-content-inner\"><h2>Aplikacja Incaspin na urz\u0105dzenia iOS<\/h2>\n<p>Mobilna platforma Incaspin jest w pe\u0142ni kompatybilna z systemem iOS i dzia\u0142a na wszystkich aktualnych modelach iPhone\u2019\u00f3w i iPad\u00f3w. Interfejs dostosowuje si\u0119 do r\u00f3\u017cnych rozmiar\u00f3w ekran\u00f3w i obs\u0142uguje te same podstawowe funkcje co wersja desktopowa, w tym dost\u0119p do automat\u00f3w, gier sto\u0142owych oraz gier z krupierem na \u017cywo. Instalacja na iOS przebiega w spos\u00f3b podobny do urz\u0105dze\u0144 z Androidem.<\/p>\n<p>Do Incaspin mo\u017cna r\u00f3wnie\u017c uzyska\u0107 dost\u0119p za pomoc\u0105 dowolnej przegl\u0105darki mobilnej. Wersja przegl\u0105darkowa zachowuje struktur\u0119 i funkcje strony desktopowej i jest zoptymalizowana pod k\u0105tem obs\u0142ugi dotykowej. U\u017cytkownicy, kt\u00f3rzy chc\u0105 szybkiego dost\u0119pu, mog\u0105 doda\u0107 skr\u00f3t na ekran g\u0142\u00f3wny, wykonuj\u0105c nast\u0119puj\u0105ce kroki:<\/p>\n<ol>\n<li>Otw\u00f3rz aplikacj\u0119 Skr\u00f3ty na swoim urz\u0105dzeniu.<\/li>\n<li>Stuknij ikon\u0119 +, aby utworzy\u0107 nowy skr\u00f3t.<\/li>\n<li>Wybierz \u201eDodaj akcj\u0119\u201d i wpisz adres strony Incaspin.<\/li>\n<li>Stuknij strza\u0142k\u0119 w d\u00f3\u0142 obok nazwy skr\u00f3tu i wybierz \u201eDodaj do ekranu g\u0142\u00f3wnego\u201d.<\/li>\n<li>Opcjonalnie zmie\u0144 nazw\u0119 skr\u00f3tu, a nast\u0119pnie stuknij \u201eDodaj\u201d, aby potwierdzi\u0107.<\/li>\n<\/ol>\n<p><img loading=\"lazy\" decoding=\"async\" src=\"https:\/\/theincaspin.org\/wp-content\/uploads\/2025\/12\/Incaspin-iOS.webp\" alt=\"Incaspin iOS\" width=\"1248\" height=\"536\" \/><\/p>\n<\/div><\/div><div style=\"clear: both\"><\/div><div class=\"d-flex justify-content-center\"><button data-item=\"decouvrez_link\" data-group=\"website_links\" class=\"goto fw-bold rounded-pill btn btn-orange\" aria-label=\"Pobierz aplikacj\u0119 Incaspin\" >Pobierz aplikacj\u0119 Incaspin<\/button><\/div><div class=\"scrollable-content-wrap my-5\"><div class=\"scrollable-content-inner\"><h2>Dost\u0119p do Incaspin na urz\u0105dzeniach z Windows i macOS<\/h2>\n<p>Kasyno Incaspin jest r\u00f3wnie\u017c dost\u0119pne dla u\u017cytkownik\u00f3w komputer\u00f3w stacjonarnych, kt\u00f3rzy wol\u0105 gra\u0107 na komputerze. Platform\u0119 mo\u017cna uruchomi\u0107 w dowolnej nowoczesnej przegl\u0105darce internetowej, wpisuj\u0105c adres strony.<\/p>\n<p>Aby uzyska\u0107 szybszy dost\u0119p, mo\u017cesz doda\u0107 skr\u00f3t na pulpit lub ekran g\u0142\u00f3wny, korzystaj\u0105c z opcji \u201eDodaj do ekranu g\u0142\u00f3wnego\u201d w przegl\u0105darce. W razie potrzeby wsparcie klienta jest dost\u0119pne 24\/7 za po\u015brednictwem czatu na \u017cywo lub poczty elektronicznej.<\/p>\n<p><img loading=\"lazy\" decoding=\"async\" src=\"https:\/\/theincaspin.org\/wp-content\/uploads\/2025\/12\/Incaspin-Desktop.webp\" alt=\"Incaspin Desktop\" width=\"1248\" height=\"536\" \/><\/p>\n<\/div><\/div><div style=\"clear: both\"><\/div><div class=\"d-flex justify-content-center\"><button data-item=\"decouvrez_link\" data-group=\"website_links\" class=\"goto fw-bold rounded-pill btn btn-orange\" aria-label=\"Pobierz Incaspin\" >Pobierz Incaspin<\/button><\/div><div class=\"scrollable-content-wrap my-5\"><div class=\"scrollable-content-inner\"><h2>FAQ<\/h2>\n<h3>Czy w aplikacji kasyna Incaspin dzia\u0142a obs\u0142uga klienta?<\/h3>\n<p>Mobilna wersja Incaspin zawiera te same funkcje co platforma desktopowa, w tym obs\u0142ug\u0119 klienta przez czat na \u017cywo. Pomoc jest r\u00f3wnie\u017c dost\u0119pna e-mailem z dowolnego urz\u0105dzenia, a wsparcie dzia\u0142a 24\/7.<\/p>\n<h3>Czy musz\u0119 mie\u0107 konto, aby korzysta\u0107 z aplikacji Incaspin?<\/h3>\n<p>Do korzystania z aplikacji Incaspin wymagane jest konto, aby uzyska\u0107 dost\u0119p do gier, opcji p\u0142atno\u015bci oraz wsparcia klienta. Rejestracja zajmuje tylko kilka minut i wymaga podania podstawowych danych u\u017cytkownika. Po zako\u0144czeniu rejestracji wszystkie funkcje platformy staj\u0105 si\u0119 dost\u0119pne w aplikacji.<\/p>\n<h3>Czy mog\u0119 dokonywa\u0107 wp\u0142at i wyp\u0142at bezpo\u015brednio w aplikacji?<\/h3>\n<p>Wp\u0142aty i wyp\u0142aty mo\u017cna wykonywa\u0107 bezpo\u015brednio przez aplikacj\u0119 Incaspin, korzystaj\u0105c z tych samych metod p\u0142atno\u015bci co na stronie desktopowej. Przed realizacj\u0105 pierwszej wyp\u0142aty mo\u017ce by\u0107 wymagana weryfikacja to\u017csamo\u015bci, a wszystkie transakcje podlegaj\u0105 standardowym zasadom platformy.<\/p>\n<\/div><\/div><\/p>\n","protected":false},"excerpt":{"rendered":"<p>Incaspin na urz\u0105dzeniach mobilnych Incaspin app na Androida i iOS umo\u017cliwia dost\u0119p do pe\u0142nego katalogu gier oraz funkcji konta na urz\u0105dzeniach mobilnych. Dzia\u0142a p\u0142ynnie na nowoczesnych smartfonach i tabletach, dopasowuj\u0105c si\u0119 do r\u00f3\u017cnych rozmiar\u00f3w ekran\u00f3w. Wersja mobilna oferuje t\u0119 sam\u0105 funkcjonalno\u015b\u0107 co strona desktopowa. Jako aplikacja progresywna (PWA) nie wymaga instalowania \u017cadnych plik\u00f3w od zewn\u0119trznych [&hellip;]<\/p>\n","protected":false},"author":1,"featured_media":0,"parent":0,"menu_order":0,"comment_status":"closed","ping_status":"closed","template":"template-builder.php","meta":{"_acf_changed":false,"inline_featured_image":false,"footnotes":""},"class_list":["post-1448","page","type-page","status-publish","hentry"],"acf":[],"yoast_head":"<!-- This site is optimized with the Yoast SEO plugin v27.3 - https:\/\/yoast.com\/product\/yoast-seo-wordpress\/ -->\n<title>Incaspin app Pobieranie | iOS i Android<\/title>\n<meta name=\"description\" content=\"Aplikacja Incaspin zapewnia p\u0142ynn\u0105 rozgrywk\u0119 na platformach Android, iOS, Windows i macOS, wraz z synchronizacj\u0105 kont, regularnymi aktualizacjami i wbudowan\u0105 pomoc\u0105 techniczn\u0105 dla u\u017cytkownik\u00f3w, co zapewnia \u0142atwo\u015b\u0107 obs\u0142ugi.\" \/>\n<meta name=\"robots\" content=\"index, follow, max-snippet:-1, max-image-preview:large, max-video-preview:-1\" \/>\n<link rel=\"canonical\" href=\"https:\/\/theincaspin.org\/pl\/aplikacja\/\" \/>\n<meta property=\"og:locale\" content=\"pl_PL\" \/>\n<meta property=\"og:type\" content=\"article\" \/>\n<meta property=\"og:title\" content=\"Incaspin app Pobieranie | iOS i Android\" \/>\n<meta property=\"og:description\" content=\"Aplikacja Incaspin zapewnia p\u0142ynn\u0105 rozgrywk\u0119 na platformach Android, iOS, Windows i macOS, wraz z synchronizacj\u0105 kont, regularnymi aktualizacjami i wbudowan\u0105 pomoc\u0105 techniczn\u0105 dla u\u017cytkownik\u00f3w, co zapewnia \u0142atwo\u015b\u0107 obs\u0142ugi.\" \/>\n<meta property=\"og:url\" content=\"https:\/\/theincaspin.org\/pl\/aplikacja\/\" \/>\n<meta property=\"og:site_name\" content=\"incaspin\" \/>\n<meta property=\"article:modified_time\" content=\"2025-12-04T13:24:57+00:00\" \/>\n<meta name=\"twitter:card\" content=\"summary_large_image\" \/>\n<meta name=\"twitter:label1\" content=\"Est. reading time\" \/>\n\t<meta name=\"twitter:data1\" content=\"2 minutes\" \/>\n<script type=\"application\/ld+json\" class=\"yoast-schema-graph\">{\"@context\":\"https:\\\/\\\/schema.org\",\"@graph\":[{\"@type\":\"WebPage\",\"@id\":\"https:\\\/\\\/theincaspin.org\\\/pl\\\/aplikacja\\\/\",\"url\":\"https:\\\/\\\/theincaspin.org\\\/pl\\\/aplikacja\\\/\",\"name\":\"Incaspin app Pobieranie | iOS i Android\",\"isPartOf\":{\"@id\":\"https:\\\/\\\/theincaspin.org\\\/pl\\\/#website\"},\"datePublished\":\"2025-12-04T09:27:49+00:00\",\"dateModified\":\"2025-12-04T13:24:57+00:00\",\"description\":\"Aplikacja Incaspin zapewnia p\u0142ynn\u0105 rozgrywk\u0119 na platformach Android, iOS, Windows i macOS, wraz z synchronizacj\u0105 kont, regularnymi aktualizacjami i wbudowan\u0105 pomoc\u0105 techniczn\u0105 dla u\u017cytkownik\u00f3w, co zapewnia \u0142atwo\u015b\u0107 obs\u0142ugi.\",\"breadcrumb\":{\"@id\":\"https:\\\/\\\/theincaspin.org\\\/pl\\\/aplikacja\\\/#breadcrumb\"},\"inLanguage\":\"pl-PL\",\"potentialAction\":[{\"@type\":\"ReadAction\",\"target\":[\"https:\\\/\\\/theincaspin.org\\\/pl\\\/aplikacja\\\/\"]}]},{\"@type\":\"BreadcrumbList\",\"@id\":\"https:\\\/\\\/theincaspin.org\\\/pl\\\/aplikacja\\\/#breadcrumb\",\"itemListElement\":[{\"@type\":\"ListItem\",\"position\":1,\"name\":\"Incaspin\",\"item\":\"https:\\\/\\\/theincaspin.org\\\/pl\\\/\"},{\"@type\":\"ListItem\",\"position\":2,\"name\":\"Aplikacja\"}]},{\"@type\":\"WebSite\",\"@id\":\"https:\\\/\\\/theincaspin.org\\\/pl\\\/#website\",\"url\":\"https:\\\/\\\/theincaspin.org\\\/pl\\\/\",\"name\":\"Incaspin\",\"description\":\"\",\"publisher\":{\"@id\":\"https:\\\/\\\/theincaspin.org\\\/pl\\\/#organization\"},\"potentialAction\":[{\"@type\":\"SearchAction\",\"target\":{\"@type\":\"EntryPoint\",\"urlTemplate\":\"https:\\\/\\\/theincaspin.org\\\/pl\\\/?s={search_term_string}\"},\"query-input\":{\"@type\":\"PropertyValueSpecification\",\"valueRequired\":true,\"valueName\":\"search_term_string\"}}],\"inLanguage\":\"pl-PL\"},{\"@type\":\"Organization\",\"@id\":\"https:\\\/\\\/theincaspin.org\\\/pl\\\/#organization\",\"name\":\"Incaspin\",\"url\":\"https:\\\/\\\/theincaspin.org\\\/pl\\\/\",\"logo\":{\"@type\":\"ImageObject\",\"inLanguage\":\"pl-PL\",\"@id\":\"https:\\\/\\\/theincaspin.org\\\/pl\\\/#\\\/schema\\\/logo\\\/image\\\/\",\"url\":\"https:\\\/\\\/theincaspin.org\\\/wp-content\\\/uploads\\\/2025\\\/12\\\/Casino-logo-Desktop.svg\",\"contentUrl\":\"https:\\\/\\\/theincaspin.org\\\/wp-content\\\/uploads\\\/2025\\\/12\\\/Casino-logo-Desktop.svg\",\"width\":63,\"height\":24,\"caption\":\"Incaspin\"},\"image\":{\"@id\":\"https:\\\/\\\/theincaspin.org\\\/pl\\\/#\\\/schema\\\/logo\\\/image\\\/\"}}]}<\/script>\n<!-- \/ Yoast SEO plugin. -->","yoast_head_json":{"title":"Incaspin app Pobieranie | iOS i Android","description":"Aplikacja Incaspin zapewnia p\u0142ynn\u0105 rozgrywk\u0119 na platformach Android, iOS, Windows i macOS, wraz z synchronizacj\u0105 kont, regularnymi aktualizacjami i wbudowan\u0105 pomoc\u0105 techniczn\u0105 dla u\u017cytkownik\u00f3w, co zapewnia \u0142atwo\u015b\u0107 obs\u0142ugi.","robots":{"index":"index","follow":"follow","max-snippet":"max-snippet:-1","max-image-preview":"max-image-preview:large","max-video-preview":"max-video-preview:-1"},"canonical":"https:\/\/theincaspin.org\/pl\/aplikacja\/","og_locale":"pl_PL","og_type":"article","og_title":"Incaspin app Pobieranie | iOS i Android","og_description":"Aplikacja Incaspin zapewnia p\u0142ynn\u0105 rozgrywk\u0119 na platformach Android, iOS, Windows i macOS, wraz z synchronizacj\u0105 kont, regularnymi aktualizacjami i wbudowan\u0105 pomoc\u0105 techniczn\u0105 dla u\u017cytkownik\u00f3w, co zapewnia \u0142atwo\u015b\u0107 obs\u0142ugi.","og_url":"https:\/\/theincaspin.org\/pl\/aplikacja\/","og_site_name":"incaspin","article_modified_time":"2025-12-04T13:24:57+00:00","twitter_card":"summary_large_image","twitter_misc":{"Est. reading time":"2 minutes"},"schema":{"@context":"https:\/\/schema.org","@graph":[{"@type":"WebPage","@id":"https:\/\/theincaspin.org\/pl\/aplikacja\/","url":"https:\/\/theincaspin.org\/pl\/aplikacja\/","name":"Incaspin app Pobieranie | iOS i Android","isPartOf":{"@id":"https:\/\/theincaspin.org\/pl\/#website"},"datePublished":"2025-12-04T09:27:49+00:00","dateModified":"2025-12-04T13:24:57+00:00","description":"Aplikacja Incaspin zapewnia p\u0142ynn\u0105 rozgrywk\u0119 na platformach Android, iOS, Windows i macOS, wraz z synchronizacj\u0105 kont, regularnymi aktualizacjami i wbudowan\u0105 pomoc\u0105 techniczn\u0105 dla u\u017cytkownik\u00f3w, co zapewnia \u0142atwo\u015b\u0107 obs\u0142ugi.","breadcrumb":{"@id":"https:\/\/theincaspin.org\/pl\/aplikacja\/#breadcrumb"},"inLanguage":"pl-PL","potentialAction":[{"@type":"ReadAction","target":["https:\/\/theincaspin.org\/pl\/aplikacja\/"]}]},{"@type":"BreadcrumbList","@id":"https:\/\/theincaspin.org\/pl\/aplikacja\/#breadcrumb","itemListElement":[{"@type":"ListItem","position":1,"name":"Incaspin","item":"https:\/\/theincaspin.org\/pl\/"},{"@type":"ListItem","position":2,"name":"Aplikacja"}]},{"@type":"WebSite","@id":"https:\/\/theincaspin.org\/pl\/#website","url":"https:\/\/theincaspin.org\/pl\/","name":"Incaspin","description":"","publisher":{"@id":"https:\/\/theincaspin.org\/pl\/#organization"},"potentialAction":[{"@type":"SearchAction","target":{"@type":"EntryPoint","urlTemplate":"https:\/\/theincaspin.org\/pl\/?s={search_term_string}"},"query-input":{"@type":"PropertyValueSpecification","valueRequired":true,"valueName":"search_term_string"}}],"inLanguage":"pl-PL"},{"@type":"Organization","@id":"https:\/\/theincaspin.org\/pl\/#organization","name":"Incaspin","url":"https:\/\/theincaspin.org\/pl\/","logo":{"@type":"ImageObject","inLanguage":"pl-PL","@id":"https:\/\/theincaspin.org\/pl\/#\/schema\/logo\/image\/","url":"https:\/\/theincaspin.org\/wp-content\/uploads\/2025\/12\/Casino-logo-Desktop.svg","contentUrl":"https:\/\/theincaspin.org\/wp-content\/uploads\/2025\/12\/Casino-logo-Desktop.svg","width":63,"height":24,"caption":"Incaspin"},"image":{"@id":"https:\/\/theincaspin.org\/pl\/#\/schema\/logo\/image\/"}}]}},"_links":{"self":[{"href":"https:\/\/theincaspin.org\/pl\/wp-json\/wp\/v2\/pages\/1448","targetHints":{"allow":["GET"]}}],"collection":[{"href":"https:\/\/theincaspin.org\/pl\/wp-json\/wp\/v2\/pages"}],"about":[{"href":"https:\/\/theincaspin.org\/pl\/wp-json\/wp\/v2\/types\/page"}],"author":[{"embeddable":true,"href":"https:\/\/theincaspin.org\/pl\/wp-json\/wp\/v2\/users\/1"}],"replies":[{"embeddable":true,"href":"https:\/\/theincaspin.org\/pl\/wp-json\/wp\/v2\/comments?post=1448"}],"version-history":[{"count":2,"href":"https:\/\/theincaspin.org\/pl\/wp-json\/wp\/v2\/pages\/1448\/revisions"}],"predecessor-version":[{"id":1802,"href":"https:\/\/theincaspin.org\/pl\/wp-json\/wp\/v2\/pages\/1448\/revisions\/1802"}],"wp:attachment":[{"href":"https:\/\/theincaspin.org\/pl\/wp-json\/wp\/v2\/media?parent=1448"}],"curies":[{"name":"wp","href":"https:\/\/api.w.org\/{rel}","templated":true}]}}