{"id":1441,"date":"2025-12-04T09:27:49","date_gmt":"2025-12-04T09:27:49","guid":{"rendered":"https:\/\/theincaspin.org\/app\/"},"modified":"2025-12-25T07:34:56","modified_gmt":"2025-12-25T07:34:56","slug":"app","status":"publish","type":"page","link":"https:\/\/theincaspin.org\/fr\/app\/","title":{"rendered":"App"},"content":{"rendered":"<h1>Incaspin sur appareils mobiles<\/h1>\n<p>L\u2019Incaspin App pour Android et iOS permet d\u2019acc\u00e9der \u00e0 l\u2019int\u00e9gralit\u00e9 du catalogue de jeux ainsi qu\u2019aux fonctionnalit\u00e9s du compte depuis les appareils mobiles. Elle fonctionne de mani\u00e8re fluide sur les smartphones et tablettes modernes, en s\u2019adaptant aux diff\u00e9rentes tailles d\u2019\u00e9cran. La version mobile offre les m\u00eames fonctionnalit\u00e9s que le site de bureau. En tant qu\u2019application web progressive (PWA), elle ne n\u00e9cessite pas l\u2019installation de fichiers tiers pour \u00eatre utilis\u00e9e.<\/p>\n<div class=\"banner-wrap\" aria-label=\"Banner\"><img src=\"https:\/\/theincaspin.org\/wp-content\/uploads\/2025\/12\/Incaspin-general-background-800\u2564\u0415342.webp\" class=\"w-100 d-none d-lg-block img-pc main-banner-img\" alt=\"Incaspin desktop banner\" fetchpriority=\"high\" decoding=\"async\"><img src=\"https:\/\/theincaspin.org\/wp-content\/uploads\/2025\/12\/Incaspin-mobile-banner.webp\" class=\"w-100 d-none d-md-block d-lg-none main-banner-img\" alt=\"Incaspin mobile banner\" fetchpriority=\"high\" decoding=\"async\"><img src=\"https:\/\/theincaspin.org\/wp-content\/uploads\/2025\/12\/Incaspin-mobile-banner.webp\" class=\"w-100 d-md-none\" alt=\"Incaspin mobile banner\" fetchpriority=\"high\" decoding=\"async\"><div class=\"banner-description\">\n<div class=\"banner-title\">Bonus de bienvenue<\/div>\n<p class=\"banner-header-title\">1000 \u20ac<\/p>\n<div class=\"banner-header-AdditionalText\">+ 100 Tours gratuits<\/div>\n<button data-item=\"homepage_banner_link\" class=\"goto m-button m-gradient-border m-button--primary m-button--large banner-button btn-orange\">\n            <div class=\"m-button-content\">\n                <span>Inscrivez-vous d\u00e8s maintenant<\/span>\n                <span><\/span>\n            <\/div>\n        <\/button>\n<\/div>\n<div class=\"WelcomePack\">\n<p><img loading=\"lazy\" decoding=\"async\" class=\"alignnone size-full wp-image-1337\" src=\"https:\/\/theincaspin.org\/wp-content\/uploads\/2025\/12\/welcome-crown.svg\" alt=\"crown\" width=\"25\" height=\"26\" \/><\/p>\n<div class=\"WelcomePack-Info\">Cashback hebdomadaire jusqu&rsquo;\u00e0 25 %<\/div>\n<p><img loading=\"lazy\" decoding=\"async\" class=\"alignnone size-full wp-image-1337\" src=\"https:\/\/theincaspin.org\/wp-content\/uploads\/2025\/12\/welcome-crown.svg\" alt=\"crown\" width=\"25\" height=\"26\" \/><\/p>\n<\/div>\n<\/div>\n<h2>Incaspin Casino sur appareils mobiles<\/h2>\n<p>Comme la plupart des plateformes en ligne modernes, Incaspin Casino propose une version mobile compatible avec les appareils Android et iOS. L\u2019interface est optimis\u00e9e pour les petits \u00e9crans et con\u00e7ue pour une navigation facile et intuitive.<\/p>\n<p>La plateforme mobile donne acc\u00e8s \u00e0 l\u2019int\u00e9gralit\u00e9 de la biblioth\u00e8que de jeux, comprenant des milliers de titres, ainsi qu\u2019aux options de paiement, aux programmes de bonus et au support client. Toutes les transmissions de donn\u00e9es sont s\u00e9curis\u00e9es par un chiffrement SSL.<\/p>\n<p>Les principales fonctionnalit\u00e9s de l\u2019exp\u00e9rience mobile Incaspin refl\u00e8tent celles de la version de bureau, garantissant une transition fluide entre les appareils.<\/p>\n<table>\n<tbody>\n<tr>\n<td>Fonctionnalit\u00e9<\/td>\n<td>Logiciel mobile<\/td>\n<td>Version PC<\/td>\n<\/tr>\n<tr>\n<td>Accessibilit\u00e9<\/td>\n<td>Vous pouvez profiter des jeux Incaspin \u00e0 tout moment et en tout lieu, directement depuis votre smartphone ou votre tablette.<\/td>\n<td>Il n\u00e9cessite un ordinateur de bureau ou un ordinateur portable.<\/td>\n<\/tr>\n<tr>\n<td>Notifications<\/td>\n<td>Les utilisateurs re\u00e7oivent des notifications push pour les bonus, les tournois et les tours gratuits sur Incaspin.<\/td>\n<td>Il n&rsquo;y a pas de notifications en temps r\u00e9el \u00e0 moins que vous ne vous connectiez.<\/td>\n<\/tr>\n<tr>\n<td>S\u00e9curit\u00e9<\/td>\n<td>Vous pouvez utiliser la connexion biom\u00e9trique (Face ID ou empreinte digitale) sur Incaspin pour une s\u00e9curit\u00e9 renforc\u00e9e.<\/td>\n<td>Il repose uniquement sur une connexion par mot de passe.<\/td>\n<\/tr>\n<tr>\n<td>Acc\u00e8s hors ligne<\/td>\n<td>Certaines fonctionnalit\u00e9s de jeux et de compte sur Incaspin peuvent fonctionner m\u00eame sans connexion Internet compl\u00e8te.<\/td>\n<td>Cette version n\u00e9cessite une connexion stable en permanence.<\/td>\n<\/tr>\n<\/tbody>\n<\/table>\n<p><div style=\"clear: both\"><\/div><div class=\"d-flex justify-content-center\"><button data-item=\"decouvrez_link\" data-group=\"website_links\" class=\"goto fw-bold rounded-pill btn btn-orange\" aria-label=\"T\u00e9l\u00e9chargez l&#039;application Incaspin\" >T\u00e9l\u00e9chargez l&#039;application Incaspin<\/button><\/div><div class=\"scrollable-content-wrap my-5\"><div class=\"scrollable-content-inner\"><h2>Application Incaspin pour appareils Android<\/h2>\n<p>La version mobile d\u2019Incaspin permet d\u2019acc\u00e9der \u00e0 la plateforme depuis diff\u00e9rents lieux et appareils. Pour les utilisateurs Android, une application web progressive (PWA) est disponible, fonctionnant sur les smartphones et tablettes modernes sans n\u00e9cessiter l\u2019installation de fichiers APK externes provenant de sources non v\u00e9rifi\u00e9es.<\/p>\n<p>L\u2019interface mobile refl\u00e8te la structure et les fonctionnalit\u00e9s du site de bureau, optimis\u00e9e pour la navigation tactile et les \u00e9crans plus petits. Pour ajouter l\u2019ic\u00f4ne de l\u2019Incaspin app sur un appareil Android, suivez ces \u00e9tapes :<\/p>\n<ol>\n<li>Visitez le site officiel.<\/li>\n<li>Faites d\u00e9filer vers le pied de page et s\u00e9lectionnez l\u2019option \u00ab Casino App \u00bb.<\/li>\n<li>Confirmez l\u2019invite d\u2019installation. L\u2019ic\u00f4ne Incaspin appara\u00eetra sur l\u2019\u00e9cran d\u2019accueil de votre appareil.<\/li>\n<\/ol>\n<p>Pour les utilisateurs qui pr\u00e9f\u00e8rent ne pas installer l\u2019application, la plateforme peut \u00e9galement \u00eatre consult\u00e9e via n\u2019importe quel navigateur mobile. De nombreux navigateurs permettent \u00e9galement d\u2019ajouter un raccourci sur l\u2019\u00e9cran d\u2019accueil pour un acc\u00e8s plus rapide.<\/p>\n<p><img loading=\"lazy\" decoding=\"async\" src=\"https:\/\/theincaspin.org\/wp-content\/uploads\/2025\/12\/Incaspin-Android.webp\" alt=\"Incaspin Android\" width=\"1248\" height=\"536\" \/><\/p>\n<\/div><\/div><div style=\"clear: both\"><\/div><div class=\"d-flex justify-content-center\"><button data-item=\"decouvrez_link\" data-group=\"website_links\" class=\"goto fw-bold rounded-pill btn btn-orange\" aria-label=\"T\u00e9l\u00e9charger Incaspin\" >T\u00e9l\u00e9charger Incaspin<\/button><\/div><div class=\"scrollable-content-wrap my-5\"><div class=\"scrollable-content-inner\"><h2>Application Incaspin pour appareils iOS<\/h2>\n<p>La plateforme mobile Incaspin est enti\u00e8rement compatible avec iOS et fonctionne sur tous les mod\u00e8les actuels d\u2019iPhone et d\u2019iPad. L\u2019interface s\u2019adapte aux diff\u00e9rentes tailles d\u2019\u00e9cran et prend en charge les m\u00eames fonctionnalit\u00e9s principales que la version de bureau, y compris l\u2019acc\u00e8s aux machines \u00e0 sous, aux jeux de table et aux jeux avec croupiers en direct. L\u2019installation sur iOS suit un processus similaire \u00e0 celui des appareils Android.<\/p>\n<p>Incaspin peut \u00e9galement \u00eatre consult\u00e9 via n\u2019importe quel navigateur mobile. La version navigateur conserve la structure et les fonctionnalit\u00e9s du site de bureau et est optimis\u00e9e pour les commandes tactiles. Les utilisateurs souhaitant un acc\u00e8s rapide peuvent ajouter un raccourci sur l\u2019\u00e9cran d\u2019accueil en suivant ces \u00e9tapes :<\/p>\n<ol>\n<li>Ouvrez l\u2019application Raccourcis sur votre appareil.<\/li>\n<li>Appuyez sur l\u2019ic\u00f4ne + pour cr\u00e9er un nouveau raccourci.<\/li>\n<li>S\u00e9lectionnez \u00ab Ajouter une action \u00bb et saisissez l\u2019adresse du site Incaspin.<\/li>\n<li>Appuyez sur la fl\u00e8che vers le bas \u00e0 c\u00f4t\u00e9 du nom du raccourci et choisissez \u00ab Ajouter \u00e0 l\u2019\u00e9cran d\u2019accueil \u00bb.<\/li>\n<li>Renommez \u00e9ventuellement le raccourci, puis appuyez sur \u00ab Ajouter \u00bb pour confirmer.<\/li>\n<\/ol>\n<p><img loading=\"lazy\" decoding=\"async\" src=\"https:\/\/theincaspin.org\/wp-content\/uploads\/2025\/12\/Incaspin-iOS.webp\" alt=\"Incaspin iOS\" width=\"1248\" height=\"536\" \/><\/p>\n<\/div><\/div><div style=\"clear: both\"><\/div><div class=\"d-flex justify-content-center\"><button data-item=\"decouvrez_link\" data-group=\"website_links\" class=\"goto fw-bold rounded-pill btn btn-orange\" aria-label=\"T\u00e9l\u00e9chargez l&#039;application Incaspin\" >T\u00e9l\u00e9chargez l&#039;application Incaspin<\/button><\/div><div class=\"scrollable-content-wrap my-5\"><div class=\"scrollable-content-inner\"><h2>Acc\u00e8s \u00e0 Incaspin sur les appareils Windows et macOS<\/h2>\n<p>Le casino Incaspin est \u00e9galement accessible aux utilisateurs de bureau qui pr\u00e9f\u00e8rent jouer sur un ordinateur. La plateforme peut \u00eatre utilis\u00e9e via n\u2019importe quel navigateur web moderne en saisissant l\u2019adresse du site.<\/p>\n<p>Pour un acc\u00e8s plus rapide, vous pouvez ajouter un raccourci sur votre bureau ou votre \u00e9cran d\u2019accueil en utilisant l\u2019option \u00ab Ajouter \u00e0 l\u2019\u00e9cran d\u2019accueil \u00bb du navigateur. Si vous avez besoin d\u2019assistance, le service client est disponible 24h\/24 et 7j\/7 via le chat en direct ou par e-mail.<\/p>\n<p><img loading=\"lazy\" decoding=\"async\" src=\"https:\/\/theincaspin.org\/wp-content\/uploads\/2025\/12\/Incaspin-Desktop.webp\" alt=\"Incaspin Desktop\" width=\"1248\" height=\"536\" \/><\/p>\n<\/div><\/div><div style=\"clear: both\"><\/div><div class=\"d-flex justify-content-center\"><button data-item=\"decouvrez_link\" data-group=\"website_links\" class=\"goto fw-bold rounded-pill btn btn-orange\" aria-label=\"T\u00e9l\u00e9charger Incaspin\" >T\u00e9l\u00e9charger Incaspin<\/button><\/div><div class=\"scrollable-content-wrap my-5\"><div class=\"scrollable-content-inner\"><h2>FAQ<\/h2>\n<h3>Support client dans l\u2019application Incaspin Casino<\/h3>\n<p>La version mobile d\u2019Incaspin inclut les m\u00eames fonctionnalit\u00e9s que la plateforme de bureau, y compris le support client via le chat en direct. L\u2019assistance est \u00e9galement disponible par e-mail depuis n\u2019importe quel appareil, avec un service op\u00e9rationnel 24h\/24 et 7j\/7.<\/p>\n<h3>Faut-il un compte pour utiliser l\u2019application Incaspin ?<\/h3>\n<p>Un compte est n\u00e9cessaire pour utiliser l\u2019application Incaspin et acc\u00e9der aux fonctionnalit\u00e9s telles que les jeux, les options de paiement et le support client. L\u2019inscription prend seulement quelques minutes et n\u00e9cessite de fournir des informations de base sur l\u2019utilisateur. Une fois l\u2019inscription termin\u00e9e, toutes les fonctions de la plateforme deviennent disponibles dans l\u2019application.<\/p>\n<h3>Puis-je effectuer des d\u00e9p\u00f4ts et retraits directement dans l\u2019application ?<\/h3>\n<p>Les d\u00e9p\u00f4ts et retraits peuvent \u00eatre effectu\u00e9s directement via l\u2019application Incaspin en utilisant les m\u00eames m\u00e9thodes de paiement que sur le site de bureau. Une v\u00e9rification d\u2019identit\u00e9 peut \u00eatre n\u00e9cessaire avant le premier retrait, et toutes les transactions sont soumises aux politiques standard de la plateforme.<\/p>\n<\/div><\/div><\/p>\n","protected":false},"excerpt":{"rendered":"<p>Incaspin sur appareils mobiles L\u2019Incaspin App pour Android et iOS permet d\u2019acc\u00e9der \u00e0 l\u2019int\u00e9gralit\u00e9 du catalogue de jeux ainsi qu\u2019aux fonctionnalit\u00e9s du compte depuis les appareils mobiles. Elle fonctionne de mani\u00e8re fluide sur les smartphones et tablettes modernes, en s\u2019adaptant aux diff\u00e9rentes tailles d\u2019\u00e9cran. La version mobile offre les m\u00eames fonctionnalit\u00e9s que le site de [&hellip;]<\/p>\n","protected":false},"author":1,"featured_media":0,"parent":0,"menu_order":0,"comment_status":"closed","ping_status":"closed","template":"template-builder.php","meta":{"_acf_changed":false,"inline_featured_image":false,"footnotes":""},"class_list":["post-1441","page","type-page","status-publish","hentry"],"acf":[],"yoast_head":"<!-- This site is optimized with the Yoast SEO plugin v27.3 - https:\/\/yoast.com\/product\/yoast-seo-wordpress\/ -->\n<title>Incaspin App T\u00e9l\u00e9chargement | iOS et Android<\/title>\n<meta name=\"description\" content=\"L&#039;application Incaspin garantit une exp\u00e9rience de jeu fluide sur les plateformes Android, iOS, Windows et macOS, avec synchronisation des comptes, mises \u00e0 jour r\u00e9guli\u00e8res et assistance client int\u00e9gr\u00e9e pour une utilisation simplifi\u00e9e.\" \/>\n<meta name=\"robots\" content=\"index, follow, max-snippet:-1, max-image-preview:large, max-video-preview:-1\" \/>\n<link rel=\"canonical\" href=\"https:\/\/theincaspin.org\/fr\/app\/\" \/>\n<meta property=\"og:locale\" content=\"fr_FR\" \/>\n<meta property=\"og:type\" content=\"article\" \/>\n<meta property=\"og:title\" content=\"Incaspin App T\u00e9l\u00e9chargement | iOS et Android\" \/>\n<meta property=\"og:description\" content=\"L&#039;application Incaspin garantit une exp\u00e9rience de jeu fluide sur les plateformes Android, iOS, Windows et macOS, avec synchronisation des comptes, mises \u00e0 jour r\u00e9guli\u00e8res et assistance client int\u00e9gr\u00e9e pour une utilisation simplifi\u00e9e.\" \/>\n<meta property=\"og:url\" content=\"https:\/\/theincaspin.org\/fr\/app\/\" \/>\n<meta property=\"og:site_name\" content=\"incaspin\" \/>\n<meta property=\"article:modified_time\" content=\"2025-12-25T07:34:56+00:00\" \/>\n<meta name=\"twitter:card\" content=\"summary_large_image\" \/>\n<meta name=\"twitter:label1\" content=\"Dur\u00e9e de lecture estim\u00e9e\" \/>\n\t<meta name=\"twitter:data1\" content=\"2 minutes\" \/>\n<script type=\"application\/ld+json\" class=\"yoast-schema-graph\">{\"@context\":\"https:\\\/\\\/schema.org\",\"@graph\":[{\"@type\":\"WebPage\",\"@id\":\"https:\\\/\\\/theincaspin.org\\\/fr\\\/app\\\/\",\"url\":\"https:\\\/\\\/theincaspin.org\\\/fr\\\/app\\\/\",\"name\":\"Incaspin App T\u00e9l\u00e9chargement | iOS et Android\",\"isPartOf\":{\"@id\":\"https:\\\/\\\/theincaspin.org\\\/fr\\\/#website\"},\"datePublished\":\"2025-12-04T09:27:49+00:00\",\"dateModified\":\"2025-12-25T07:34:56+00:00\",\"description\":\"L'application Incaspin garantit une exp\u00e9rience de jeu fluide sur les plateformes Android, iOS, Windows et macOS, avec synchronisation des comptes, mises \u00e0 jour r\u00e9guli\u00e8res et assistance client int\u00e9gr\u00e9e pour une utilisation simplifi\u00e9e.\",\"breadcrumb\":{\"@id\":\"https:\\\/\\\/theincaspin.org\\\/fr\\\/app\\\/#breadcrumb\"},\"inLanguage\":\"fr-FR\",\"potentialAction\":[{\"@type\":\"ReadAction\",\"target\":[\"https:\\\/\\\/theincaspin.org\\\/fr\\\/app\\\/\"]}]},{\"@type\":\"BreadcrumbList\",\"@id\":\"https:\\\/\\\/theincaspin.org\\\/fr\\\/app\\\/#breadcrumb\",\"itemListElement\":[{\"@type\":\"ListItem\",\"position\":1,\"name\":\"Incaspin\",\"item\":\"https:\\\/\\\/theincaspin.org\\\/fr\\\/\"},{\"@type\":\"ListItem\",\"position\":2,\"name\":\"App\"}]},{\"@type\":\"WebSite\",\"@id\":\"https:\\\/\\\/theincaspin.org\\\/fr\\\/#website\",\"url\":\"https:\\\/\\\/theincaspin.org\\\/fr\\\/\",\"name\":\"Incaspin\",\"description\":\"\",\"publisher\":{\"@id\":\"https:\\\/\\\/theincaspin.org\\\/fr\\\/#organization\"},\"potentialAction\":[{\"@type\":\"SearchAction\",\"target\":{\"@type\":\"EntryPoint\",\"urlTemplate\":\"https:\\\/\\\/theincaspin.org\\\/fr\\\/?s={search_term_string}\"},\"query-input\":{\"@type\":\"PropertyValueSpecification\",\"valueRequired\":true,\"valueName\":\"search_term_string\"}}],\"inLanguage\":\"fr-FR\"},{\"@type\":\"Organization\",\"@id\":\"https:\\\/\\\/theincaspin.org\\\/fr\\\/#organization\",\"name\":\"Incaspin\",\"url\":\"https:\\\/\\\/theincaspin.org\\\/fr\\\/\",\"logo\":{\"@type\":\"ImageObject\",\"inLanguage\":\"fr-FR\",\"@id\":\"https:\\\/\\\/theincaspin.org\\\/fr\\\/#\\\/schema\\\/logo\\\/image\\\/\",\"url\":\"https:\\\/\\\/theincaspin.org\\\/wp-content\\\/uploads\\\/2025\\\/12\\\/Casino-logo-Desktop.svg\",\"contentUrl\":\"https:\\\/\\\/theincaspin.org\\\/wp-content\\\/uploads\\\/2025\\\/12\\\/Casino-logo-Desktop.svg\",\"width\":63,\"height\":24,\"caption\":\"Incaspin\"},\"image\":{\"@id\":\"https:\\\/\\\/theincaspin.org\\\/fr\\\/#\\\/schema\\\/logo\\\/image\\\/\"}}]}<\/script>\n<!-- \/ Yoast SEO plugin. -->","yoast_head_json":{"title":"Incaspin App T\u00e9l\u00e9chargement | iOS et Android","description":"L'application Incaspin garantit une exp\u00e9rience de jeu fluide sur les plateformes Android, iOS, Windows et macOS, avec synchronisation des comptes, mises \u00e0 jour r\u00e9guli\u00e8res et assistance client int\u00e9gr\u00e9e pour une utilisation simplifi\u00e9e.","robots":{"index":"index","follow":"follow","max-snippet":"max-snippet:-1","max-image-preview":"max-image-preview:large","max-video-preview":"max-video-preview:-1"},"canonical":"https:\/\/theincaspin.org\/fr\/app\/","og_locale":"fr_FR","og_type":"article","og_title":"Incaspin App T\u00e9l\u00e9chargement | iOS et Android","og_description":"L'application Incaspin garantit une exp\u00e9rience de jeu fluide sur les plateformes Android, iOS, Windows et macOS, avec synchronisation des comptes, mises \u00e0 jour r\u00e9guli\u00e8res et assistance client int\u00e9gr\u00e9e pour une utilisation simplifi\u00e9e.","og_url":"https:\/\/theincaspin.org\/fr\/app\/","og_site_name":"incaspin","article_modified_time":"2025-12-25T07:34:56+00:00","twitter_card":"summary_large_image","twitter_misc":{"Dur\u00e9e de lecture estim\u00e9e":"2 minutes"},"schema":{"@context":"https:\/\/schema.org","@graph":[{"@type":"WebPage","@id":"https:\/\/theincaspin.org\/fr\/app\/","url":"https:\/\/theincaspin.org\/fr\/app\/","name":"Incaspin App T\u00e9l\u00e9chargement | iOS et Android","isPartOf":{"@id":"https:\/\/theincaspin.org\/fr\/#website"},"datePublished":"2025-12-04T09:27:49+00:00","dateModified":"2025-12-25T07:34:56+00:00","description":"L'application Incaspin garantit une exp\u00e9rience de jeu fluide sur les plateformes Android, iOS, Windows et macOS, avec synchronisation des comptes, mises \u00e0 jour r\u00e9guli\u00e8res et assistance client int\u00e9gr\u00e9e pour une utilisation simplifi\u00e9e.","breadcrumb":{"@id":"https:\/\/theincaspin.org\/fr\/app\/#breadcrumb"},"inLanguage":"fr-FR","potentialAction":[{"@type":"ReadAction","target":["https:\/\/theincaspin.org\/fr\/app\/"]}]},{"@type":"BreadcrumbList","@id":"https:\/\/theincaspin.org\/fr\/app\/#breadcrumb","itemListElement":[{"@type":"ListItem","position":1,"name":"Incaspin","item":"https:\/\/theincaspin.org\/fr\/"},{"@type":"ListItem","position":2,"name":"App"}]},{"@type":"WebSite","@id":"https:\/\/theincaspin.org\/fr\/#website","url":"https:\/\/theincaspin.org\/fr\/","name":"Incaspin","description":"","publisher":{"@id":"https:\/\/theincaspin.org\/fr\/#organization"},"potentialAction":[{"@type":"SearchAction","target":{"@type":"EntryPoint","urlTemplate":"https:\/\/theincaspin.org\/fr\/?s={search_term_string}"},"query-input":{"@type":"PropertyValueSpecification","valueRequired":true,"valueName":"search_term_string"}}],"inLanguage":"fr-FR"},{"@type":"Organization","@id":"https:\/\/theincaspin.org\/fr\/#organization","name":"Incaspin","url":"https:\/\/theincaspin.org\/fr\/","logo":{"@type":"ImageObject","inLanguage":"fr-FR","@id":"https:\/\/theincaspin.org\/fr\/#\/schema\/logo\/image\/","url":"https:\/\/theincaspin.org\/wp-content\/uploads\/2025\/12\/Casino-logo-Desktop.svg","contentUrl":"https:\/\/theincaspin.org\/wp-content\/uploads\/2025\/12\/Casino-logo-Desktop.svg","width":63,"height":24,"caption":"Incaspin"},"image":{"@id":"https:\/\/theincaspin.org\/fr\/#\/schema\/logo\/image\/"}}]}},"_links":{"self":[{"href":"https:\/\/theincaspin.org\/fr\/wp-json\/wp\/v2\/pages\/1441","targetHints":{"allow":["GET"]}}],"collection":[{"href":"https:\/\/theincaspin.org\/fr\/wp-json\/wp\/v2\/pages"}],"about":[{"href":"https:\/\/theincaspin.org\/fr\/wp-json\/wp\/v2\/types\/page"}],"author":[{"embeddable":true,"href":"https:\/\/theincaspin.org\/fr\/wp-json\/wp\/v2\/users\/1"}],"replies":[{"embeddable":true,"href":"https:\/\/theincaspin.org\/fr\/wp-json\/wp\/v2\/comments?post=1441"}],"version-history":[{"count":3,"href":"https:\/\/theincaspin.org\/fr\/wp-json\/wp\/v2\/pages\/1441\/revisions"}],"predecessor-version":[{"id":1838,"href":"https:\/\/theincaspin.org\/fr\/wp-json\/wp\/v2\/pages\/1441\/revisions\/1838"}],"wp:attachment":[{"href":"https:\/\/theincaspin.org\/fr\/wp-json\/wp\/v2\/media?parent=1441"}],"curies":[{"name":"wp","href":"https:\/\/api.w.org\/{rel}","templated":true}]}}