{"id":1462,"date":"2025-12-04T09:40:04","date_gmt":"2025-12-04T09:40:04","guid":{"rendered":"https:\/\/theincaspin.org\/bonus-2\/"},"modified":"2025-12-04T14:18:12","modified_gmt":"2025-12-04T14:18:12","slug":"bonificacion","status":"publish","type":"page","link":"https:\/\/theincaspin.org\/es\/bonificacion\/","title":{"rendered":"Bonificaci\u00f3n"},"content":{"rendered":"<h1>Programas de Bonos de Incaspin<\/h1>\n<p>El programa de Incaspin Bonus incluye un paquete de bienvenida de hasta 1.500 \u20ac y 250 giros gratis, distribuidos entre los tres primeros dep\u00f3sitos para nuevos usuarios. Las promociones adicionales pueden incluir cashback, rakeback, torneos y otras ofertas continuas. Los detalles completos y los t\u00e9rminos se pueden consultar en la secci\u00f3n de promociones de la plataforma.<\/p>\n<p><div class=\"banner-wrap\" aria-label=\"Banner\"><img src=\"https:\/\/theincaspin.org\/wp-content\/uploads\/2025\/12\/Incaspin-general-background-800\u2564\u0415342.webp\" class=\"w-100 d-none d-lg-block img-pc main-banner-img\" alt=\"Incaspin desktop banner\" fetchpriority=\"high\" decoding=\"async\"><img src=\"https:\/\/theincaspin.org\/wp-content\/uploads\/2025\/12\/Incaspin-mobile-banner.webp\" class=\"w-100 d-none d-md-block d-lg-none main-banner-img\" alt=\"Incaspin mobile banner\" fetchpriority=\"high\" decoding=\"async\"><img src=\"https:\/\/theincaspin.org\/wp-content\/uploads\/2025\/12\/Incaspin-mobile-banner.webp\" class=\"w-100 d-md-none\" alt=\"Incaspin mobile banner\" fetchpriority=\"high\" decoding=\"async\"><div class=\"banner-description\">\n<div class=\"banner-title\">Bonos de bienvenida<\/div>\n<p class=\"banner-header-title\">1500 \u20ac<\/p>\n<div class=\"banner-header-AdditionalText\">+ 250 Giros gratis<\/div>\n<button data-item=\"homepage_banner_link\" class=\"goto m-button m-gradient-border m-button--primary m-button--large banner-button btn-orange\">\n            <div class=\"m-button-content\">\n                <span>Reg\u00edstrese ahora<\/span>\n                <span><\/span>\n            <\/div>\n        <\/button>\n<\/div>\n<div class=\"WelcomePack\">\n<p><img loading=\"lazy\" decoding=\"async\" class=\"alignnone size-full wp-image-1339\" src=\"https:\/\/theincaspin.org\/wp-content\/uploads\/2025\/12\/welcome-crown.svg\" alt=\"crown\" width=\"25\" height=\"26\" \/><\/p>\n<div class=\"WelcomePack-Info\">Reembolso semanal de hasta el 25 %<\/div>\n<p><img loading=\"lazy\" decoding=\"async\" class=\"alignnone size-full wp-image-1339\" src=\"https:\/\/theincaspin.org\/wp-content\/uploads\/2025\/12\/welcome-crown.svg\" alt=\"crown\" width=\"25\" height=\"26\" \/><\/p>\n<\/div>\n<\/div><div class=\"promotions-wrap\"><div class=\"promotion-card\" style=\"background-image: url(https:\/\/theincaspin.org\/wp-content\/uploads\/2025\/12\/First-deposit.webp);\"><h2 class=\"promotion-card__title\">Primer Dep\u00f3sito<\/h2><label class=\"promotion-card__offer\">100 % hasta 500 \u20ac + 150 tiradas gratis<\/label><label class=\"promotion-card__description\"><\/label><div class=\"promotion-card__actions\"><button data-item=\"payments_link\" data-group=\"website_links\" class=\"goto btn btn-orange rounded-pill fw-bold px-4 m-button m-gradient-border m-button--primary m-button--large promotion-button promotion-card__action-btn\" aria-label=\"Registrarse\"><div class=\"m-button-content\"><span class=\"promotion-button__content\">Registrarse<\/span><\/div><\/button><button data-item=\"http:\/\/bonus_link\" data-group=\"website_links\" class=\"goto m-button m-gradient-border m-button--secondary m-button--medium promotion-card__info-btn\" aria-label=\"More information\"><div class=\"m-button-content\"><svg viewBox=\"0 0 24 24\" fill=\"none\" xmlns=\"http:\/\/www.w3.org\/2000\/svg\" class=\"m-icon m-icon-loadable\" name=\"Attention\" loading=\"false\" aria-hidden=\"true\"><path d=\"M12 22C6.477 22 2 17.522 2 12S6.477 2 12 2s10 4.478 10 10-4.477 10-10 10m-.002-13.004a.999.999 0 1 0 0-1.997.999.999 0 0 0 0 1.997M12 17a1 1 0 0 0 .993-.884L13 16l-.002-5.001-.007-.117a1 1 0 0 0-1.986 0l-.007.117L11 16l.007.117A1 1 0 0 0 12 17\" fill=\"currentColor\"><\/path><\/svg><\/div><\/button><\/div><\/div><div class=\"promotion-card\" style=\"background-image: url(https:\/\/theincaspin.org\/wp-content\/uploads\/2025\/12\/Second-deposit.webp);\"><h2 class=\"promotion-card__title\">Segundo Dep\u00f3sito<\/h2><label class=\"promotion-card__offer\">55 % hasta 500 \u20ac + 100 tiradas gratis<\/label><label class=\"promotion-card__description\"><\/label><div class=\"promotion-card__actions\"><button data-item=\"payments_link\" data-group=\"website_links\" class=\"goto btn btn-orange rounded-pill fw-bold px-4 m-button m-gradient-border m-button--primary m-button--large promotion-button promotion-card__action-btn\" aria-label=\"Registrarse\"><div class=\"m-button-content\"><span class=\"promotion-button__content\">Registrarse<\/span><\/div><\/button><button data-item=\"http:\/\/bonus_link\" data-group=\"website_links\" class=\"goto m-button m-gradient-border m-button--secondary m-button--medium promotion-card__info-btn\" aria-label=\"More information\"><div class=\"m-button-content\"><svg viewBox=\"0 0 24 24\" fill=\"none\" xmlns=\"http:\/\/www.w3.org\/2000\/svg\" class=\"m-icon m-icon-loadable\" name=\"Attention\" loading=\"false\" aria-hidden=\"true\"><path d=\"M12 22C6.477 22 2 17.522 2 12S6.477 2 12 2s10 4.478 10 10-4.477 10-10 10m-.002-13.004a.999.999 0 1 0 0-1.997.999.999 0 0 0 0 1.997M12 17a1 1 0 0 0 .993-.884L13 16l-.002-5.001-.007-.117a1 1 0 0 0-1.986 0l-.007.117L11 16l.007.117A1 1 0 0 0 12 17\" fill=\"currentColor\"><\/path><\/svg><\/div><\/button><\/div><\/div><div class=\"promotion-card\" style=\"background-image: url(https:\/\/theincaspin.org\/wp-content\/uploads\/2025\/12\/Third-deposit.webp);\"><h2 class=\"promotion-card__title\">Tercer Dep\u00f3sito<\/h2><label class=\"promotion-card__offer\">100 % hasta 500 \u20ac<\/label><label class=\"promotion-card__description\"><\/label><div class=\"promotion-card__actions\"><button data-item=\"payments_link\" data-group=\"website_links\" class=\"goto btn btn-orange rounded-pill fw-bold px-4 m-button m-gradient-border m-button--primary m-button--large promotion-button promotion-card__action-btn\" aria-label=\"Registrarse\"><div class=\"m-button-content\"><span class=\"promotion-button__content\">Registrarse<\/span><\/div><\/button><button data-item=\"http:\/\/bonus_link\" data-group=\"website_links\" class=\"goto m-button m-gradient-border m-button--secondary m-button--medium promotion-card__info-btn\" aria-label=\"More information\"><div class=\"m-button-content\"><svg viewBox=\"0 0 24 24\" fill=\"none\" xmlns=\"http:\/\/www.w3.org\/2000\/svg\" class=\"m-icon m-icon-loadable\" name=\"Attention\" loading=\"false\" aria-hidden=\"true\"><path d=\"M12 22C6.477 22 2 17.522 2 12S6.477 2 12 2s10 4.478 10 10-4.477 10-10 10m-.002-13.004a.999.999 0 1 0 0-1.997.999.999 0 0 0 0 1.997M12 17a1 1 0 0 0 .993-.884L13 16l-.002-5.001-.007-.117a1 1 0 0 0-1.986 0l-.007.117L11 16l.007.117A1 1 0 0 0 12 17\" fill=\"currentColor\"><\/path><\/svg><\/div><\/button><\/div><\/div><div class=\"promotion-card\" style=\"background-image: url(https:\/\/theincaspin.org\/wp-content\/uploads\/2025\/12\/Highroller.webp);\"><h2 class=\"promotion-card__title\">Bono Highroller<\/h2><label class=\"promotion-card__offer\">50% hasta 500 \u20ac<\/label><label class=\"promotion-card__description\"><\/label><div class=\"promotion-card__actions\"><button data-item=\"payments_link\" data-group=\"website_links\" class=\"goto btn btn-orange rounded-pill fw-bold px-4 m-button m-gradient-border m-button--primary m-button--large promotion-button promotion-card__action-btn\" aria-label=\"Registrarse\"><div class=\"m-button-content\"><span class=\"promotion-button__content\">Registrarse<\/span><\/div><\/button><button data-item=\"http:\/\/bonus_link\" data-group=\"website_links\" class=\"goto m-button m-gradient-border m-button--secondary m-button--medium promotion-card__info-btn\" aria-label=\"More information\"><div class=\"m-button-content\"><svg viewBox=\"0 0 24 24\" fill=\"none\" xmlns=\"http:\/\/www.w3.org\/2000\/svg\" class=\"m-icon m-icon-loadable\" name=\"Attention\" loading=\"false\" aria-hidden=\"true\"><path d=\"M12 22C6.477 22 2 17.522 2 12S6.477 2 12 2s10 4.478 10 10-4.477 10-10 10m-.002-13.004a.999.999 0 1 0 0-1.997.999.999 0 0 0 0 1.997M12 17a1 1 0 0 0 .993-.884L13 16l-.002-5.001-.007-.117a1 1 0 0 0-1.986 0l-.007.117L11 16l.007.117A1 1 0 0 0 12 17\" fill=\"currentColor\"><\/path><\/svg><\/div><\/button><\/div><\/div><div class=\"promotion-card\" style=\"background-image: url(https:\/\/theincaspin.org\/wp-content\/uploads\/2025\/12\/Cashback.webp);\"><h2 class=\"promotion-card__title\">Cashback Semanal<\/h2><label class=\"promotion-card__offer\">hasta 25%<\/label><label class=\"promotion-card__description\"><\/label><div class=\"promotion-card__actions\"><button data-item=\"payments_link\" data-group=\"website_links\" class=\"goto btn btn-orange rounded-pill fw-bold px-4 m-button m-gradient-border m-button--primary m-button--large promotion-button promotion-card__action-btn\" aria-label=\"Registrarse\"><div class=\"m-button-content\"><span class=\"promotion-button__content\">Registrarse<\/span><\/div><\/button><button data-item=\"http:\/\/bonus_link\" data-group=\"website_links\" class=\"goto m-button m-gradient-border m-button--secondary m-button--medium promotion-card__info-btn\" aria-label=\"More information\"><div class=\"m-button-content\"><svg viewBox=\"0 0 24 24\" fill=\"none\" xmlns=\"http:\/\/www.w3.org\/2000\/svg\" class=\"m-icon m-icon-loadable\" name=\"Attention\" loading=\"false\" aria-hidden=\"true\"><path d=\"M12 22C6.477 22 2 17.522 2 12S6.477 2 12 2s10 4.478 10 10-4.477 10-10 10m-.002-13.004a.999.999 0 1 0 0-1.997.999.999 0 0 0 0 1.997M12 17a1 1 0 0 0 .993-.884L13 16l-.002-5.001-.007-.117a1 1 0 0 0-1.986 0l-.007.117L11 16l.007.117A1 1 0 0 0 12 17\" fill=\"currentColor\"><\/path><\/svg><\/div><\/button><\/div><\/div><div class=\"promotion-card\" style=\"background-image: url(https:\/\/theincaspin.org\/wp-content\/uploads\/2025\/12\/Rakeback.webp);\"><h2 class=\"promotion-card__title\">Rakeback<\/h2><label class=\"promotion-card__offer\">hasta 17%<\/label><label class=\"promotion-card__description\"><\/label><div class=\"promotion-card__actions\"><button data-item=\"payments_link\" data-group=\"website_links\" class=\"goto btn btn-orange rounded-pill fw-bold px-4 m-button m-gradient-border m-button--primary m-button--large promotion-button promotion-card__action-btn\" aria-label=\"Registrarse\"><div class=\"m-button-content\"><span class=\"promotion-button__content\">Registrarse<\/span><\/div><\/button><button data-item=\"http:\/\/bonus_link\" data-group=\"website_links\" class=\"goto m-button m-gradient-border m-button--secondary m-button--medium promotion-card__info-btn\" aria-label=\"More information\"><div class=\"m-button-content\"><svg viewBox=\"0 0 24 24\" fill=\"none\" xmlns=\"http:\/\/www.w3.org\/2000\/svg\" class=\"m-icon m-icon-loadable\" name=\"Attention\" loading=\"false\" aria-hidden=\"true\"><path d=\"M12 22C6.477 22 2 17.522 2 12S6.477 2 12 2s10 4.478 10 10-4.477 10-10 10m-.002-13.004a.999.999 0 1 0 0-1.997.999.999 0 0 0 0 1.997M12 17a1 1 0 0 0 .993-.884L13 16l-.002-5.001-.007-.117a1 1 0 0 0-1.986 0l-.007.117L11 16l.007.117A1 1 0 0 0 12 17\" fill=\"currentColor\"><\/path><\/svg><\/div><\/button><\/div><\/div><div class=\"promotion-card\" style=\"background-image: url(https:\/\/theincaspin.org\/wp-content\/uploads\/2025\/12\/Sunday-reload.webp);\"><h2 class=\"promotion-card__title\">Recarga del Domingo<\/h2><label class=\"promotion-card__offer\">25% hasta 100 \u20ac<\/label><label class=\"promotion-card__description\"><\/label><div class=\"promotion-card__actions\"><button data-item=\"payments_link\" data-group=\"website_links\" class=\"goto btn btn-orange rounded-pill fw-bold px-4 m-button m-gradient-border m-button--primary m-button--large promotion-button promotion-card__action-btn\" aria-label=\"Registrarse\"><div class=\"m-button-content\"><span class=\"promotion-button__content\">Registrarse<\/span><\/div><\/button><button data-item=\"http:\/\/bonus_link\" data-group=\"website_links\" class=\"goto m-button m-gradient-border m-button--secondary m-button--medium promotion-card__info-btn\" aria-label=\"More information\"><div class=\"m-button-content\"><svg viewBox=\"0 0 24 24\" fill=\"none\" xmlns=\"http:\/\/www.w3.org\/2000\/svg\" class=\"m-icon m-icon-loadable\" name=\"Attention\" loading=\"false\" aria-hidden=\"true\"><path d=\"M12 22C6.477 22 2 17.522 2 12S6.477 2 12 2s10 4.478 10 10-4.477 10-10 10m-.002-13.004a.999.999 0 1 0 0-1.997.999.999 0 0 0 0 1.997M12 17a1 1 0 0 0 .993-.884L13 16l-.002-5.001-.007-.117a1 1 0 0 0-1.986 0l-.007.117L11 16l.007.117A1 1 0 0 0 12 17\" fill=\"currentColor\"><\/path><\/svg><\/div><\/button><\/div><\/div><\/div><div class=\"scrollable-content-wrap my-5\"><div class=\"scrollable-content-inner\"><h2>Promociones de Incaspin<\/h2>\n<p>Al elegir un casino en l\u00ednea, muchos jugadores consideran las ofertas promocionales disponibles. El programa de Incaspin Bonus ofrece una variedad de promociones dise\u00f1adas para adaptarse a diferentes estilos de juego y presupuestos. Las ofertas actuales incluyen:<\/p>\n<table>\n<tbody>\n<tr>\n<td>Promoci\u00f3n<\/td>\n<td>Detalles<\/td>\n<\/tr>\n<tr>\n<td>Paquete de bienvenida<\/td>\n<td>Hasta 1500 \u20ac y 250 tiradas gratis en los tres primeros dep\u00f3sitos.<\/td>\n<\/tr>\n<tr>\n<td>Reembolso semanal<\/td>\n<td>Hasta un 25 % sobre las p\u00e9rdidas netas.<\/td>\n<\/tr>\n<tr>\n<td>Bono de recarga del domingo<\/td>\n<td>25 % hasta 100 \u20ac<\/td>\n<\/tr>\n<tr>\n<td>Rakeback<\/td>\n<td>17 % en apuestas en juegos seleccionados<\/td>\n<\/tr>\n<tr>\n<td>Bono para grandes apostadores<\/td>\n<td>50 % hasta 500 \u20ac<\/td>\n<\/tr>\n<tr>\n<td>Programa VIP<\/td>\n<td>Recompensas por niveles, mayores tasas de reembolso y asistencia dedicada.<\/td>\n<\/tr>\n<\/tbody>\n<\/table>\n<h2>Competiciones y Recompensas<\/h2>\n<p>Incaspin organiza torneos en los que los participantes compiten por premios que pueden variar desde miles hasta millones de euros. Estos eventos generalmente incluyen juegos de tragamonedas y t\u00edtulos con crupier en vivo, y las posiciones de los jugadores se determinan seg\u00fan el rendimiento en los juegos designados. Los participantes se colocan en una tabla de clasificaci\u00f3n conforme a las reglas y criterios de puntuaci\u00f3n del torneo.<\/p>\n<p>Daily Bronze Tournament:<\/p>\n<ul>\n<li>Premio acumulado: 2500 \u20ac<\/li>\n<li>Detalles: Juega a las tragaperras m\u00e1s populares seleccionadas en Incaspin, gana puntos por tus victorias y compite por premios diarios en efectivo junto a los mejores jugadores.<\/li>\n<\/ul>\n<p>Spinoleague:<\/p>\n<ul>\n<li>Premio acumulado: 12 000 000 \u20ac<\/li>\n<li>Detalles: Compite en Incaspin utilizando tragamonedas de Pragmatic Play como Sweet Bonanza, Gates of Olympus y Big Bass Bonanza: cada giro contribuye a tu puntuaci\u00f3n en el torneo.<\/li>\n<\/ul>\n<p>BGaming Drops Frenzy:<\/p>\n<ul>\n<li>Bote de premios: a partir de 660 000 \u20ac<\/li>\n<li>Detalles: Promoci\u00f3n din\u00e1mica en la que se reparten premios en efectivo aleatorios durante el juego en tragamonedas BGaming espec\u00edficas; el bote de premios crece con la participaci\u00f3n.<\/li>\n<\/ul>\n<p>Live Tournament:<\/p>\n<ul>\n<li>Premio acumulado: 10 000 \u20ac<\/li>\n<li>Detalles: Evento semanal con juegos con crupier en vivo jugados en tiempo real para ganar premios en efectivo.<\/li>\n<\/ul>\n<h2>Detalles del Bono de Bienvenida<\/h2>\n<p>Incaspin Casino ofrece un paquete de bienvenida para nuevos usuarios de hasta 1.500 \u20ac y 250 giros gratis. El bono se distribuye en los primeros tres dep\u00f3sitos. En el primer dep\u00f3sito, los jugadores reciben un bono del 100 % hasta 500 \u20ac m\u00e1s 150 giros gratis. El segundo dep\u00f3sito otorga un bono del 55 % hasta 500 \u20ac y 100 giros gratis. Para el tercer dep\u00f3sito, se aplica un bono del 100 % hasta 500 \u20ac.<\/p>\n<p>Se requiere un dep\u00f3sito m\u00ednimo de 20 \u20ac para activar el bono. La oferta de bienvenida es v\u00e1lida durante siete d\u00edas tras la activaci\u00f3n, y los giros gratis se otorgan en grupos de 50 por d\u00eda. El bono tiene un requisito de apuesta de 35x. Los t\u00e9rminos y condiciones completos est\u00e1n disponibles en la p\u00e1gina de promociones.<\/p>\n<h2>T\u00e9rminos y Condiciones del Bono<\/h2>\n<p>Cada Bono de Incaspin est\u00e1 sujeto a t\u00e9rminos y condiciones espec\u00edficos, que pueden diferir de los de otras plataformas. La mayor\u00eda de las promociones son v\u00e1lidas entre 7 y 14 d\u00edas y tienen un requisito de apuesta de 35x. El dep\u00f3sito m\u00ednimo para activar la mayor\u00eda de los bonos es de 20 \u20ac.<\/p>\n<p>Solo se puede usar un bono de dep\u00f3sito activo a la vez; cualquier bono existente debe completarse o cancelarse antes de poder reclamar uno nuevo. Los bonos de torneos y otras recompensas se gestionan por separado y no se ven afectados por esta regla.<\/p>\n<h2>FAQ<\/h2>\n<h3>\u00bfC\u00f3mo puedo reclamar el bono de bienvenida en Incaspin Casino?<\/h3>\n<p>Para reclamar el bono de bienvenida de Incaspin, solo debes completar el proceso de registro. El paquete de bienvenida de hasta 1.500 \u20ac y 250 giros gratis se acreditar\u00e1 autom\u00e1ticamente en tu cuenta; no se requiere ning\u00fan c\u00f3digo promocional. Aseg\u00farate de que cada dep\u00f3sito sea de al menos 20 \u20ac para activar el bono.<\/p>\n<h3>\u00bfExiste un l\u00edmite de tiempo para usar los bonos en Incaspin Casino?<\/h3>\n<p>S\u00ed, los bonos en Incaspin tienen un l\u00edmite de tiempo. La mayor\u00eda de las promociones expiran entre 7 y 14 d\u00edas despu\u00e9s de su activaci\u00f3n. El per\u00edodo exacto de validez y las condiciones se detallan en los t\u00e9rminos y condiciones de cada oferta espec\u00edfica. Es importante usar tu bono dentro de este plazo para no perderlo.<\/p>\n<\/div><\/div><\/p>\n","protected":false},"excerpt":{"rendered":"<p>Programas de Bonos de Incaspin El programa de Incaspin Bonus incluye un paquete de bienvenida de hasta 1.500 \u20ac y 250 giros gratis, distribuidos entre los tres primeros dep\u00f3sitos para nuevos usuarios. Las promociones adicionales pueden incluir cashback, rakeback, torneos y otras ofertas continuas. Los detalles completos y los t\u00e9rminos se pueden consultar en la [&hellip;]<\/p>\n","protected":false},"author":1,"featured_media":0,"parent":0,"menu_order":0,"comment_status":"closed","ping_status":"closed","template":"template-builder.php","meta":{"_acf_changed":false,"inline_featured_image":false,"footnotes":""},"class_list":["post-1462","page","type-page","status-publish","hentry"],"acf":[],"yoast_head":"<!-- This site is optimized with the Yoast SEO plugin v27.3 - https:\/\/yoast.com\/product\/yoast-seo-wordpress\/ -->\n<title>Incaspin Casino Bonos y ofertas especiales<\/title>\n<meta name=\"description\" content=\"Descubre bonificaciones exclusivas en Incaspin Casino, incluyendo generosas ofertas de bienvenida, recompensas por dep\u00f3sito, promociones continuas y emocionantes torneos. Accede f\u00e1cilmente a todos los t\u00e9rminos y condiciones de las bonificaciones y a las instrucciones para reclamarlas en un solo lugar.\" \/>\n<meta name=\"robots\" content=\"index, follow, max-snippet:-1, max-image-preview:large, max-video-preview:-1\" \/>\n<link rel=\"canonical\" href=\"https:\/\/theincaspin.org\/es\/bonificacion\/\" \/>\n<meta property=\"og:locale\" content=\"es_ES\" \/>\n<meta property=\"og:type\" content=\"article\" \/>\n<meta property=\"og:title\" content=\"Incaspin Casino Bonos y ofertas especiales\" \/>\n<meta property=\"og:description\" content=\"Descubre bonificaciones exclusivas en Incaspin Casino, incluyendo generosas ofertas de bienvenida, recompensas por dep\u00f3sito, promociones continuas y emocionantes torneos. Accede f\u00e1cilmente a todos los t\u00e9rminos y condiciones de las bonificaciones y a las instrucciones para reclamarlas en un solo lugar.\" \/>\n<meta property=\"og:url\" content=\"https:\/\/theincaspin.org\/es\/bonificacion\/\" \/>\n<meta property=\"og:site_name\" content=\"incaspin\" \/>\n<meta property=\"article:modified_time\" content=\"2025-12-04T14:18:12+00:00\" \/>\n<meta name=\"twitter:card\" content=\"summary_large_image\" \/>\n<meta name=\"twitter:label1\" content=\"Est. reading time\" \/>\n\t<meta name=\"twitter:data1\" content=\"1 minute\" \/>\n<script type=\"application\/ld+json\" class=\"yoast-schema-graph\">{\"@context\":\"https:\\\/\\\/schema.org\",\"@graph\":[{\"@type\":\"WebPage\",\"@id\":\"https:\\\/\\\/theincaspin.org\\\/es\\\/bonificacion\\\/\",\"url\":\"https:\\\/\\\/theincaspin.org\\\/es\\\/bonificacion\\\/\",\"name\":\"Incaspin Casino Bonos y ofertas especiales\",\"isPartOf\":{\"@id\":\"https:\\\/\\\/theincaspin.org\\\/es\\\/#website\"},\"datePublished\":\"2025-12-04T09:40:04+00:00\",\"dateModified\":\"2025-12-04T14:18:12+00:00\",\"description\":\"Descubre bonificaciones exclusivas en Incaspin Casino, incluyendo generosas ofertas de bienvenida, recompensas por dep\u00f3sito, promociones continuas y emocionantes torneos. Accede f\u00e1cilmente a todos los t\u00e9rminos y condiciones de las bonificaciones y a las instrucciones para reclamarlas en un solo lugar.\",\"breadcrumb\":{\"@id\":\"https:\\\/\\\/theincaspin.org\\\/es\\\/bonificacion\\\/#breadcrumb\"},\"inLanguage\":\"es-ES\",\"potentialAction\":[{\"@type\":\"ReadAction\",\"target\":[\"https:\\\/\\\/theincaspin.org\\\/es\\\/bonificacion\\\/\"]}]},{\"@type\":\"BreadcrumbList\",\"@id\":\"https:\\\/\\\/theincaspin.org\\\/es\\\/bonificacion\\\/#breadcrumb\",\"itemListElement\":[{\"@type\":\"ListItem\",\"position\":1,\"name\":\"Incaspin\",\"item\":\"https:\\\/\\\/theincaspin.org\\\/es\\\/\"},{\"@type\":\"ListItem\",\"position\":2,\"name\":\"Bonificaci\u00f3n\"}]},{\"@type\":\"WebSite\",\"@id\":\"https:\\\/\\\/theincaspin.org\\\/es\\\/#website\",\"url\":\"https:\\\/\\\/theincaspin.org\\\/es\\\/\",\"name\":\"Incaspin\",\"description\":\"\",\"publisher\":{\"@id\":\"https:\\\/\\\/theincaspin.org\\\/es\\\/#organization\"},\"potentialAction\":[{\"@type\":\"SearchAction\",\"target\":{\"@type\":\"EntryPoint\",\"urlTemplate\":\"https:\\\/\\\/theincaspin.org\\\/es\\\/?s={search_term_string}\"},\"query-input\":{\"@type\":\"PropertyValueSpecification\",\"valueRequired\":true,\"valueName\":\"search_term_string\"}}],\"inLanguage\":\"es-ES\"},{\"@type\":\"Organization\",\"@id\":\"https:\\\/\\\/theincaspin.org\\\/es\\\/#organization\",\"name\":\"Incaspin\",\"url\":\"https:\\\/\\\/theincaspin.org\\\/es\\\/\",\"logo\":{\"@type\":\"ImageObject\",\"inLanguage\":\"es-ES\",\"@id\":\"https:\\\/\\\/theincaspin.org\\\/es\\\/#\\\/schema\\\/logo\\\/image\\\/\",\"url\":\"https:\\\/\\\/theincaspin.org\\\/wp-content\\\/uploads\\\/2025\\\/12\\\/Casino-logo-Desktop.svg\",\"contentUrl\":\"https:\\\/\\\/theincaspin.org\\\/wp-content\\\/uploads\\\/2025\\\/12\\\/Casino-logo-Desktop.svg\",\"width\":63,\"height\":24,\"caption\":\"Incaspin\"},\"image\":{\"@id\":\"https:\\\/\\\/theincaspin.org\\\/es\\\/#\\\/schema\\\/logo\\\/image\\\/\"}}]}<\/script>\n<!-- \/ Yoast SEO plugin. -->","yoast_head_json":{"title":"Incaspin Casino Bonos y ofertas especiales","description":"Descubre bonificaciones exclusivas en Incaspin Casino, incluyendo generosas ofertas de bienvenida, recompensas por dep\u00f3sito, promociones continuas y emocionantes torneos. Accede f\u00e1cilmente a todos los t\u00e9rminos y condiciones de las bonificaciones y a las instrucciones para reclamarlas en un solo lugar.","robots":{"index":"index","follow":"follow","max-snippet":"max-snippet:-1","max-image-preview":"max-image-preview:large","max-video-preview":"max-video-preview:-1"},"canonical":"https:\/\/theincaspin.org\/es\/bonificacion\/","og_locale":"es_ES","og_type":"article","og_title":"Incaspin Casino Bonos y ofertas especiales","og_description":"Descubre bonificaciones exclusivas en Incaspin Casino, incluyendo generosas ofertas de bienvenida, recompensas por dep\u00f3sito, promociones continuas y emocionantes torneos. Accede f\u00e1cilmente a todos los t\u00e9rminos y condiciones de las bonificaciones y a las instrucciones para reclamarlas en un solo lugar.","og_url":"https:\/\/theincaspin.org\/es\/bonificacion\/","og_site_name":"incaspin","article_modified_time":"2025-12-04T14:18:12+00:00","twitter_card":"summary_large_image","twitter_misc":{"Est. reading time":"1 minute"},"schema":{"@context":"https:\/\/schema.org","@graph":[{"@type":"WebPage","@id":"https:\/\/theincaspin.org\/es\/bonificacion\/","url":"https:\/\/theincaspin.org\/es\/bonificacion\/","name":"Incaspin Casino Bonos y ofertas especiales","isPartOf":{"@id":"https:\/\/theincaspin.org\/es\/#website"},"datePublished":"2025-12-04T09:40:04+00:00","dateModified":"2025-12-04T14:18:12+00:00","description":"Descubre bonificaciones exclusivas en Incaspin Casino, incluyendo generosas ofertas de bienvenida, recompensas por dep\u00f3sito, promociones continuas y emocionantes torneos. Accede f\u00e1cilmente a todos los t\u00e9rminos y condiciones de las bonificaciones y a las instrucciones para reclamarlas en un solo lugar.","breadcrumb":{"@id":"https:\/\/theincaspin.org\/es\/bonificacion\/#breadcrumb"},"inLanguage":"es-ES","potentialAction":[{"@type":"ReadAction","target":["https:\/\/theincaspin.org\/es\/bonificacion\/"]}]},{"@type":"BreadcrumbList","@id":"https:\/\/theincaspin.org\/es\/bonificacion\/#breadcrumb","itemListElement":[{"@type":"ListItem","position":1,"name":"Incaspin","item":"https:\/\/theincaspin.org\/es\/"},{"@type":"ListItem","position":2,"name":"Bonificaci\u00f3n"}]},{"@type":"WebSite","@id":"https:\/\/theincaspin.org\/es\/#website","url":"https:\/\/theincaspin.org\/es\/","name":"Incaspin","description":"","publisher":{"@id":"https:\/\/theincaspin.org\/es\/#organization"},"potentialAction":[{"@type":"SearchAction","target":{"@type":"EntryPoint","urlTemplate":"https:\/\/theincaspin.org\/es\/?s={search_term_string}"},"query-input":{"@type":"PropertyValueSpecification","valueRequired":true,"valueName":"search_term_string"}}],"inLanguage":"es-ES"},{"@type":"Organization","@id":"https:\/\/theincaspin.org\/es\/#organization","name":"Incaspin","url":"https:\/\/theincaspin.org\/es\/","logo":{"@type":"ImageObject","inLanguage":"es-ES","@id":"https:\/\/theincaspin.org\/es\/#\/schema\/logo\/image\/","url":"https:\/\/theincaspin.org\/wp-content\/uploads\/2025\/12\/Casino-logo-Desktop.svg","contentUrl":"https:\/\/theincaspin.org\/wp-content\/uploads\/2025\/12\/Casino-logo-Desktop.svg","width":63,"height":24,"caption":"Incaspin"},"image":{"@id":"https:\/\/theincaspin.org\/es\/#\/schema\/logo\/image\/"}}]}},"_links":{"self":[{"href":"https:\/\/theincaspin.org\/es\/wp-json\/wp\/v2\/pages\/1462","targetHints":{"allow":["GET"]}}],"collection":[{"href":"https:\/\/theincaspin.org\/es\/wp-json\/wp\/v2\/pages"}],"about":[{"href":"https:\/\/theincaspin.org\/es\/wp-json\/wp\/v2\/types\/page"}],"author":[{"embeddable":true,"href":"https:\/\/theincaspin.org\/es\/wp-json\/wp\/v2\/users\/1"}],"replies":[{"embeddable":true,"href":"https:\/\/theincaspin.org\/es\/wp-json\/wp\/v2\/comments?post=1462"}],"version-history":[{"count":2,"href":"https:\/\/theincaspin.org\/es\/wp-json\/wp\/v2\/pages\/1462\/revisions"}],"predecessor-version":[{"id":1826,"href":"https:\/\/theincaspin.org\/es\/wp-json\/wp\/v2\/pages\/1462\/revisions\/1826"}],"wp:attachment":[{"href":"https:\/\/theincaspin.org\/es\/wp-json\/wp\/v2\/media?parent=1462"}],"curies":[{"name":"wp","href":"https:\/\/api.w.org\/{rel}","templated":true}]}}