{"id":1450,"date":"2025-12-04T09:27:49","date_gmt":"2025-12-04T09:27:49","guid":{"rendered":"https:\/\/theincaspin.org\/app-2\/"},"modified":"2025-12-04T14:14:06","modified_gmt":"2025-12-04T14:14:06","slug":"aplicacion","status":"publish","type":"page","link":"https:\/\/theincaspin.org\/es\/aplicacion\/","title":{"rendered":"Aplicaci\u00f3n"},"content":{"rendered":"<h1>Incaspin en Dispositivos M\u00f3viles<\/h1>\n<p>La Incaspin app para Android e iOS permite acceder al cat\u00e1logo completo de juegos y a todas las funciones de la cuenta desde dispositivos m\u00f3viles. Funciona de manera fluida en smartphones y tablets modernos, adapt\u00e1ndose a distintos tama\u00f1os de pantalla. La versi\u00f3n m\u00f3vil ofrece la misma funcionalidad que el sitio de escritorio. Como aplicaci\u00f3n web progresiva (PWA), no requiere instalar archivos de terceros para su uso.<\/p>\n<div class=\"banner-wrap\" aria-label=\"Banner\"><img src=\"https:\/\/theincaspin.org\/wp-content\/uploads\/2025\/12\/Incaspin-general-background-800\u2564\u0415342.webp\" class=\"w-100 d-none d-lg-block img-pc main-banner-img\" alt=\"Incaspin desktop banner\" fetchpriority=\"high\" decoding=\"async\"><img src=\"https:\/\/theincaspin.org\/wp-content\/uploads\/2025\/12\/Incaspin-mobile-banner.webp\" class=\"w-100 d-none d-md-block d-lg-none main-banner-img\" alt=\"Incaspin mobile banner\" fetchpriority=\"high\" decoding=\"async\"><img src=\"https:\/\/theincaspin.org\/wp-content\/uploads\/2025\/12\/Incaspin-mobile-banner.webp\" class=\"w-100 d-md-none\" alt=\"Incaspin mobile banner\" fetchpriority=\"high\" decoding=\"async\"><div class=\"banner-description\">\n<div class=\"banner-title\">Bonos de bienvenida<\/div>\n<p class=\"banner-header-title\">1500 \u20ac<\/p>\n<div class=\"banner-header-AdditionalText\">+ 250 Giros gratis<\/div>\n<button data-item=\"homepage_banner_link\" class=\"goto m-button m-gradient-border m-button--primary m-button--large banner-button btn-orange\">\n            <div class=\"m-button-content\">\n                <span>Reg\u00edstrese ahora<\/span>\n                <span><\/span>\n            <\/div>\n        <\/button>\n<\/div>\n<div class=\"WelcomePack\">\n<p><img loading=\"lazy\" decoding=\"async\" class=\"alignnone size-full wp-image-1339\" src=\"https:\/\/theincaspin.org\/wp-content\/uploads\/2025\/12\/welcome-crown.svg\" alt=\"crown\" width=\"25\" height=\"26\" \/><\/p>\n<div class=\"WelcomePack-Info\">Reembolso semanal de hasta el 25 %<\/div>\n<p><img loading=\"lazy\" decoding=\"async\" class=\"alignnone size-full wp-image-1339\" src=\"https:\/\/theincaspin.org\/wp-content\/uploads\/2025\/12\/welcome-crown.svg\" alt=\"crown\" width=\"25\" height=\"26\" \/><\/p>\n<\/div>\n<\/div>\n<h2>Incaspin Casino en Dispositivos M\u00f3viles<\/h2>\n<p>Al igual que la mayor\u00eda de plataformas modernas, Incaspin Casino ofrece una versi\u00f3n m\u00f3vil compatible con dispositivos Android e iOS. La interfaz est\u00e1 optimizada para pantallas m\u00e1s peque\u00f1as y dise\u00f1ada para una navegaci\u00f3n f\u00e1cil e intuitiva.<\/p>\n<p>La plataforma m\u00f3vil proporciona acceso a toda la biblioteca de juegos, con miles de t\u00edtulos, adem\u00e1s de opciones de pago, programas de bonos y soporte al cliente. Toda la transmisi\u00f3n de datos est\u00e1 asegurada mediante encriptaci\u00f3n SSL.<\/p>\n<p>Las caracter\u00edsticas principales de la experiencia m\u00f3vil de Incaspin reflejan las de la versi\u00f3n de escritorio, garantizando una transici\u00f3n fluida entre dispositivos.<\/p>\n<table>\n<tbody>\n<tr>\n<td>Caracter\u00edstica<\/td>\n<td>Software m\u00f3vil<\/td>\n<td>Versi\u00f3n para PC<\/td>\n<\/tr>\n<tr>\n<td>Accesibilidad<\/td>\n<td>Puedes disfrutar de los juegos de Incaspin en cualquier momento y en cualquier lugar, directamente desde tu smartphone o tableta.<\/td>\n<td>Se necesita un ordenador de sobremesa o port\u00e1til.<\/td>\n<\/tr>\n<tr>\n<td>Notificaciones<\/td>\n<td>Los usuarios reciben notificaciones push sobre bonificaciones, torneos y giros gratis en Incaspin.<\/td>\n<td>No hay notificaciones en tiempo real a menos que inicies sesi\u00f3n.<\/td>\n<\/tr>\n<tr>\n<td>Seguridad<\/td>\n<td>Puede utilizar el inicio de sesi\u00f3n biom\u00e9trico (Face ID o huella dactilar) en Incaspin para mayor seguridad.<\/td>\n<td>Solo se basa en un inicio de sesi\u00f3n con contrase\u00f1a.<\/td>\n<\/tr>\n<tr>\n<td>Acceso sin conexi\u00f3n<\/td>\n<td>Algunos juegos y funciones de la cuenta en Incaspin pueden funcionar incluso sin una conexi\u00f3n completa a Internet.<\/td>\n<td>Esta versi\u00f3n requiere una conexi\u00f3n estable en todo momento.<\/td>\n<\/tr>\n<\/tbody>\n<\/table>\n<p><div style=\"clear: both\"><\/div><div class=\"d-flex justify-content-center\"><button data-item=\"decouvrez_link\" data-group=\"website_links\" class=\"goto fw-bold rounded-pill btn btn-orange\" aria-label=\"Descarga la aplicaci\u00f3n Incaspin\" >Descarga la aplicaci\u00f3n Incaspin<\/button><\/div><div class=\"scrollable-content-wrap my-5\"><div class=\"scrollable-content-inner\"><h2>Incaspin App para Dispositivos Android<\/h2>\n<p>La versi\u00f3n m\u00f3vil de Incaspin permite acceder a la plataforma desde distintos lugares y dispositivos. Para usuarios de Android, est\u00e1 disponible una aplicaci\u00f3n web progresiva (PWA), que funciona en smartphones y tablets modernos sin necesidad de instalar archivos APK externos de fuentes no verificadas.<\/p>\n<p>La interfaz m\u00f3vil refleja la estructura y funciones del sitio de escritorio, optimizada para navegaci\u00f3n t\u00e1ctil y pantallas peque\u00f1as. Para a\u00f1adir el \u00edcono de la Incaspin app en un dispositivo Android, sigue estos pasos:<\/p>\n<ol>\n<li>Visita el sitio web oficial.<\/li>\n<li>Despl\u00e1zate hasta el pie de p\u00e1gina y selecciona la opci\u00f3n \u201cCasino App\u201d.<\/li>\n<li>Confirma la solicitud de instalaci\u00f3n.<\/li>\n<li>El \u00edcono de Incaspin aparecer\u00e1 en la pantalla de inicio de tu dispositivo.<\/li>\n<\/ol>\n<p>Para los usuarios que prefieren no instalar la app, la plataforma tambi\u00e9n se puede acceder mediante cualquier navegador m\u00f3vil. Muchos navegadores permiten adem\u00e1s a\u00f1adir un acceso directo en la pantalla de inicio para un acceso m\u00e1s r\u00e1pido.<\/p>\n<p><img loading=\"lazy\" decoding=\"async\" src=\"https:\/\/theincaspin.org\/wp-content\/uploads\/2025\/12\/Incaspin-Android.webp\" alt=\"Incaspin Android\" width=\"1248\" height=\"536\" \/><\/p>\n<\/div><\/div><div style=\"clear: both\"><\/div><div class=\"d-flex justify-content-center\"><button data-item=\"decouvrez_link\" data-group=\"website_links\" class=\"goto fw-bold rounded-pill btn btn-orange\" aria-label=\"Descargar Incaspin\" >Descargar Incaspin<\/button><\/div><div class=\"scrollable-content-wrap my-5\"><div class=\"scrollable-content-inner\"><h2>Incaspin App para Dispositivos iOS<\/h2>\n<p>Incaspin tambi\u00e9n se puede usar mediante cualquier navegador m\u00f3vil. La versi\u00f3n del navegador conserva la estructura y funciones del sitio de escritorio y est\u00e1 optimizada para controles t\u00e1ctiles.<\/p>\n<p>Para a\u00f1adir un acceso directo en la pantalla de inicio:<\/p>\n<ol>\n<li>Abre la app Atajos (Shortcuts) en tu dispositivo.<\/li>\n<li>Toca el \u00edcono + para crear un nuevo atajo.<\/li>\n<li>Selecciona \u201cA\u00f1adir acci\u00f3n\u201d e introduce la direcci\u00f3n web de Incaspin.<\/li>\n<li>Toca la flecha hacia abajo junto al nombre del atajo y elige \u201cA\u00f1adir a la pantalla de inicio\u201d.<\/li>\n<li>Opcionalmente, renombra el atajo y luego toca \u201cA\u00f1adir\u201d para confirmar.<\/li>\n<\/ol>\n<p><img loading=\"lazy\" decoding=\"async\" src=\"https:\/\/theincaspin.org\/wp-content\/uploads\/2025\/12\/Incaspin-iOS.webp\" alt=\"Incaspin iOS\" width=\"1248\" height=\"536\" \/><\/p>\n<\/div><\/div><div style=\"clear: both\"><\/div><div class=\"d-flex justify-content-center\"><button data-item=\"decouvrez_link\" data-group=\"website_links\" class=\"goto fw-bold rounded-pill btn btn-orange\" aria-label=\"Descarga la aplicaci\u00f3n Incaspin\" >Descarga la aplicaci\u00f3n Incaspin<\/button><\/div><div class=\"scrollable-content-wrap my-5\"><div class=\"scrollable-content-inner\"><h2>Acceso a Incaspin en Dispositivos Windows y macOS<\/h2>\n<p>Incaspin Casino tambi\u00e9n est\u00e1 disponible para usuarios de escritorio que prefieran jugar en un ordenador. La plataforma se puede utilizar a trav\u00e9s de cualquier navegador web moderno introduciendo la direcci\u00f3n del sitio web.<\/p>\n<p>Acceso r\u00e1pido:Para un acceso m\u00e1s r\u00e1pido, puedes a\u00f1adir un acceso directo en tu escritorio o pantalla de inicio usando la opci\u00f3n \u201cA\u00f1adir a la pantalla de inicio\u201d del navegador.Si necesitas ayuda, el servicio de atenci\u00f3n al cliente est\u00e1 disponible 24\/7 mediante chat en vivo o correo electr\u00f3nico.<\/p>\n<p><img loading=\"lazy\" decoding=\"async\" src=\"https:\/\/theincaspin.org\/wp-content\/uploads\/2025\/12\/Incaspin-Desktop.webp\" alt=\"Incaspin Desktop\" width=\"1248\" height=\"536\" \/><\/p>\n<\/div><\/div><div style=\"clear: both\"><\/div><div class=\"d-flex justify-content-center\"><button data-item=\"decouvrez_link\" data-group=\"website_links\" class=\"goto fw-bold rounded-pill btn btn-orange\" aria-label=\"Descargar Incaspin\" >Descargar Incaspin<\/button><\/div><div class=\"scrollable-content-wrap my-5\"><div class=\"scrollable-content-inner\"><h2>FAQ<\/h2>\n<h3>\u00bfHay Servicio de Atenci\u00f3n al Cliente en la App de Incaspin Casino?<\/h3>\n<p>La versi\u00f3n m\u00f3vil de Incaspin incluye las mismas funciones que la plataforma de escritorio, incluyendo atenci\u00f3n al cliente mediante chat en vivo. Tambi\u00e9n se puede recibir asistencia por correo electr\u00f3nico desde cualquier dispositivo, con soporte disponible 24\/7.<\/p>\n<h3>\u00bfNecesito una Cuenta para Usar la App de Incaspin?<\/h3>\n<p>Se requiere una cuenta para usar la app de Incaspin y acceder a funciones como juegos, m\u00e9todos de pago y atenci\u00f3n al cliente. El registro toma solo unos minutos e implica proporcionar informaci\u00f3n b\u00e1sica del usuario. Una vez completado el registro, todas las funciones de la plataforma estar\u00e1n disponibles dentro de la app.<\/p>\n<h3>\u00bfPuedo Realizar Dep\u00f3sitos y Retiros Directamente en la App?<\/h3>\n<p>Los dep\u00f3sitos y retiros se pueden realizar directamente a trav\u00e9s de la app de Incaspin, utilizando los mismos m\u00e9todos de pago que en la versi\u00f3n de escritorio. Es posible que se requiera verificaci\u00f3n de identidad antes de procesar el primer retiro, y todas las transacciones est\u00e1n sujetas a las pol\u00edticas est\u00e1ndar de la plataforma.<\/p>\n<\/div><\/div><\/p>\n","protected":false},"excerpt":{"rendered":"<p>Incaspin en Dispositivos M\u00f3viles La Incaspin app para Android e iOS permite acceder al cat\u00e1logo completo de juegos y a todas las funciones de la cuenta desde dispositivos m\u00f3viles. Funciona de manera fluida en smartphones y tablets modernos, adapt\u00e1ndose a distintos tama\u00f1os de pantalla. La versi\u00f3n m\u00f3vil ofrece la misma funcionalidad que el sitio de [&hellip;]<\/p>\n","protected":false},"author":1,"featured_media":0,"parent":0,"menu_order":0,"comment_status":"closed","ping_status":"closed","template":"template-builder.php","meta":{"_acf_changed":false,"inline_featured_image":false,"footnotes":""},"class_list":["post-1450","page","type-page","status-publish","hentry"],"acf":[],"yoast_head":"<!-- This site is optimized with the Yoast SEO plugin v27.3 - https:\/\/yoast.com\/product\/yoast-seo-wordpress\/ -->\n<title>Incaspin app Descargar | iOS y Android<\/title>\n<meta name=\"description\" content=\"La aplicaci\u00f3n Incaspin garantiza una experiencia de juego impecable en las plataformas Android, iOS, Windows y macOS, con sincronizaci\u00f3n de cuentas, actualizaciones peri\u00f3dicas y asistencia al cliente integrada para facilitar su uso.\" \/>\n<meta name=\"robots\" content=\"index, follow, max-snippet:-1, max-image-preview:large, max-video-preview:-1\" \/>\n<link rel=\"canonical\" href=\"https:\/\/theincaspin.org\/es\/aplicacion\/\" \/>\n<meta property=\"og:locale\" content=\"es_ES\" \/>\n<meta property=\"og:type\" content=\"article\" \/>\n<meta property=\"og:title\" content=\"Incaspin app Descargar | iOS y Android\" \/>\n<meta property=\"og:description\" content=\"La aplicaci\u00f3n Incaspin garantiza una experiencia de juego impecable en las plataformas Android, iOS, Windows y macOS, con sincronizaci\u00f3n de cuentas, actualizaciones peri\u00f3dicas y asistencia al cliente integrada para facilitar su uso.\" \/>\n<meta property=\"og:url\" content=\"https:\/\/theincaspin.org\/es\/aplicacion\/\" \/>\n<meta property=\"og:site_name\" content=\"incaspin\" \/>\n<meta property=\"article:modified_time\" content=\"2025-12-04T14:14:06+00:00\" \/>\n<meta name=\"twitter:card\" content=\"summary_large_image\" \/>\n<meta name=\"twitter:label1\" content=\"Est. reading time\" \/>\n\t<meta name=\"twitter:data1\" content=\"2 minutes\" \/>\n<script type=\"application\/ld+json\" class=\"yoast-schema-graph\">{\"@context\":\"https:\\\/\\\/schema.org\",\"@graph\":[{\"@type\":\"WebPage\",\"@id\":\"https:\\\/\\\/theincaspin.org\\\/es\\\/aplicacion\\\/\",\"url\":\"https:\\\/\\\/theincaspin.org\\\/es\\\/aplicacion\\\/\",\"name\":\"Incaspin app Descargar | iOS y Android\",\"isPartOf\":{\"@id\":\"https:\\\/\\\/theincaspin.org\\\/es\\\/#website\"},\"datePublished\":\"2025-12-04T09:27:49+00:00\",\"dateModified\":\"2025-12-04T14:14:06+00:00\",\"description\":\"La aplicaci\u00f3n Incaspin garantiza una experiencia de juego impecable en las plataformas Android, iOS, Windows y macOS, con sincronizaci\u00f3n de cuentas, actualizaciones peri\u00f3dicas y asistencia al cliente integrada para facilitar su uso.\",\"breadcrumb\":{\"@id\":\"https:\\\/\\\/theincaspin.org\\\/es\\\/aplicacion\\\/#breadcrumb\"},\"inLanguage\":\"es-ES\",\"potentialAction\":[{\"@type\":\"ReadAction\",\"target\":[\"https:\\\/\\\/theincaspin.org\\\/es\\\/aplicacion\\\/\"]}]},{\"@type\":\"BreadcrumbList\",\"@id\":\"https:\\\/\\\/theincaspin.org\\\/es\\\/aplicacion\\\/#breadcrumb\",\"itemListElement\":[{\"@type\":\"ListItem\",\"position\":1,\"name\":\"Incaspin\",\"item\":\"https:\\\/\\\/theincaspin.org\\\/es\\\/\"},{\"@type\":\"ListItem\",\"position\":2,\"name\":\"Aplicaci\u00f3n\"}]},{\"@type\":\"WebSite\",\"@id\":\"https:\\\/\\\/theincaspin.org\\\/es\\\/#website\",\"url\":\"https:\\\/\\\/theincaspin.org\\\/es\\\/\",\"name\":\"Incaspin\",\"description\":\"\",\"publisher\":{\"@id\":\"https:\\\/\\\/theincaspin.org\\\/es\\\/#organization\"},\"potentialAction\":[{\"@type\":\"SearchAction\",\"target\":{\"@type\":\"EntryPoint\",\"urlTemplate\":\"https:\\\/\\\/theincaspin.org\\\/es\\\/?s={search_term_string}\"},\"query-input\":{\"@type\":\"PropertyValueSpecification\",\"valueRequired\":true,\"valueName\":\"search_term_string\"}}],\"inLanguage\":\"es-ES\"},{\"@type\":\"Organization\",\"@id\":\"https:\\\/\\\/theincaspin.org\\\/es\\\/#organization\",\"name\":\"Incaspin\",\"url\":\"https:\\\/\\\/theincaspin.org\\\/es\\\/\",\"logo\":{\"@type\":\"ImageObject\",\"inLanguage\":\"es-ES\",\"@id\":\"https:\\\/\\\/theincaspin.org\\\/es\\\/#\\\/schema\\\/logo\\\/image\\\/\",\"url\":\"https:\\\/\\\/theincaspin.org\\\/wp-content\\\/uploads\\\/2025\\\/12\\\/Casino-logo-Desktop.svg\",\"contentUrl\":\"https:\\\/\\\/theincaspin.org\\\/wp-content\\\/uploads\\\/2025\\\/12\\\/Casino-logo-Desktop.svg\",\"width\":63,\"height\":24,\"caption\":\"Incaspin\"},\"image\":{\"@id\":\"https:\\\/\\\/theincaspin.org\\\/es\\\/#\\\/schema\\\/logo\\\/image\\\/\"}}]}<\/script>\n<!-- \/ Yoast SEO plugin. -->","yoast_head_json":{"title":"Incaspin app Descargar | iOS y Android","description":"La aplicaci\u00f3n Incaspin garantiza una experiencia de juego impecable en las plataformas Android, iOS, Windows y macOS, con sincronizaci\u00f3n de cuentas, actualizaciones peri\u00f3dicas y asistencia al cliente integrada para facilitar su uso.","robots":{"index":"index","follow":"follow","max-snippet":"max-snippet:-1","max-image-preview":"max-image-preview:large","max-video-preview":"max-video-preview:-1"},"canonical":"https:\/\/theincaspin.org\/es\/aplicacion\/","og_locale":"es_ES","og_type":"article","og_title":"Incaspin app Descargar | iOS y Android","og_description":"La aplicaci\u00f3n Incaspin garantiza una experiencia de juego impecable en las plataformas Android, iOS, Windows y macOS, con sincronizaci\u00f3n de cuentas, actualizaciones peri\u00f3dicas y asistencia al cliente integrada para facilitar su uso.","og_url":"https:\/\/theincaspin.org\/es\/aplicacion\/","og_site_name":"incaspin","article_modified_time":"2025-12-04T14:14:06+00:00","twitter_card":"summary_large_image","twitter_misc":{"Est. reading time":"2 minutes"},"schema":{"@context":"https:\/\/schema.org","@graph":[{"@type":"WebPage","@id":"https:\/\/theincaspin.org\/es\/aplicacion\/","url":"https:\/\/theincaspin.org\/es\/aplicacion\/","name":"Incaspin app Descargar | iOS y Android","isPartOf":{"@id":"https:\/\/theincaspin.org\/es\/#website"},"datePublished":"2025-12-04T09:27:49+00:00","dateModified":"2025-12-04T14:14:06+00:00","description":"La aplicaci\u00f3n Incaspin garantiza una experiencia de juego impecable en las plataformas Android, iOS, Windows y macOS, con sincronizaci\u00f3n de cuentas, actualizaciones peri\u00f3dicas y asistencia al cliente integrada para facilitar su uso.","breadcrumb":{"@id":"https:\/\/theincaspin.org\/es\/aplicacion\/#breadcrumb"},"inLanguage":"es-ES","potentialAction":[{"@type":"ReadAction","target":["https:\/\/theincaspin.org\/es\/aplicacion\/"]}]},{"@type":"BreadcrumbList","@id":"https:\/\/theincaspin.org\/es\/aplicacion\/#breadcrumb","itemListElement":[{"@type":"ListItem","position":1,"name":"Incaspin","item":"https:\/\/theincaspin.org\/es\/"},{"@type":"ListItem","position":2,"name":"Aplicaci\u00f3n"}]},{"@type":"WebSite","@id":"https:\/\/theincaspin.org\/es\/#website","url":"https:\/\/theincaspin.org\/es\/","name":"Incaspin","description":"","publisher":{"@id":"https:\/\/theincaspin.org\/es\/#organization"},"potentialAction":[{"@type":"SearchAction","target":{"@type":"EntryPoint","urlTemplate":"https:\/\/theincaspin.org\/es\/?s={search_term_string}"},"query-input":{"@type":"PropertyValueSpecification","valueRequired":true,"valueName":"search_term_string"}}],"inLanguage":"es-ES"},{"@type":"Organization","@id":"https:\/\/theincaspin.org\/es\/#organization","name":"Incaspin","url":"https:\/\/theincaspin.org\/es\/","logo":{"@type":"ImageObject","inLanguage":"es-ES","@id":"https:\/\/theincaspin.org\/es\/#\/schema\/logo\/image\/","url":"https:\/\/theincaspin.org\/wp-content\/uploads\/2025\/12\/Casino-logo-Desktop.svg","contentUrl":"https:\/\/theincaspin.org\/wp-content\/uploads\/2025\/12\/Casino-logo-Desktop.svg","width":63,"height":24,"caption":"Incaspin"},"image":{"@id":"https:\/\/theincaspin.org\/es\/#\/schema\/logo\/image\/"}}]}},"_links":{"self":[{"href":"https:\/\/theincaspin.org\/es\/wp-json\/wp\/v2\/pages\/1450","targetHints":{"allow":["GET"]}}],"collection":[{"href":"https:\/\/theincaspin.org\/es\/wp-json\/wp\/v2\/pages"}],"about":[{"href":"https:\/\/theincaspin.org\/es\/wp-json\/wp\/v2\/types\/page"}],"author":[{"embeddable":true,"href":"https:\/\/theincaspin.org\/es\/wp-json\/wp\/v2\/users\/1"}],"replies":[{"embeddable":true,"href":"https:\/\/theincaspin.org\/es\/wp-json\/wp\/v2\/comments?post=1450"}],"version-history":[{"count":2,"href":"https:\/\/theincaspin.org\/es\/wp-json\/wp\/v2\/pages\/1450\/revisions"}],"predecessor-version":[{"id":1823,"href":"https:\/\/theincaspin.org\/es\/wp-json\/wp\/v2\/pages\/1450\/revisions\/1823"}],"wp:attachment":[{"href":"https:\/\/theincaspin.org\/es\/wp-json\/wp\/v2\/media?parent=1450"}],"curies":[{"name":"wp","href":"https:\/\/api.w.org\/{rel}","templated":true}]}}