{"id":1484,"date":"2025-12-04T09:32:07","date_gmt":"2025-12-04T09:32:07","guid":{"rendered":"https:\/\/theincaspin.org\/login-and-registration\/"},"modified":"2025-12-04T12:05:07","modified_gmt":"2025-12-04T12:05:07","slug":"anmeldung-und-registrierung","status":"publish","type":"page","link":"https:\/\/theincaspin.org\/de\/anmeldung-und-registrierung\/","title":{"rendered":"Anmeldung und Registrierung"},"content":{"rendered":"<h1>Incaspin Login, Registrierung und Kontoverwaltung<\/h1>\n<p>Um auf Spiele und andere Funktionen von Incaspin zuzugreifen, muss der Incaspin Login abgeschlossen werden. Die Registrierung steht Personen ab 18 Jahren offen, und jeder Nutzer darf gem\u00e4\u00df den Plattformregeln nur ein Konto besitzen. Durch die Eingabe der registrierten Zugangsdaten \u00fcber den Incaspin Login erhalten Sie Zugriff auf Ihr pers\u00f6nliches Profil, um Kontoeinstellungen zu verwalten und alle verf\u00fcgbaren Dienste zu nutzen.<\/p>\n<p><div class=\"banner-wrap\" aria-label=\"Banner\"><img src=\"https:\/\/theincaspin.org\/wp-content\/uploads\/2025\/12\/Incaspin-general-background-800\u2564\u0415342.webp\" class=\"w-100 d-none d-lg-block img-pc main-banner-img\" alt=\"Incaspin desktop banner\" fetchpriority=\"high\" decoding=\"async\"><img src=\"https:\/\/theincaspin.org\/wp-content\/uploads\/2025\/12\/Incaspin-mobile-banner.webp\" class=\"w-100 d-none d-md-block d-lg-none main-banner-img\" alt=\"Incaspin mobile banner\" fetchpriority=\"high\" decoding=\"async\"><img src=\"https:\/\/theincaspin.org\/wp-content\/uploads\/2025\/12\/Incaspin-mobile-banner.webp\" class=\"w-100 d-md-none\" alt=\"Incaspin mobile banner\" fetchpriority=\"high\" decoding=\"async\"><div class=\"banner-description\">\n<div class=\"banner-title\">Willkommensboni<\/div>\n<p class=\"banner-header-title\">1500 \u20ac<\/p>\n<div class=\"banner-header-AdditionalText\">+ 250 Freispiele<\/div>\n<button data-item=\"homepage_banner_link\" class=\"goto m-button m-gradient-border m-button--primary m-button--large banner-button btn-orange\">\n            <div class=\"m-button-content\">\n                <span>Jetzt anmelden<\/span>\n                <span><\/span>\n            <\/div>\n        <\/button>\n<\/div>\n<div class=\"WelcomePack\">\n<p><img loading=\"lazy\" decoding=\"async\" class=\"alignnone size-full wp-image-1338\" src=\"https:\/\/theincaspin.org\/wp-content\/uploads\/2025\/12\/welcome-crown.svg\" alt=\"crown\" width=\"25\" height=\"26\" \/><\/p>\n<div class=\"WelcomePack-Info\">W\u00f6chentlicher Cashback von bis zu 25 %<\/div>\n<p><img loading=\"lazy\" decoding=\"async\" class=\"alignnone size-full wp-image-1338\" src=\"https:\/\/theincaspin.org\/wp-content\/uploads\/2025\/12\/welcome-crown.svg\" alt=\"crown\" width=\"25\" height=\"26\" \/><\/p>\n<\/div>\n<\/div><div class=\"scrollable-content-wrap my-5\"><div class=\"scrollable-content-inner\"><h2>Incaspin Casino Registrierung<\/h2>\n<p>Die Erstellung eines Kontos bei Incaspin Casino erfolgt schnell und erm\u00f6glicht den vollst\u00e4ndigen Zugriff auf alle Funktionen der Plattform. Nach der Registrierung k\u00f6nnen Nutzer Einzahlungen t\u00e4tigen, an laufenden Promotionen teilnehmen, Tausende von Spielen spielen und Auszahlungen beantragen.<\/p>\n<p>Um zu beginnen, \u00f6ffnen Sie die Website in einem modernen Browser auf dem Computer oder mobilen Ger\u00e4t und klicken Sie auf die Schaltfl\u00e4che \u201eSign Up\u201c oben rechts auf der Startseite. Neue Nutzer m\u00fcssen eine E-Mail-Adresse angeben und ein Passwort mit mindestens sechs Zeichen erstellen. Au\u00dferdem ist die Altersverifikation (18+) sowie die Zustimmung zu den Nutzungsbedingungen der Plattform erforderlich.<\/p>\n<p>Im Anschluss erfasst das Registrierungsformular pers\u00f6nliche Daten wie Name, Adresse und Kontaktdetails. Nach Abschluss der Registrierung wird der Nutzer automatisch in sein Konto eingeloggt, sodass die erste Einzahlung get\u00e4tigt oder Spiele im Demomodus ausprobiert werden k\u00f6nnen. F\u00fcr weitere Besuche kann das Konto \u00fcber die Incaspin Login-Seite aufgerufen werden.<\/p>\n<h2>Zugriff auf und Verwaltung eines Incaspin-Kontos<\/h2>\n<p>Die Incaspin Login erm\u00f6glicht Nutzern den Zugriff auf alle Funktionen der Plattform, einschlie\u00dflich einer Spielbibliothek mit Tausenden von Titeln, verf\u00fcgbaren Zahlungsmethoden und mehrsprachigem Kundensupport. Zum Einloggen geben Sie die E-Mail-Adresse und das Passwort ein, die bei der Registrierung angegeben wurden.<\/p>\n<p>Im pers\u00f6nlichen Kontobereich k\u00f6nnen Nutzer Ein- und Auszahlungen verwalten, Bonusdetails einsehen und pers\u00f6nliche Informationen aktualisieren. Diese Funktionen sind darauf ausgelegt, die Kontoverwaltung zu erleichtern und eine reibungslose Nutzung der Plattform zu gew\u00e4hrleisten.<\/p>\n<table>\n<tbody>\n<tr>\n<td>Funktion<\/td>\n<td>Details<\/td>\n<\/tr>\n<tr>\n<td>Transaktionsverlauf<\/td>\n<td>Ihr vollst\u00e4ndiger Einzahlungs-, Auszahlungs- und Wettverlauf ist im pers\u00f6nlichen Incaspin-Konto einsehbar.<\/td>\n<\/tr>\n<tr>\n<td>Identit\u00e4tspr\u00fcfung (KYC)<\/td>\n<td>Innerhalb Ihres Kontos k\u00f6nnen Sie Ausweisdokumente hochladen, um die Verifizierung abzuschlie\u00dfen und Auszahlungen zu erm\u00f6glichen.<\/td>\n<\/tr>\n<tr>\n<td>Tools f\u00fcr verantwortungsbewusstes Spielen<\/td>\n<td>In Ihrem Konto k\u00f6nnen Sie Limits f\u00fcr Einzahlungen, Verluste oder Spielsitzungen festlegen. Zus\u00e4tzlich steht bei Bedarf die Funktion zur Selbstsperre zur Verf\u00fcgung.<\/td>\n<\/tr>\n<tr>\n<td>Verwaltung personenbezogener Daten<\/td>\n<td>Benutzer k\u00f6nnen pers\u00f6nliche Daten wie E-Mail, Adresse oder Passwort sicher in ihrem Incaspin-Konto aktualisieren.<\/td>\n<\/tr>\n<tr>\n<td>Sicherheitseinstellungen<\/td>\n<td>Sie haben die M\u00f6glichkeit, zur zus\u00e4tzlichen Sicherheit die Zwei-Faktor-Authentifizierung oder die biometrische Anmeldung zu aktivieren.<\/td>\n<\/tr>\n<\/tbody>\n<\/table>\n<h3>Passwort vergessen?<\/h3>\n<p>Wenn Sie Ihr Incaspin-Passwort vergessen haben, k\u00f6nnen Sie es \u00fcber die Standard-Wiederherstellungsoption auf der Anmeldeseite zur\u00fccksetzen. Klicken Sie auf den Link \u201ePasswort vergessen?\u201c und geben Sie die E-Mail-Adresse ein, die mit Ihrem Konto verkn\u00fcpft ist. Ein Link zum Zur\u00fccksetzen des Passworts wird an diese E-Mail-Adresse gesendet, mit dem Sie ein neues Passwort erstellen und wieder Zugriff auf Ihr Konto erhalten k\u00f6nnen.<\/p>\n<h3>Kontobest\u00e4tigungsprozess bei Incaspin Casino<\/h3>\n<p>Incaspin verlangt eine Kontoverifizierung, um Sicherheits- und Betrugspr\u00e4ventionsstandards einzuhalten. Jeder Nutzer darf gem\u00e4\u00df den Plattformregeln nur ein Konto besitzen.<\/p>\n<p>Die Verifizierung muss vor der ersten Auszahlung abgeschlossen sein. Der Prozess beinhaltet das Einreichen klarer Kopien oder Fotos pers\u00f6nlicher Dokumente, die in der Regel innerhalb von 48 Stunden \u00fcberpr\u00fcft werden. Nach Abschluss der Verifizierung erhalten die Nutzer eine Benachrichtigung.<\/p>\n<p>Die \u00fcblicherweise angeforderten Dokumente umfassen:<\/p>\n<ul>\n<li>Einen g\u00fcltigen Reisepass, Personalausweis oder F\u00fchrerschein<\/li>\n<li>Eine aktuelle Rechnung oder einen Kontoauszug der letzten sechs Monate<\/li>\n<li>Einen Screenshot oder ein offizielles Dokument, das den Besitz der gew\u00e4hlten Zahlungsmethode best\u00e4tigt<\/li>\n<\/ul>\n<h2>FAQ<\/h2>\n<h3>Wie kann ich mein Konto verifizieren?<\/h3>\n<p>Die Verifizierung eines Incaspin-Kontos ist erforderlich, bevor die erste Auszahlung vorgenommen werden kann. Dabei m\u00fcssen pers\u00f6nliche Dokumente hochgeladen werden, um Ihre Identit\u00e4t, Adresse und den Besitz der gew\u00e4hlten Zahlungsmethode zu best\u00e4tigen. \u00dcbliche Dokumente sind ein Reisepass oder F\u00fchrerschein, eine aktuelle Rechnung oder ein Kontoauszug sowie ein Nachweis \u00fcber die verwendete Zahlungsmethode. Die \u00dcberpr\u00fcfung dauert in der Regel bis zu 48 Stunden.<\/p>\n<h3>Kann ich mein Passwort oder meine E-Mail-Adresse \u00e4ndern?<\/h3>\n<p>Ja, Sie k\u00f6nnen Ihr Passwort oder Ihre E-Mail-Adresse jederzeit aktualisieren. Greifen Sie dazu einfach auf die Kontoeinstellungen zu, wo pers\u00f6nliche Daten und Zahlungsinformationen sicher verwaltet und ge\u00e4ndert werden k\u00f6nnen.<\/p>\n<h3>Was soll ich tun, wenn mein Konto gesperrt ist?<\/h3>\n<p>Wenn Ihr Incaspin-Konto gesperrt ist, pr\u00fcfen Sie Ihre E-Mails auf eine Nachricht mit Angaben zum Grund und den n\u00e4chsten Schritten. Sollten Sie keine E-Mail erhalten haben, wenden Sie sich bitte \u00fcber den Live-Chat oder per E-Mail an den Kundensupport. Das Support-Team hilft Ihnen, das Problem zu l\u00f6sen und den Zugriff auf Ihr Konto wiederherzustellen.<\/p>\n<\/div><\/div><\/p>\n","protected":false},"excerpt":{"rendered":"<p>Incaspin Login, Registrierung und Kontoverwaltung Um auf Spiele und andere Funktionen von Incaspin zuzugreifen, muss der Incaspin Login abgeschlossen werden. Die Registrierung steht Personen ab 18 Jahren offen, und jeder Nutzer darf gem\u00e4\u00df den Plattformregeln nur ein Konto besitzen. Durch die Eingabe der registrierten Zugangsdaten \u00fcber den Incaspin Login erhalten Sie Zugriff auf Ihr pers\u00f6nliches [&hellip;]<\/p>\n","protected":false},"author":1,"featured_media":0,"parent":0,"menu_order":0,"comment_status":"closed","ping_status":"closed","template":"template-builder.php","meta":{"_acf_changed":false,"inline_featured_image":false,"footnotes":""},"class_list":["post-1484","page","type-page","status-publish","hentry"],"acf":[],"yoast_head":"<!-- This site is optimized with the Yoast SEO plugin v27.3 - https:\/\/yoast.com\/product\/yoast-seo-wordpress\/ -->\n<title>Incaspin-Login \u2013 Registrieren und Konto verwalten<\/title>\n<meta name=\"description\" content=\"Erstellen, verwalten und \u00fcberpr\u00fcfen Sie Ihr Incaspin Casino-Konto ganz einfach mit schneller Registrierung, nahtloser Kontowiederherstellung und sicherer Kontoschlie\u00dfung, die Ihnen rund um die Uhr Schutz durch Incaspin Login gew\u00e4hrleistet.\" \/>\n<meta name=\"robots\" content=\"index, follow, max-snippet:-1, max-image-preview:large, max-video-preview:-1\" \/>\n<link rel=\"canonical\" href=\"https:\/\/theincaspin.org\/de\/anmeldung-und-registrierung\/\" \/>\n<meta property=\"og:locale\" content=\"de_DE\" \/>\n<meta property=\"og:type\" content=\"article\" \/>\n<meta property=\"og:title\" content=\"Incaspin-Login \u2013 Registrieren und Konto verwalten\" \/>\n<meta property=\"og:description\" content=\"Erstellen, verwalten und \u00fcberpr\u00fcfen Sie Ihr Incaspin Casino-Konto ganz einfach mit schneller Registrierung, nahtloser Kontowiederherstellung und sicherer Kontoschlie\u00dfung, die Ihnen rund um die Uhr Schutz durch Incaspin Login gew\u00e4hrleistet.\" \/>\n<meta property=\"og:url\" content=\"https:\/\/theincaspin.org\/de\/anmeldung-und-registrierung\/\" \/>\n<meta property=\"og:site_name\" content=\"incaspin\" \/>\n<meta property=\"article:modified_time\" content=\"2025-12-04T12:05:07+00:00\" \/>\n<meta name=\"twitter:card\" content=\"summary_large_image\" \/>\n<meta name=\"twitter:label1\" content=\"Gesch\u00e4tzte Lesezeit\" \/>\n\t<meta name=\"twitter:data1\" content=\"1\u00a0Minute\" \/>\n<script type=\"application\/ld+json\" class=\"yoast-schema-graph\">{\"@context\":\"https:\\\/\\\/schema.org\",\"@graph\":[{\"@type\":\"WebPage\",\"@id\":\"https:\\\/\\\/theincaspin.org\\\/de\\\/anmeldung-und-registrierung\\\/\",\"url\":\"https:\\\/\\\/theincaspin.org\\\/de\\\/anmeldung-und-registrierung\\\/\",\"name\":\"Incaspin-Login \u2013 Registrieren und Konto verwalten\",\"isPartOf\":{\"@id\":\"https:\\\/\\\/theincaspin.org\\\/de\\\/#website\"},\"datePublished\":\"2025-12-04T09:32:07+00:00\",\"dateModified\":\"2025-12-04T12:05:07+00:00\",\"description\":\"Erstellen, verwalten und \u00fcberpr\u00fcfen Sie Ihr Incaspin Casino-Konto ganz einfach mit schneller Registrierung, nahtloser Kontowiederherstellung und sicherer Kontoschlie\u00dfung, die Ihnen rund um die Uhr Schutz durch Incaspin Login gew\u00e4hrleistet.\",\"breadcrumb\":{\"@id\":\"https:\\\/\\\/theincaspin.org\\\/de\\\/anmeldung-und-registrierung\\\/#breadcrumb\"},\"inLanguage\":\"de\",\"potentialAction\":[{\"@type\":\"ReadAction\",\"target\":[\"https:\\\/\\\/theincaspin.org\\\/de\\\/anmeldung-und-registrierung\\\/\"]}]},{\"@type\":\"BreadcrumbList\",\"@id\":\"https:\\\/\\\/theincaspin.org\\\/de\\\/anmeldung-und-registrierung\\\/#breadcrumb\",\"itemListElement\":[{\"@type\":\"ListItem\",\"position\":1,\"name\":\"Incaspin\",\"item\":\"https:\\\/\\\/theincaspin.org\\\/de\\\/\"},{\"@type\":\"ListItem\",\"position\":2,\"name\":\"Anmeldung und Registrierung\"}]},{\"@type\":\"WebSite\",\"@id\":\"https:\\\/\\\/theincaspin.org\\\/de\\\/#website\",\"url\":\"https:\\\/\\\/theincaspin.org\\\/de\\\/\",\"name\":\"Incaspin\",\"description\":\"\",\"publisher\":{\"@id\":\"https:\\\/\\\/theincaspin.org\\\/de\\\/#organization\"},\"potentialAction\":[{\"@type\":\"SearchAction\",\"target\":{\"@type\":\"EntryPoint\",\"urlTemplate\":\"https:\\\/\\\/theincaspin.org\\\/de\\\/?s={search_term_string}\"},\"query-input\":{\"@type\":\"PropertyValueSpecification\",\"valueRequired\":true,\"valueName\":\"search_term_string\"}}],\"inLanguage\":\"de\"},{\"@type\":\"Organization\",\"@id\":\"https:\\\/\\\/theincaspin.org\\\/de\\\/#organization\",\"name\":\"Incaspin\",\"url\":\"https:\\\/\\\/theincaspin.org\\\/de\\\/\",\"logo\":{\"@type\":\"ImageObject\",\"inLanguage\":\"de\",\"@id\":\"https:\\\/\\\/theincaspin.org\\\/de\\\/#\\\/schema\\\/logo\\\/image\\\/\",\"url\":\"https:\\\/\\\/theincaspin.org\\\/wp-content\\\/uploads\\\/2025\\\/12\\\/Casino-logo-Desktop.svg\",\"contentUrl\":\"https:\\\/\\\/theincaspin.org\\\/wp-content\\\/uploads\\\/2025\\\/12\\\/Casino-logo-Desktop.svg\",\"width\":63,\"height\":24,\"caption\":\"Incaspin\"},\"image\":{\"@id\":\"https:\\\/\\\/theincaspin.org\\\/de\\\/#\\\/schema\\\/logo\\\/image\\\/\"}}]}<\/script>\n<!-- \/ Yoast SEO plugin. -->","yoast_head_json":{"title":"Incaspin-Login \u2013 Registrieren und Konto verwalten","description":"Erstellen, verwalten und \u00fcberpr\u00fcfen Sie Ihr Incaspin Casino-Konto ganz einfach mit schneller Registrierung, nahtloser Kontowiederherstellung und sicherer Kontoschlie\u00dfung, die Ihnen rund um die Uhr Schutz durch Incaspin Login gew\u00e4hrleistet.","robots":{"index":"index","follow":"follow","max-snippet":"max-snippet:-1","max-image-preview":"max-image-preview:large","max-video-preview":"max-video-preview:-1"},"canonical":"https:\/\/theincaspin.org\/de\/anmeldung-und-registrierung\/","og_locale":"de_DE","og_type":"article","og_title":"Incaspin-Login \u2013 Registrieren und Konto verwalten","og_description":"Erstellen, verwalten und \u00fcberpr\u00fcfen Sie Ihr Incaspin Casino-Konto ganz einfach mit schneller Registrierung, nahtloser Kontowiederherstellung und sicherer Kontoschlie\u00dfung, die Ihnen rund um die Uhr Schutz durch Incaspin Login gew\u00e4hrleistet.","og_url":"https:\/\/theincaspin.org\/de\/anmeldung-und-registrierung\/","og_site_name":"incaspin","article_modified_time":"2025-12-04T12:05:07+00:00","twitter_card":"summary_large_image","twitter_misc":{"Gesch\u00e4tzte Lesezeit":"1\u00a0Minute"},"schema":{"@context":"https:\/\/schema.org","@graph":[{"@type":"WebPage","@id":"https:\/\/theincaspin.org\/de\/anmeldung-und-registrierung\/","url":"https:\/\/theincaspin.org\/de\/anmeldung-und-registrierung\/","name":"Incaspin-Login \u2013 Registrieren und Konto verwalten","isPartOf":{"@id":"https:\/\/theincaspin.org\/de\/#website"},"datePublished":"2025-12-04T09:32:07+00:00","dateModified":"2025-12-04T12:05:07+00:00","description":"Erstellen, verwalten und \u00fcberpr\u00fcfen Sie Ihr Incaspin Casino-Konto ganz einfach mit schneller Registrierung, nahtloser Kontowiederherstellung und sicherer Kontoschlie\u00dfung, die Ihnen rund um die Uhr Schutz durch Incaspin Login gew\u00e4hrleistet.","breadcrumb":{"@id":"https:\/\/theincaspin.org\/de\/anmeldung-und-registrierung\/#breadcrumb"},"inLanguage":"de","potentialAction":[{"@type":"ReadAction","target":["https:\/\/theincaspin.org\/de\/anmeldung-und-registrierung\/"]}]},{"@type":"BreadcrumbList","@id":"https:\/\/theincaspin.org\/de\/anmeldung-und-registrierung\/#breadcrumb","itemListElement":[{"@type":"ListItem","position":1,"name":"Incaspin","item":"https:\/\/theincaspin.org\/de\/"},{"@type":"ListItem","position":2,"name":"Anmeldung und Registrierung"}]},{"@type":"WebSite","@id":"https:\/\/theincaspin.org\/de\/#website","url":"https:\/\/theincaspin.org\/de\/","name":"Incaspin","description":"","publisher":{"@id":"https:\/\/theincaspin.org\/de\/#organization"},"potentialAction":[{"@type":"SearchAction","target":{"@type":"EntryPoint","urlTemplate":"https:\/\/theincaspin.org\/de\/?s={search_term_string}"},"query-input":{"@type":"PropertyValueSpecification","valueRequired":true,"valueName":"search_term_string"}}],"inLanguage":"de"},{"@type":"Organization","@id":"https:\/\/theincaspin.org\/de\/#organization","name":"Incaspin","url":"https:\/\/theincaspin.org\/de\/","logo":{"@type":"ImageObject","inLanguage":"de","@id":"https:\/\/theincaspin.org\/de\/#\/schema\/logo\/image\/","url":"https:\/\/theincaspin.org\/wp-content\/uploads\/2025\/12\/Casino-logo-Desktop.svg","contentUrl":"https:\/\/theincaspin.org\/wp-content\/uploads\/2025\/12\/Casino-logo-Desktop.svg","width":63,"height":24,"caption":"Incaspin"},"image":{"@id":"https:\/\/theincaspin.org\/de\/#\/schema\/logo\/image\/"}}]}},"_links":{"self":[{"href":"https:\/\/theincaspin.org\/de\/wp-json\/wp\/v2\/pages\/1484","targetHints":{"allow":["GET"]}}],"collection":[{"href":"https:\/\/theincaspin.org\/de\/wp-json\/wp\/v2\/pages"}],"about":[{"href":"https:\/\/theincaspin.org\/de\/wp-json\/wp\/v2\/types\/page"}],"author":[{"embeddable":true,"href":"https:\/\/theincaspin.org\/de\/wp-json\/wp\/v2\/users\/1"}],"replies":[{"embeddable":true,"href":"https:\/\/theincaspin.org\/de\/wp-json\/wp\/v2\/comments?post=1484"}],"version-history":[{"count":2,"href":"https:\/\/theincaspin.org\/de\/wp-json\/wp\/v2\/pages\/1484\/revisions"}],"predecessor-version":[{"id":1638,"href":"https:\/\/theincaspin.org\/de\/wp-json\/wp\/v2\/pages\/1484\/revisions\/1638"}],"wp:attachment":[{"href":"https:\/\/theincaspin.org\/de\/wp-json\/wp\/v2\/media?parent=1484"}],"curies":[{"name":"wp","href":"https:\/\/api.w.org\/{rel}","templated":true}]}}