{"id":1455,"date":"2025-12-04T09:40:04","date_gmt":"2025-12-04T09:40:04","guid":{"rendered":"https:\/\/theincaspin.org\/bonus\/"},"modified":"2025-12-04T12:10:41","modified_gmt":"2025-12-04T12:10:41","slug":"aktionen","status":"publish","type":"page","link":"https:\/\/theincaspin.org\/de\/aktionen\/","title":{"rendered":"Aktionen"},"content":{"rendered":"<h1>Incaspin Bonusprogramme<\/h1>\n<p>Das Incaspin Bonus-Programm umfasst ein Willkommenspaket von bis zu 1.500 \u20ac und 250 Freispiele, verteilt auf die ersten drei Einzahlungen f\u00fcr neue Nutzer. Weitere Promotionen k\u00f6nnen Cashback, Rakeback, Turniere und andere laufende Angebote beinhalten. Detaillierte Informationen sowie die vollst\u00e4ndigen Bedingungen finden Sie im Promotionsbereich der Plattform.<\/p>\n<p><div class=\"banner-wrap\" aria-label=\"Banner\"><img src=\"https:\/\/theincaspin.org\/wp-content\/uploads\/2025\/12\/Incaspin-general-background-800\u2564\u0415342.webp\" class=\"w-100 d-none d-lg-block img-pc main-banner-img\" alt=\"Incaspin desktop banner\" fetchpriority=\"high\" decoding=\"async\"><img src=\"https:\/\/theincaspin.org\/wp-content\/uploads\/2025\/12\/Incaspin-mobile-banner.webp\" class=\"w-100 d-none d-md-block d-lg-none main-banner-img\" alt=\"Incaspin mobile banner\" fetchpriority=\"high\" decoding=\"async\"><img src=\"https:\/\/theincaspin.org\/wp-content\/uploads\/2025\/12\/Incaspin-mobile-banner.webp\" class=\"w-100 d-md-none\" alt=\"Incaspin mobile banner\" fetchpriority=\"high\" decoding=\"async\"><div class=\"banner-description\">\n<div class=\"banner-title\">Willkommensboni<\/div>\n<p class=\"banner-header-title\">1500 \u20ac<\/p>\n<div class=\"banner-header-AdditionalText\">+ 250 Freispiele<\/div>\n<button data-item=\"homepage_banner_link\" class=\"goto m-button m-gradient-border m-button--primary m-button--large banner-button btn-orange\">\n            <div class=\"m-button-content\">\n                <span>Jetzt anmelden<\/span>\n                <span><\/span>\n            <\/div>\n        <\/button>\n<\/div>\n<div class=\"WelcomePack\">\n<p><img loading=\"lazy\" decoding=\"async\" class=\"alignnone size-full wp-image-1338\" src=\"https:\/\/theincaspin.org\/wp-content\/uploads\/2025\/12\/welcome-crown.svg\" alt=\"crown\" width=\"25\" height=\"26\" \/><\/p>\n<div class=\"WelcomePack-Info\">W\u00f6chentlicher Cashback von bis zu 25 %<\/div>\n<p><img loading=\"lazy\" decoding=\"async\" class=\"alignnone size-full wp-image-1338\" src=\"https:\/\/theincaspin.org\/wp-content\/uploads\/2025\/12\/welcome-crown.svg\" alt=\"crown\" width=\"25\" height=\"26\" \/><\/p>\n<\/div>\n<\/div><div class=\"promotions-wrap\"><div class=\"promotion-card\" style=\"background-image: url(https:\/\/theincaspin.org\/wp-content\/uploads\/2025\/12\/First-deposit.webp);\"><h2 class=\"promotion-card__title\">Erste Einzahlung<\/h2><label class=\"promotion-card__offer\">100 % bis zu 500 \u20ac + 150 Freispiele<\/label><label class=\"promotion-card__description\"><\/label><div class=\"promotion-card__actions\"><button data-item=\"payments_link\" data-group=\"website_links\" class=\"goto btn btn-orange rounded-pill fw-bold px-4 m-button m-gradient-border m-button--primary m-button--large promotion-button promotion-card__action-btn\" aria-label=\"Anmelden\"><div class=\"m-button-content\"><span class=\"promotion-button__content\">Anmelden<\/span><\/div><\/button><button data-item=\"http:\/\/bonus_link\" data-group=\"website_links\" class=\"goto m-button m-gradient-border m-button--secondary m-button--medium promotion-card__info-btn\" aria-label=\"More information\"><div class=\"m-button-content\"><svg viewBox=\"0 0 24 24\" fill=\"none\" xmlns=\"http:\/\/www.w3.org\/2000\/svg\" class=\"m-icon m-icon-loadable\" name=\"Attention\" loading=\"false\" aria-hidden=\"true\"><path d=\"M12 22C6.477 22 2 17.522 2 12S6.477 2 12 2s10 4.478 10 10-4.477 10-10 10m-.002-13.004a.999.999 0 1 0 0-1.997.999.999 0 0 0 0 1.997M12 17a1 1 0 0 0 .993-.884L13 16l-.002-5.001-.007-.117a1 1 0 0 0-1.986 0l-.007.117L11 16l.007.117A1 1 0 0 0 12 17\" fill=\"currentColor\"><\/path><\/svg><\/div><\/button><\/div><\/div><div class=\"promotion-card\" style=\"background-image: url(https:\/\/theincaspin.org\/wp-content\/uploads\/2025\/12\/Second-deposit.webp);\"><h2 class=\"promotion-card__title\">Zweite Einzahlung<\/h2><label class=\"promotion-card__offer\">55 % bis zu 500 \u20ac + 100 Freispiele<\/label><label class=\"promotion-card__description\"><\/label><div class=\"promotion-card__actions\"><button data-item=\"payments_link\" data-group=\"website_links\" class=\"goto btn btn-orange rounded-pill fw-bold px-4 m-button m-gradient-border m-button--primary m-button--large promotion-button promotion-card__action-btn\" aria-label=\"Anmelden\"><div class=\"m-button-content\"><span class=\"promotion-button__content\">Anmelden<\/span><\/div><\/button><button data-item=\"http:\/\/bonus_link\" data-group=\"website_links\" class=\"goto m-button m-gradient-border m-button--secondary m-button--medium promotion-card__info-btn\" aria-label=\"More information\"><div class=\"m-button-content\"><svg viewBox=\"0 0 24 24\" fill=\"none\" xmlns=\"http:\/\/www.w3.org\/2000\/svg\" class=\"m-icon m-icon-loadable\" name=\"Attention\" loading=\"false\" aria-hidden=\"true\"><path d=\"M12 22C6.477 22 2 17.522 2 12S6.477 2 12 2s10 4.478 10 10-4.477 10-10 10m-.002-13.004a.999.999 0 1 0 0-1.997.999.999 0 0 0 0 1.997M12 17a1 1 0 0 0 .993-.884L13 16l-.002-5.001-.007-.117a1 1 0 0 0-1.986 0l-.007.117L11 16l.007.117A1 1 0 0 0 12 17\" fill=\"currentColor\"><\/path><\/svg><\/div><\/button><\/div><\/div><div class=\"promotion-card\" style=\"background-image: url(https:\/\/theincaspin.org\/wp-content\/uploads\/2025\/12\/Third-deposit.webp);\"><h2 class=\"promotion-card__title\">Dritte Einzahlung<\/h2><label class=\"promotion-card__offer\">100 % bis zu 500 \u20ac<\/label><label class=\"promotion-card__description\"><\/label><div class=\"promotion-card__actions\"><button data-item=\"payments_link\" data-group=\"website_links\" class=\"goto btn btn-orange rounded-pill fw-bold px-4 m-button m-gradient-border m-button--primary m-button--large promotion-button promotion-card__action-btn\" aria-label=\"Anmelden\"><div class=\"m-button-content\"><span class=\"promotion-button__content\">Anmelden<\/span><\/div><\/button><button data-item=\"http:\/\/bonus_link\" data-group=\"website_links\" class=\"goto m-button m-gradient-border m-button--secondary m-button--medium promotion-card__info-btn\" aria-label=\"More information\"><div class=\"m-button-content\"><svg viewBox=\"0 0 24 24\" fill=\"none\" xmlns=\"http:\/\/www.w3.org\/2000\/svg\" class=\"m-icon m-icon-loadable\" name=\"Attention\" loading=\"false\" aria-hidden=\"true\"><path d=\"M12 22C6.477 22 2 17.522 2 12S6.477 2 12 2s10 4.478 10 10-4.477 10-10 10m-.002-13.004a.999.999 0 1 0 0-1.997.999.999 0 0 0 0 1.997M12 17a1 1 0 0 0 .993-.884L13 16l-.002-5.001-.007-.117a1 1 0 0 0-1.986 0l-.007.117L11 16l.007.117A1 1 0 0 0 12 17\" fill=\"currentColor\"><\/path><\/svg><\/div><\/button><\/div><\/div><div class=\"promotion-card\" style=\"background-image: url(https:\/\/theincaspin.org\/wp-content\/uploads\/2025\/12\/Highroller.webp);\"><h2 class=\"promotion-card__title\">Highroller-Angebot<\/h2><label class=\"promotion-card__offer\">50% bis zu \u20ac500<\/label><label class=\"promotion-card__description\"><\/label><div class=\"promotion-card__actions\"><button data-item=\"payments_link\" data-group=\"website_links\" class=\"goto btn btn-orange rounded-pill fw-bold px-4 m-button m-gradient-border m-button--primary m-button--large promotion-button promotion-card__action-btn\" aria-label=\"Anmelden\"><div class=\"m-button-content\"><span class=\"promotion-button__content\">Anmelden<\/span><\/div><\/button><button data-item=\"http:\/\/bonus_link\" data-group=\"website_links\" class=\"goto m-button m-gradient-border m-button--secondary m-button--medium promotion-card__info-btn\" aria-label=\"More information\"><div class=\"m-button-content\"><svg viewBox=\"0 0 24 24\" fill=\"none\" xmlns=\"http:\/\/www.w3.org\/2000\/svg\" class=\"m-icon m-icon-loadable\" name=\"Attention\" loading=\"false\" aria-hidden=\"true\"><path d=\"M12 22C6.477 22 2 17.522 2 12S6.477 2 12 2s10 4.478 10 10-4.477 10-10 10m-.002-13.004a.999.999 0 1 0 0-1.997.999.999 0 0 0 0 1.997M12 17a1 1 0 0 0 .993-.884L13 16l-.002-5.001-.007-.117a1 1 0 0 0-1.986 0l-.007.117L11 16l.007.117A1 1 0 0 0 12 17\" fill=\"currentColor\"><\/path><\/svg><\/div><\/button><\/div><\/div><div class=\"promotion-card\" style=\"background-image: url(https:\/\/theincaspin.org\/wp-content\/uploads\/2025\/12\/Cashback.webp);\"><h2 class=\"promotion-card__title\">W\u00f6chentliches Cashback<\/h2><label class=\"promotion-card__offer\">Bis zu 25 %<\/label><label class=\"promotion-card__description\"><\/label><div class=\"promotion-card__actions\"><button data-item=\"payments_link\" data-group=\"website_links\" class=\"goto btn btn-orange rounded-pill fw-bold px-4 m-button m-gradient-border m-button--primary m-button--large promotion-button promotion-card__action-btn\" aria-label=\"Anmelden\"><div class=\"m-button-content\"><span class=\"promotion-button__content\">Anmelden<\/span><\/div><\/button><button data-item=\"http:\/\/bonus_link\" data-group=\"website_links\" class=\"goto m-button m-gradient-border m-button--secondary m-button--medium promotion-card__info-btn\" aria-label=\"More information\"><div class=\"m-button-content\"><svg viewBox=\"0 0 24 24\" fill=\"none\" xmlns=\"http:\/\/www.w3.org\/2000\/svg\" class=\"m-icon m-icon-loadable\" name=\"Attention\" loading=\"false\" aria-hidden=\"true\"><path d=\"M12 22C6.477 22 2 17.522 2 12S6.477 2 12 2s10 4.478 10 10-4.477 10-10 10m-.002-13.004a.999.999 0 1 0 0-1.997.999.999 0 0 0 0 1.997M12 17a1 1 0 0 0 .993-.884L13 16l-.002-5.001-.007-.117a1 1 0 0 0-1.986 0l-.007.117L11 16l.007.117A1 1 0 0 0 12 17\" fill=\"currentColor\"><\/path><\/svg><\/div><\/button><\/div><\/div><div class=\"promotion-card\" style=\"background-image: url(https:\/\/theincaspin.org\/wp-content\/uploads\/2025\/12\/Rakeback.webp);\"><h2 class=\"promotion-card__title\">Rakeback<\/h2><label class=\"promotion-card__offer\">Bis zu 17%<\/label><label class=\"promotion-card__description\"><\/label><div class=\"promotion-card__actions\"><button data-item=\"payments_link\" data-group=\"website_links\" class=\"goto btn btn-orange rounded-pill fw-bold px-4 m-button m-gradient-border m-button--primary m-button--large promotion-button promotion-card__action-btn\" aria-label=\"Anmelden\"><div class=\"m-button-content\"><span class=\"promotion-button__content\">Anmelden<\/span><\/div><\/button><button data-item=\"http:\/\/bonus_link\" data-group=\"website_links\" class=\"goto m-button m-gradient-border m-button--secondary m-button--medium promotion-card__info-btn\" aria-label=\"More information\"><div class=\"m-button-content\"><svg viewBox=\"0 0 24 24\" fill=\"none\" xmlns=\"http:\/\/www.w3.org\/2000\/svg\" class=\"m-icon m-icon-loadable\" name=\"Attention\" loading=\"false\" aria-hidden=\"true\"><path d=\"M12 22C6.477 22 2 17.522 2 12S6.477 2 12 2s10 4.478 10 10-4.477 10-10 10m-.002-13.004a.999.999 0 1 0 0-1.997.999.999 0 0 0 0 1.997M12 17a1 1 0 0 0 .993-.884L13 16l-.002-5.001-.007-.117a1 1 0 0 0-1.986 0l-.007.117L11 16l.007.117A1 1 0 0 0 12 17\" fill=\"currentColor\"><\/path><\/svg><\/div><\/button><\/div><\/div><div class=\"promotion-card\" style=\"background-image: url(https:\/\/theincaspin.org\/wp-content\/uploads\/2025\/12\/Sunday-reload.webp);\"><h2 class=\"promotion-card__title\">Sonntags-Reload<\/h2><label class=\"promotion-card__offer\">25% bis zu \u20ac100<\/label><label class=\"promotion-card__description\"><\/label><div class=\"promotion-card__actions\"><button data-item=\"payments_link\" data-group=\"website_links\" class=\"goto btn btn-orange rounded-pill fw-bold px-4 m-button m-gradient-border m-button--primary m-button--large promotion-button promotion-card__action-btn\" aria-label=\"Anmelden\"><div class=\"m-button-content\"><span class=\"promotion-button__content\">Anmelden<\/span><\/div><\/button><button data-item=\"http:\/\/bonus_link\" data-group=\"website_links\" class=\"goto m-button m-gradient-border m-button--secondary m-button--medium promotion-card__info-btn\" aria-label=\"More information\"><div class=\"m-button-content\"><svg viewBox=\"0 0 24 24\" fill=\"none\" xmlns=\"http:\/\/www.w3.org\/2000\/svg\" class=\"m-icon m-icon-loadable\" name=\"Attention\" loading=\"false\" aria-hidden=\"true\"><path d=\"M12 22C6.477 22 2 17.522 2 12S6.477 2 12 2s10 4.478 10 10-4.477 10-10 10m-.002-13.004a.999.999 0 1 0 0-1.997.999.999 0 0 0 0 1.997M12 17a1 1 0 0 0 .993-.884L13 16l-.002-5.001-.007-.117a1 1 0 0 0-1.986 0l-.007.117L11 16l.007.117A1 1 0 0 0 12 17\" fill=\"currentColor\"><\/path><\/svg><\/div><\/button><\/div><\/div><\/div><div class=\"scrollable-content-wrap my-5\"><div class=\"scrollable-content-inner\"><h2>Incaspin Promotionen<\/h2>\n<p>Bei der Auswahl eines Online-Casinos achten viele Spieler auf die verf\u00fcgbaren Bonusaktionen. Das Incaspin Bonus-Programm bietet eine Reihe von Promotionen, die auf unterschiedliche Spielstile und Budgets zugeschnitten sind. Aktuelle Angebote umfassen:<\/p>\n<table>\n<tbody>\n<tr>\n<td>Bef\u00f6rderung<\/td>\n<td>Details<\/td>\n<\/tr>\n<tr>\n<td>Willkommenspaket<\/td>\n<td>Bis zu 1.500 \u20ac und 250 Freispiele auf die ersten drei Einzahlungen<\/td>\n<\/tr>\n<tr>\n<td>W\u00f6chentlicher Cashback<\/td>\n<td>Bis zu 25 % auf Nettoverluste<\/td>\n<\/tr>\n<tr>\n<td>Sonntags-Reload-Bonus<\/td>\n<td>25 % bis zu 100 \u20ac<\/td>\n<\/tr>\n<tr>\n<td>Rakeback<\/td>\n<td>17 % auf Wetten bei ausgew\u00e4hlten Spielen<\/td>\n<\/tr>\n<tr>\n<td>High-Roller-Bonus<\/td>\n<td>50 % bis zu 500 \u20ac<\/td>\n<\/tr>\n<tr>\n<td>VIP-Programm<\/td>\n<td>Gestaffelte Pr\u00e4mien, erh\u00f6hte Cashback-S\u00e4tze und engagierter Support<\/td>\n<\/tr>\n<\/tbody>\n<\/table>\n<h2>Wettbewerbe und Belohnungen<\/h2>\n<p>Incaspin veranstaltet Turniere, bei denen die Teilnehmer um Preisgelder k\u00e4mpfen, die von mehreren Tausend bis zu Millionen Euro reichen k\u00f6nnen. Die Events umfassen in der Regel Slot-Spiele und Live-Dealer-Titel, wobei die Platzierungen der Spieler anhand ihrer Leistung in den festgelegten Spielen bestimmt werden. Die Teilnehmer werden gem\u00e4\u00df den Turnierregeln und Bewertungskriterien auf einer Rangliste eingetragen.<\/p>\n<p>Daily Bronze Tournament:<\/p>\n<ul>\n<li>Preisgeld: \u20ac2.500<\/li>\n<li>Details: Spiele ausgew\u00e4hlte beliebte Slots bei Incaspin, sammle Punkte f\u00fcr deine Gewinne und konkurriere um t\u00e4gliche Geldpreise mit den bestplatzierten Spielern.<\/li>\n<\/ul>\n<p>Spinoleague:<\/p>\n<ul>\n<li>Preisgeld: \u20ac12.000.000<\/li>\n<li>Details: Trete bei Incaspin mit Pragmatic Play Slots wie Sweet Bonanza, Gates of Olympus und Big Bass Bonanza an \u2013 jeder Spin z\u00e4hlt f\u00fcr dein Turnierergebnis.<\/li>\n<\/ul>\n<p>BGaming Drops Frenzy:<\/p>\n<ul>\n<li>Preisgeld: ab \u20ac660.000<\/li>\n<li>Details: Dynamische Aktion, bei der w\u00e4hrend des Spielens auf bestimmten BGaming-Slots zuf\u00e4llige Geldpreise fallen; der Preispool w\u00e4chst mit der Teilnahme.<\/li>\n<\/ul>\n<p>Live Tournament:<\/p>\n<ul>\n<li>Preisgeld: \u20ac10.000<\/li>\n<li>Details: W\u00f6chentliches Event mit Live-Dealer-Spielen in Echtzeit, bei dem Geldpreise gewonnen werden k\u00f6nnen.<\/li>\n<\/ul>\n<h2>Willkommensbonus-Details<\/h2>\n<p>Das Incaspin Casino bietet neuen Nutzern ein Willkommenspaket von bis zu \u20ac1.500 und 250 Freispiele. Der Bonus wird auf die ersten drei Einzahlungen verteilt. Bei der ersten Einzahlung erhalten Spieler einen 100%-Bonus bis zu \u20ac500 plus 150 Freispiele. Die zweite Einzahlung gew\u00e4hrt einen 55%-Bonus bis zu \u20ac500 sowie 100 Freispiele. F\u00fcr die dritte Einzahlung wird ein 100%-Bonus bis zu \u20ac500 angewendet.<\/p>\n<p>Eine Mindesteinzahlung von \u20ac20 ist erforderlich, um den Bonus zu aktivieren. Das Willkommensangebot bleibt sieben Tage nach der Aktivierung g\u00fcltig, und Freispiele werden in Sets von jeweils 50 pro Tag vergeben. Auf den Bonus wird eine 35-fache Umsatzbedingung angewendet. Die vollst\u00e4ndigen Bedingungen sind auf der Aktionsseite verf\u00fcgbar.<\/p>\n<h2>Bonusbedingungen<\/h2>\n<p>Jeder Incaspin Bonus unterliegt spezifischen Bedingungen, die von denen anderer Plattformen abweichen k\u00f6nnen. Die meisten Aktionen sind 7 bis 14 Tage g\u00fcltig und beinhalten eine 35-fache Umsatzanforderung. Die Mindesteinzahlung, um die meisten Boni zu aktivieren, betr\u00e4gt \u20ac20.<\/p>\n<p>Es kann immer nur ein aktiver Einzahlungsbonus gleichzeitig genutzt werden; ein bestehender Bonus muss abgeschlossen oder storniert werden, bevor ein neuer beansprucht werden kann. Turnierboni und andere Belohnungen werden separat behandelt und sind von dieser Regelung nicht betroffen.<\/p>\n<h2>FAQ<\/h2>\n<h3>Wie kann ich den Willkommensbonus im Incaspin Casino beanspruchen?<\/h3>\n<p>Um den Incaspin Willkommensbonus zu erhalten, m\u00fcssen Sie lediglich den Registrierungsprozess abschlie\u00dfen. Das Willkommenspaket von bis zu \u20ac1.500 und 250 Freispiele wird automatisch Ihrem Konto gutgeschrieben \u2013 ein Promo-Code ist nicht erforderlich. Stellen Sie sicher, dass jede Einzahlung mindestens \u20ac20 betr\u00e4gt, um den Bonus zu aktivieren.<\/p>\n<h3>Gibt es eine zeitliche Begrenzung f\u00fcr die Nutzung von Boni im Incaspin Casino?<\/h3>\n<p>Ja, die Boni bei Incaspin sind zeitlich begrenzt. Die meisten Aktionen verfallen 7 bis 14 Tage nach der Aktivierung. Der genaue Zeitraum und die Bedingungen sind in den jeweiligen Gesch\u00e4ftsbedingungen der einzelnen Angebote aufgef\u00fchrt. Es ist wichtig, den Bonus innerhalb dieses Zeitraums zu nutzen, um einen Verlust zu vermeiden.<\/p>\n<\/div><\/div><\/p>\n","protected":false},"excerpt":{"rendered":"<p>Incaspin Bonusprogramme Das Incaspin Bonus-Programm umfasst ein Willkommenspaket von bis zu 1.500 \u20ac und 250 Freispiele, verteilt auf die ersten drei Einzahlungen f\u00fcr neue Nutzer. Weitere Promotionen k\u00f6nnen Cashback, Rakeback, Turniere und andere laufende Angebote beinhalten. Detaillierte Informationen sowie die vollst\u00e4ndigen Bedingungen finden Sie im Promotionsbereich der Plattform.<\/p>\n","protected":false},"author":1,"featured_media":0,"parent":0,"menu_order":0,"comment_status":"closed","ping_status":"closed","template":"template-builder.php","meta":{"_acf_changed":false,"inline_featured_image":false,"footnotes":""},"class_list":["post-1455","page","type-page","status-publish","hentry"],"acf":[],"yoast_head":"<!-- This site is optimized with the Yoast SEO plugin v27.3 - https:\/\/yoast.com\/product\/yoast-seo-wordpress\/ -->\n<title>Incaspin Casino Bonus &amp; Sonderangebote<\/title>\n<meta name=\"description\" content=\"Entdecken Sie exklusive Boni im Incaspin Casino, darunter gro\u00dfz\u00fcgige Willkommensangebote, Einzahlungspr\u00e4mien, laufende Aktionen und spannende Turniere. Alle Bonusbedingungen und Anweisungen zum Einl\u00f6sen finden Sie \u00fcbersichtlich an einem Ort.\" \/>\n<meta name=\"robots\" content=\"index, follow, max-snippet:-1, max-image-preview:large, max-video-preview:-1\" \/>\n<link rel=\"canonical\" href=\"https:\/\/theincaspin.org\/de\/aktionen\/\" \/>\n<meta property=\"og:locale\" content=\"de_DE\" \/>\n<meta property=\"og:type\" content=\"article\" \/>\n<meta property=\"og:title\" content=\"Incaspin Casino Bonus &amp; Sonderangebote\" \/>\n<meta property=\"og:description\" content=\"Entdecken Sie exklusive Boni im Incaspin Casino, darunter gro\u00dfz\u00fcgige Willkommensangebote, Einzahlungspr\u00e4mien, laufende Aktionen und spannende Turniere. Alle Bonusbedingungen und Anweisungen zum Einl\u00f6sen finden Sie \u00fcbersichtlich an einem Ort.\" \/>\n<meta property=\"og:url\" content=\"https:\/\/theincaspin.org\/de\/aktionen\/\" \/>\n<meta property=\"og:site_name\" content=\"incaspin\" \/>\n<meta property=\"article:modified_time\" content=\"2025-12-04T12:10:41+00:00\" \/>\n<meta name=\"twitter:card\" content=\"summary_large_image\" \/>\n<meta name=\"twitter:label1\" content=\"Gesch\u00e4tzte Lesezeit\" \/>\n\t<meta name=\"twitter:data1\" content=\"1\u00a0Minute\" \/>\n<script type=\"application\/ld+json\" class=\"yoast-schema-graph\">{\"@context\":\"https:\\\/\\\/schema.org\",\"@graph\":[{\"@type\":\"WebPage\",\"@id\":\"https:\\\/\\\/theincaspin.org\\\/de\\\/aktionen\\\/\",\"url\":\"https:\\\/\\\/theincaspin.org\\\/de\\\/aktionen\\\/\",\"name\":\"Incaspin Casino Bonus & Sonderangebote\",\"isPartOf\":{\"@id\":\"https:\\\/\\\/theincaspin.org\\\/de\\\/#website\"},\"datePublished\":\"2025-12-04T09:40:04+00:00\",\"dateModified\":\"2025-12-04T12:10:41+00:00\",\"description\":\"Entdecken Sie exklusive Boni im Incaspin Casino, darunter gro\u00dfz\u00fcgige Willkommensangebote, Einzahlungspr\u00e4mien, laufende Aktionen und spannende Turniere. Alle Bonusbedingungen und Anweisungen zum Einl\u00f6sen finden Sie \u00fcbersichtlich an einem Ort.\",\"breadcrumb\":{\"@id\":\"https:\\\/\\\/theincaspin.org\\\/de\\\/aktionen\\\/#breadcrumb\"},\"inLanguage\":\"de\",\"potentialAction\":[{\"@type\":\"ReadAction\",\"target\":[\"https:\\\/\\\/theincaspin.org\\\/de\\\/aktionen\\\/\"]}]},{\"@type\":\"BreadcrumbList\",\"@id\":\"https:\\\/\\\/theincaspin.org\\\/de\\\/aktionen\\\/#breadcrumb\",\"itemListElement\":[{\"@type\":\"ListItem\",\"position\":1,\"name\":\"Incaspin\",\"item\":\"https:\\\/\\\/theincaspin.org\\\/de\\\/\"},{\"@type\":\"ListItem\",\"position\":2,\"name\":\"Aktionen\"}]},{\"@type\":\"WebSite\",\"@id\":\"https:\\\/\\\/theincaspin.org\\\/de\\\/#website\",\"url\":\"https:\\\/\\\/theincaspin.org\\\/de\\\/\",\"name\":\"Incaspin\",\"description\":\"\",\"publisher\":{\"@id\":\"https:\\\/\\\/theincaspin.org\\\/de\\\/#organization\"},\"potentialAction\":[{\"@type\":\"SearchAction\",\"target\":{\"@type\":\"EntryPoint\",\"urlTemplate\":\"https:\\\/\\\/theincaspin.org\\\/de\\\/?s={search_term_string}\"},\"query-input\":{\"@type\":\"PropertyValueSpecification\",\"valueRequired\":true,\"valueName\":\"search_term_string\"}}],\"inLanguage\":\"de\"},{\"@type\":\"Organization\",\"@id\":\"https:\\\/\\\/theincaspin.org\\\/de\\\/#organization\",\"name\":\"Incaspin\",\"url\":\"https:\\\/\\\/theincaspin.org\\\/de\\\/\",\"logo\":{\"@type\":\"ImageObject\",\"inLanguage\":\"de\",\"@id\":\"https:\\\/\\\/theincaspin.org\\\/de\\\/#\\\/schema\\\/logo\\\/image\\\/\",\"url\":\"https:\\\/\\\/theincaspin.org\\\/wp-content\\\/uploads\\\/2025\\\/12\\\/Casino-logo-Desktop.svg\",\"contentUrl\":\"https:\\\/\\\/theincaspin.org\\\/wp-content\\\/uploads\\\/2025\\\/12\\\/Casino-logo-Desktop.svg\",\"width\":63,\"height\":24,\"caption\":\"Incaspin\"},\"image\":{\"@id\":\"https:\\\/\\\/theincaspin.org\\\/de\\\/#\\\/schema\\\/logo\\\/image\\\/\"}}]}<\/script>\n<!-- \/ Yoast SEO plugin. -->","yoast_head_json":{"title":"Incaspin Casino Bonus & Sonderangebote","description":"Entdecken Sie exklusive Boni im Incaspin Casino, darunter gro\u00dfz\u00fcgige Willkommensangebote, Einzahlungspr\u00e4mien, laufende Aktionen und spannende Turniere. Alle Bonusbedingungen und Anweisungen zum Einl\u00f6sen finden Sie \u00fcbersichtlich an einem Ort.","robots":{"index":"index","follow":"follow","max-snippet":"max-snippet:-1","max-image-preview":"max-image-preview:large","max-video-preview":"max-video-preview:-1"},"canonical":"https:\/\/theincaspin.org\/de\/aktionen\/","og_locale":"de_DE","og_type":"article","og_title":"Incaspin Casino Bonus & Sonderangebote","og_description":"Entdecken Sie exklusive Boni im Incaspin Casino, darunter gro\u00dfz\u00fcgige Willkommensangebote, Einzahlungspr\u00e4mien, laufende Aktionen und spannende Turniere. Alle Bonusbedingungen und Anweisungen zum Einl\u00f6sen finden Sie \u00fcbersichtlich an einem Ort.","og_url":"https:\/\/theincaspin.org\/de\/aktionen\/","og_site_name":"incaspin","article_modified_time":"2025-12-04T12:10:41+00:00","twitter_card":"summary_large_image","twitter_misc":{"Gesch\u00e4tzte Lesezeit":"1\u00a0Minute"},"schema":{"@context":"https:\/\/schema.org","@graph":[{"@type":"WebPage","@id":"https:\/\/theincaspin.org\/de\/aktionen\/","url":"https:\/\/theincaspin.org\/de\/aktionen\/","name":"Incaspin Casino Bonus & Sonderangebote","isPartOf":{"@id":"https:\/\/theincaspin.org\/de\/#website"},"datePublished":"2025-12-04T09:40:04+00:00","dateModified":"2025-12-04T12:10:41+00:00","description":"Entdecken Sie exklusive Boni im Incaspin Casino, darunter gro\u00dfz\u00fcgige Willkommensangebote, Einzahlungspr\u00e4mien, laufende Aktionen und spannende Turniere. Alle Bonusbedingungen und Anweisungen zum Einl\u00f6sen finden Sie \u00fcbersichtlich an einem Ort.","breadcrumb":{"@id":"https:\/\/theincaspin.org\/de\/aktionen\/#breadcrumb"},"inLanguage":"de","potentialAction":[{"@type":"ReadAction","target":["https:\/\/theincaspin.org\/de\/aktionen\/"]}]},{"@type":"BreadcrumbList","@id":"https:\/\/theincaspin.org\/de\/aktionen\/#breadcrumb","itemListElement":[{"@type":"ListItem","position":1,"name":"Incaspin","item":"https:\/\/theincaspin.org\/de\/"},{"@type":"ListItem","position":2,"name":"Aktionen"}]},{"@type":"WebSite","@id":"https:\/\/theincaspin.org\/de\/#website","url":"https:\/\/theincaspin.org\/de\/","name":"Incaspin","description":"","publisher":{"@id":"https:\/\/theincaspin.org\/de\/#organization"},"potentialAction":[{"@type":"SearchAction","target":{"@type":"EntryPoint","urlTemplate":"https:\/\/theincaspin.org\/de\/?s={search_term_string}"},"query-input":{"@type":"PropertyValueSpecification","valueRequired":true,"valueName":"search_term_string"}}],"inLanguage":"de"},{"@type":"Organization","@id":"https:\/\/theincaspin.org\/de\/#organization","name":"Incaspin","url":"https:\/\/theincaspin.org\/de\/","logo":{"@type":"ImageObject","inLanguage":"de","@id":"https:\/\/theincaspin.org\/de\/#\/schema\/logo\/image\/","url":"https:\/\/theincaspin.org\/wp-content\/uploads\/2025\/12\/Casino-logo-Desktop.svg","contentUrl":"https:\/\/theincaspin.org\/wp-content\/uploads\/2025\/12\/Casino-logo-Desktop.svg","width":63,"height":24,"caption":"Incaspin"},"image":{"@id":"https:\/\/theincaspin.org\/de\/#\/schema\/logo\/image\/"}}]}},"_links":{"self":[{"href":"https:\/\/theincaspin.org\/de\/wp-json\/wp\/v2\/pages\/1455","targetHints":{"allow":["GET"]}}],"collection":[{"href":"https:\/\/theincaspin.org\/de\/wp-json\/wp\/v2\/pages"}],"about":[{"href":"https:\/\/theincaspin.org\/de\/wp-json\/wp\/v2\/types\/page"}],"author":[{"embeddable":true,"href":"https:\/\/theincaspin.org\/de\/wp-json\/wp\/v2\/users\/1"}],"replies":[{"embeddable":true,"href":"https:\/\/theincaspin.org\/de\/wp-json\/wp\/v2\/comments?post=1455"}],"version-history":[{"count":2,"href":"https:\/\/theincaspin.org\/de\/wp-json\/wp\/v2\/pages\/1455\/revisions"}],"predecessor-version":[{"id":1640,"href":"https:\/\/theincaspin.org\/de\/wp-json\/wp\/v2\/pages\/1455\/revisions\/1640"}],"wp:attachment":[{"href":"https:\/\/theincaspin.org\/de\/wp-json\/wp\/v2\/media?parent=1455"}],"curies":[{"name":"wp","href":"https:\/\/api.w.org\/{rel}","templated":true}]}}