{"id":1443,"date":"2025-12-04T09:27:49","date_gmt":"2025-12-04T09:27:49","guid":{"rendered":"https:\/\/theincaspin.org\/app-2\/"},"modified":"2025-12-04T12:03:34","modified_gmt":"2025-12-04T12:03:34","slug":"app","status":"publish","type":"page","link":"https:\/\/theincaspin.org\/de\/app\/","title":{"rendered":"App"},"content":{"rendered":"<h1>Incaspin auf Mobilger\u00e4ten<\/h1>\n<p>Die Incaspin-App f\u00fcr Android und iOS erm\u00f6glicht den Zugriff auf das vollst\u00e4ndige Spielangebot sowie alle Kontofunktionen direkt auf mobilen Ger\u00e4ten. Sie l\u00e4uft reibungslos auf modernen Smartphones und Tablets und passt sich automatisch unterschiedlichen Bildschirmgr\u00f6\u00dfen an. Die mobile Version bietet dieselbe Funktionalit\u00e4t wie die Desktop-Website.<\/p>\n<p>Da es sich um eine Progressive Web App (PWA) handelt, ist keine Installation von Drittanbieterdateien erforderlich, um sie zu nutzen.<\/p>\n<div class=\"banner-wrap\" aria-label=\"Banner\"><img src=\"https:\/\/theincaspin.org\/wp-content\/uploads\/2025\/12\/Incaspin-general-background-800\u2564\u0415342.webp\" class=\"w-100 d-none d-lg-block img-pc main-banner-img\" alt=\"Incaspin desktop banner\" fetchpriority=\"high\" decoding=\"async\"><img src=\"https:\/\/theincaspin.org\/wp-content\/uploads\/2025\/12\/Incaspin-mobile-banner.webp\" class=\"w-100 d-none d-md-block d-lg-none main-banner-img\" alt=\"Incaspin mobile banner\" fetchpriority=\"high\" decoding=\"async\"><img src=\"https:\/\/theincaspin.org\/wp-content\/uploads\/2025\/12\/Incaspin-mobile-banner.webp\" class=\"w-100 d-md-none\" alt=\"Incaspin mobile banner\" fetchpriority=\"high\" decoding=\"async\"><div class=\"banner-description\">\n<div class=\"banner-title\">Willkommensboni<\/div>\n<p class=\"banner-header-title\">1500 \u20ac<\/p>\n<div class=\"banner-header-AdditionalText\">+ 250 Freispiele<\/div>\n<button data-item=\"homepage_banner_link\" class=\"goto m-button m-gradient-border m-button--primary m-button--large banner-button btn-orange\">\n            <div class=\"m-button-content\">\n                <span>Jetzt anmelden<\/span>\n                <span><\/span>\n            <\/div>\n        <\/button>\n<\/div>\n<div class=\"WelcomePack\">\n<p><img loading=\"lazy\" decoding=\"async\" class=\"alignnone size-full wp-image-1338\" src=\"https:\/\/theincaspin.org\/wp-content\/uploads\/2025\/12\/welcome-crown.svg\" alt=\"crown\" width=\"25\" height=\"26\" \/><\/p>\n<div class=\"WelcomePack-Info\">W\u00f6chentlicher Cashback von bis zu 25 %<\/div>\n<p><img loading=\"lazy\" decoding=\"async\" class=\"alignnone size-full wp-image-1338\" src=\"https:\/\/theincaspin.org\/wp-content\/uploads\/2025\/12\/welcome-crown.svg\" alt=\"crown\" width=\"25\" height=\"26\" \/><\/p>\n<\/div>\n<\/div>\n<h2>Incaspin Casino auf Mobilger\u00e4ten<\/h2>\n<p>Wie die meisten modernen Online-Plattformen bietet Incaspin Casino eine mobile Version, die sowohl mit Android- als auch iOS-Ger\u00e4ten kompatibel ist. Die Benutzeroberfl\u00e4che ist f\u00fcr kleinere Bildschirme optimiert und auf eine einfache, intuitive Navigation ausgelegt.<\/p>\n<p>Die mobile Plattform erm\u00f6glicht den Zugriff auf die vollst\u00e4ndige Spielbibliothek mit Tausenden von Titeln sowie auf Zahlungsoptionen, Bonusprogramme und den Kundensupport. S\u00e4mtliche Daten\u00fcbertragungen sind durch SSL-Verschl\u00fcsselung gesch\u00fctzt.<\/p>\n<p>Die wichtigsten Funktionen der mobilen Version entsprechen denen der Desktop-Website, sodass ein nahtloser Wechsel zwischen verschiedenen Ger\u00e4ten gew\u00e4hrleistet ist.<\/p>\n<table>\n<tbody>\n<tr>\n<td>Funktion<\/td>\n<td>Mobile Software<\/td>\n<td>PC-Version<\/td>\n<\/tr>\n<tr>\n<td>Barrierefreiheit<\/td>\n<td>Du kannst die Spiele von Incaspin jederzeit und \u00fcberall direkt \u00fcber dein Smartphone oder Tablet genie\u00dfen.<\/td>\n<td>Es erfordert einen Desktop-Computer oder Laptop.<\/td>\n<\/tr>\n<tr>\n<td>Benachrichtigungen<\/td>\n<td>Benutzer erhalten auf Incaspin Push-Benachrichtigungen \u00fcber Boni, Turniere und Freispiele.<\/td>\n<td>Es gibt keine Echtzeitbenachrichtigungen, solange Sie nicht eingeloggt sind.<\/td>\n<\/tr>\n<tr>\n<td>Sicherheit<\/td>\n<td>Sie k\u00f6nnen auf Incaspin die biometrische Anmeldung (Face ID oder Fingerabdruck) nutzen, um die Sicherheit Ihres Kontos zu erh\u00f6hen.<\/td>\n<td>Es basiert ausschlie\u00dflich auf einem Passwort-Login.<\/td>\n<\/tr>\n<tr>\n<td>Offline-Zugriff<\/td>\n<td>Einige Spiele und Kontofunktionen auf Incaspin k\u00f6nnen auch ohne eine vollst\u00e4ndige Internetverbindung genutzt werden.<\/td>\n<td>Diese Version erfordert jederzeit eine stabile Internetverbindung.<\/td>\n<\/tr>\n<\/tbody>\n<\/table>\n<p><div style=\"clear: both\"><\/div><div class=\"d-flex justify-content-center\"><button data-item=\"decouvrez_link\" data-group=\"website_links\" class=\"goto fw-bold rounded-pill btn btn-orange\" aria-label=\"Laden Sie die Incaspin-App herunter\" >Laden Sie die Incaspin-App herunter<\/button><\/div><div class=\"scrollable-content-wrap my-5\"><div class=\"scrollable-content-inner\"><h2>Incaspin-App f\u00fcr Android-Ger\u00e4te<\/h2>\n<p>Die mobile Version von Incaspin erm\u00f6glicht den Zugriff auf die Plattform von verschiedenen Standorten und Ger\u00e4ten aus. F\u00fcr Android-Nutzer steht eine Progressive Web App (PWA) zur Verf\u00fcgung, die auf modernen Smartphones und Tablets l\u00e4uft, ohne dass externe APK-Dateien aus unbekannten Quellen installiert werden m\u00fcssen.<\/p>\n<p>Die mobile Benutzeroberfl\u00e4che spiegelt die Struktur und Funktionen der Desktop-Website wider und ist f\u00fcr Touch-Bedienung sowie kleinere Bildschirme optimiert. Um das Incaspin-App-Symbol auf einem Android-Ger\u00e4t hinzuzuf\u00fcgen, gehen Sie wie folgt vor:<\/p>\n<ol>\n<li>Besuchen Sie die offizielle Website.<\/li>\n<li>Scrollen Sie zum Footer und w\u00e4hlen Sie die Option \u201eCasino App\u201c.<\/li>\n<li>Best\u00e4tigen Sie die Installationsaufforderung.<\/li>\n<li>Das Incaspin-Symbol erscheint auf dem Startbildschirm Ihres Ger\u00e4ts.<\/li>\n<\/ol>\n<p>Nutzer, die die App nicht installieren m\u00f6chten, k\u00f6nnen die Plattform \u00fcber jeden mobilen Browser aufrufen. Viele Browser bieten au\u00dferdem die M\u00f6glichkeit, eine Verkn\u00fcpfung auf dem Startbildschirm f\u00fcr einen schnelleren Zugriff hinzuzuf\u00fcgen.<\/p>\n<p><img loading=\"lazy\" decoding=\"async\" src=\"https:\/\/theincaspin.org\/wp-content\/uploads\/2025\/12\/Incaspin-Android.webp\" alt=\"Incaspin Android\" width=\"1248\" height=\"536\" \/><\/p>\n<\/div><\/div><div style=\"clear: both\"><\/div><div class=\"d-flex justify-content-center\"><button data-item=\"decouvrez_link\" data-group=\"website_links\" class=\"goto fw-bold rounded-pill btn btn-orange\" aria-label=\"Incaspin herunterladen\" >Incaspin herunterladen<\/button><\/div><div class=\"scrollable-content-wrap my-5\"><div class=\"scrollable-content-inner\"><h2>Incaspin-App f\u00fcr iOS-Ger\u00e4te<\/h2>\n<p>Die mobile Plattform von Incaspin ist vollst\u00e4ndig mit iOS kompatibel und funktioniert auf allen aktuellen iPhone- und iPad-Modellen. Die Benutzeroberfl\u00e4che passt sich unterschiedlichen Bildschirmgr\u00f6\u00dfen an und unterst\u00fctzt die gleichen Kernfunktionen wie die Desktop-Version, einschlie\u00dflich Zugriff auf Slots, Tischspiele und Live-Dealer-Spiele. Die Installation auf iOS-Ger\u00e4ten erfolgt \u00e4hnlich wie bei Android.<\/p>\n<p>Incaspin kann auch \u00fcber jeden mobilen Browser aufgerufen werden. Die Browserversion beh\u00e4lt die Struktur und Funktionen der Desktop-Website bei und ist f\u00fcr Touch-Bedienung optimiert. Nutzer, die einen schnellen Zugriff w\u00fcnschen, k\u00f6nnen eine Verkn\u00fcpfung auf dem Startbildschirm hinzuf\u00fcgen, indem sie folgende Schritte ausf\u00fchren:<\/p>\n<ol>\n<li>\u00d6ffnen Sie die Kurzbefehle-App auf Ihrem Ger\u00e4t.<\/li>\n<li>Tippen Sie auf das + Symbol, um einen neuen Kurzbefehl zu erstellen.<\/li>\n<li>W\u00e4hlen Sie \u201eAktion hinzuf\u00fcgen\u201c und geben Sie die Adresse der Incaspin-Website ein.<\/li>\n<li>Tippen Sie auf den Pfeil neben dem Kurzbefehlnamen und w\u00e4hlen Sie \u201eZum Home-Bildschirm hinzuf\u00fcgen\u201c.<\/li>\n<li>Optional k\u00f6nnen Sie den Kurzbefehl umbenennen und durch Tippen auf \u201eHinzuf\u00fcgen\u201c best\u00e4tigen.<\/li>\n<\/ol>\n<p><img loading=\"lazy\" decoding=\"async\" src=\"https:\/\/theincaspin.org\/wp-content\/uploads\/2025\/12\/Incaspin-iOS.webp\" alt=\"Incaspin iOS\" width=\"1248\" height=\"536\" \/><\/p>\n<\/div><\/div><div style=\"clear: both\"><\/div><div class=\"d-flex justify-content-center\"><button data-item=\"decouvrez_link\" data-group=\"website_links\" class=\"goto fw-bold rounded-pill btn btn-orange\" aria-label=\"Laden Sie die Incaspin-App herunter\" >Laden Sie die Incaspin-App herunter<\/button><\/div><div class=\"scrollable-content-wrap my-5\"><div class=\"scrollable-content-inner\"><h2>Zugriff auf Incaspin \u00fcber Windows- und macOS-Ger\u00e4te<\/h2>\n<p>Incaspin Casino ist auch f\u00fcr Desktop-Nutzer zug\u00e4nglich, die lieber am Computer spielen. Die Plattform kann \u00fcber jeden modernen Webbrowser genutzt werden, indem die Website-Adresse eingegeben wird.<\/p>\n<p>F\u00fcr einen schnelleren Zugriff kann eine Verkn\u00fcpfung auf dem Desktop oder Startbildschirm \u00fcber die Option \u201eZum Home-Bildschirm hinzuf\u00fcgen\u201c des Browsers erstellt werden. Bei Bedarf steht der Kundensupport rund um die Uhr per Live-Chat oder E-Mail zur Verf\u00fcgung.<\/p>\n<p><img loading=\"lazy\" decoding=\"async\" src=\"https:\/\/theincaspin.org\/wp-content\/uploads\/2025\/12\/Incaspin-Desktop.webp\" alt=\"Incaspin Desktop\" width=\"1248\" height=\"536\" \/><\/p>\n<\/div><\/div><div style=\"clear: both\"><\/div><div class=\"d-flex justify-content-center\"><button data-item=\"decouvrez_link\" data-group=\"website_links\" class=\"goto fw-bold rounded-pill btn btn-orange\" aria-label=\"Incaspin herunterladen\" >Incaspin herunterladen<\/button><\/div><div class=\"scrollable-content-wrap my-5\"><div class=\"scrollable-content-inner\"><h1>FAQ<\/h1>\n<h3>Kundensupport in der Incaspin Casino App?<\/h3>\n<p>Die mobile Version von Incaspin bietet die gleichen Funktionen wie die Desktop-Plattform, einschlie\u00dflich Kundensupport \u00fcber den Live-Chat. Unterst\u00fctzung ist auch per E-Mail von jedem Ger\u00e4t aus verf\u00fcgbar, und der Support arbeitet rund um die Uhr.<\/p>\n<h3>Ben\u00f6tige ich ein Konto, um die Incaspin App zu nutzen?<\/h3>\n<p>Ja, ein Konto ist erforderlich, um die Incaspin App zu verwenden und auf Funktionen wie Spiele, Zahlungsmethoden und Kundensupport zuzugreifen. Die Registrierung dauert nur wenige Minuten und erfordert grundlegende Benutzerinformationen. Nach Abschluss der Anmeldung stehen alle Plattformfunktionen in der App zur Verf\u00fcgung.<\/p>\n<h3>Kann ich Ein- und Auszahlungen direkt in der App durchf\u00fchren?<\/h3>\n<p>Ja, Ein- und Auszahlungen k\u00f6nnen direkt \u00fcber die Incaspin App mit denselben Zahlungsmethoden wie auf der Desktop-Website durchgef\u00fchrt werden. Vor der ersten Auszahlung kann eine Identit\u00e4tspr\u00fcfung erforderlich sein. Alle Transaktionen unterliegen den Standardrichtlinien der Plattform.<\/p>\n<\/div><\/div><\/p>\n","protected":false},"excerpt":{"rendered":"<p>Incaspin auf Mobilger\u00e4ten Die Incaspin-App f\u00fcr Android und iOS erm\u00f6glicht den Zugriff auf das vollst\u00e4ndige Spielangebot sowie alle Kontofunktionen direkt auf mobilen Ger\u00e4ten. Sie l\u00e4uft reibungslos auf modernen Smartphones und Tablets und passt sich automatisch unterschiedlichen Bildschirmgr\u00f6\u00dfen an. Die mobile Version bietet dieselbe Funktionalit\u00e4t wie die Desktop-Website. Da es sich um eine Progressive Web App [&hellip;]<\/p>\n","protected":false},"author":1,"featured_media":0,"parent":0,"menu_order":0,"comment_status":"closed","ping_status":"closed","template":"template-builder.php","meta":{"_acf_changed":false,"inline_featured_image":false,"footnotes":""},"class_list":["post-1443","page","type-page","status-publish","hentry"],"acf":[],"yoast_head":"<!-- This site is optimized with the Yoast SEO plugin v27.3 - https:\/\/yoast.com\/product\/yoast-seo-wordpress\/ -->\n<title>Incaspin App herunterladen | iOS &amp; Android<\/title>\n<meta name=\"description\" content=\"Die Incaspin-App sorgt f\u00fcr einwandfreies Gaming auf Android-, iOS-, Windows- und macOS-Plattformen, komplett mit Kontosynchronisierung, regelm\u00e4\u00dfigen Updates und integrierter Kundenbetreuung f\u00fcr eine einfache Nutzung.\" \/>\n<meta name=\"robots\" content=\"index, follow, max-snippet:-1, max-image-preview:large, max-video-preview:-1\" \/>\n<link rel=\"canonical\" href=\"https:\/\/theincaspin.org\/de\/app\/\" \/>\n<meta property=\"og:locale\" content=\"de_DE\" \/>\n<meta property=\"og:type\" content=\"article\" \/>\n<meta property=\"og:title\" content=\"Incaspin App herunterladen | iOS &amp; Android\" \/>\n<meta property=\"og:description\" content=\"Die Incaspin-App sorgt f\u00fcr einwandfreies Gaming auf Android-, iOS-, Windows- und macOS-Plattformen, komplett mit Kontosynchronisierung, regelm\u00e4\u00dfigen Updates und integrierter Kundenbetreuung f\u00fcr eine einfache Nutzung.\" \/>\n<meta property=\"og:url\" content=\"https:\/\/theincaspin.org\/de\/app\/\" \/>\n<meta property=\"og:site_name\" content=\"incaspin\" \/>\n<meta property=\"article:modified_time\" content=\"2025-12-04T12:03:34+00:00\" \/>\n<meta name=\"twitter:card\" content=\"summary_large_image\" \/>\n<meta name=\"twitter:label1\" content=\"Gesch\u00e4tzte Lesezeit\" \/>\n\t<meta name=\"twitter:data1\" content=\"2\u00a0Minuten\" \/>\n<script type=\"application\/ld+json\" class=\"yoast-schema-graph\">{\"@context\":\"https:\\\/\\\/schema.org\",\"@graph\":[{\"@type\":\"WebPage\",\"@id\":\"https:\\\/\\\/theincaspin.org\\\/de\\\/app\\\/\",\"url\":\"https:\\\/\\\/theincaspin.org\\\/de\\\/app\\\/\",\"name\":\"Incaspin App herunterladen | iOS & Android\",\"isPartOf\":{\"@id\":\"https:\\\/\\\/theincaspin.org\\\/de\\\/#website\"},\"datePublished\":\"2025-12-04T09:27:49+00:00\",\"dateModified\":\"2025-12-04T12:03:34+00:00\",\"description\":\"Die Incaspin-App sorgt f\u00fcr einwandfreies Gaming auf Android-, iOS-, Windows- und macOS-Plattformen, komplett mit Kontosynchronisierung, regelm\u00e4\u00dfigen Updates und integrierter Kundenbetreuung f\u00fcr eine einfache Nutzung.\",\"breadcrumb\":{\"@id\":\"https:\\\/\\\/theincaspin.org\\\/de\\\/app\\\/#breadcrumb\"},\"inLanguage\":\"de\",\"potentialAction\":[{\"@type\":\"ReadAction\",\"target\":[\"https:\\\/\\\/theincaspin.org\\\/de\\\/app\\\/\"]}]},{\"@type\":\"BreadcrumbList\",\"@id\":\"https:\\\/\\\/theincaspin.org\\\/de\\\/app\\\/#breadcrumb\",\"itemListElement\":[{\"@type\":\"ListItem\",\"position\":1,\"name\":\"Incaspin\",\"item\":\"https:\\\/\\\/theincaspin.org\\\/de\\\/\"},{\"@type\":\"ListItem\",\"position\":2,\"name\":\"App\"}]},{\"@type\":\"WebSite\",\"@id\":\"https:\\\/\\\/theincaspin.org\\\/de\\\/#website\",\"url\":\"https:\\\/\\\/theincaspin.org\\\/de\\\/\",\"name\":\"Incaspin\",\"description\":\"\",\"publisher\":{\"@id\":\"https:\\\/\\\/theincaspin.org\\\/de\\\/#organization\"},\"potentialAction\":[{\"@type\":\"SearchAction\",\"target\":{\"@type\":\"EntryPoint\",\"urlTemplate\":\"https:\\\/\\\/theincaspin.org\\\/de\\\/?s={search_term_string}\"},\"query-input\":{\"@type\":\"PropertyValueSpecification\",\"valueRequired\":true,\"valueName\":\"search_term_string\"}}],\"inLanguage\":\"de\"},{\"@type\":\"Organization\",\"@id\":\"https:\\\/\\\/theincaspin.org\\\/de\\\/#organization\",\"name\":\"Incaspin\",\"url\":\"https:\\\/\\\/theincaspin.org\\\/de\\\/\",\"logo\":{\"@type\":\"ImageObject\",\"inLanguage\":\"de\",\"@id\":\"https:\\\/\\\/theincaspin.org\\\/de\\\/#\\\/schema\\\/logo\\\/image\\\/\",\"url\":\"https:\\\/\\\/theincaspin.org\\\/wp-content\\\/uploads\\\/2025\\\/12\\\/Casino-logo-Desktop.svg\",\"contentUrl\":\"https:\\\/\\\/theincaspin.org\\\/wp-content\\\/uploads\\\/2025\\\/12\\\/Casino-logo-Desktop.svg\",\"width\":63,\"height\":24,\"caption\":\"Incaspin\"},\"image\":{\"@id\":\"https:\\\/\\\/theincaspin.org\\\/de\\\/#\\\/schema\\\/logo\\\/image\\\/\"}}]}<\/script>\n<!-- \/ Yoast SEO plugin. -->","yoast_head_json":{"title":"Incaspin App herunterladen | iOS & Android","description":"Die Incaspin-App sorgt f\u00fcr einwandfreies Gaming auf Android-, iOS-, Windows- und macOS-Plattformen, komplett mit Kontosynchronisierung, regelm\u00e4\u00dfigen Updates und integrierter Kundenbetreuung f\u00fcr eine einfache Nutzung.","robots":{"index":"index","follow":"follow","max-snippet":"max-snippet:-1","max-image-preview":"max-image-preview:large","max-video-preview":"max-video-preview:-1"},"canonical":"https:\/\/theincaspin.org\/de\/app\/","og_locale":"de_DE","og_type":"article","og_title":"Incaspin App herunterladen | iOS & Android","og_description":"Die Incaspin-App sorgt f\u00fcr einwandfreies Gaming auf Android-, iOS-, Windows- und macOS-Plattformen, komplett mit Kontosynchronisierung, regelm\u00e4\u00dfigen Updates und integrierter Kundenbetreuung f\u00fcr eine einfache Nutzung.","og_url":"https:\/\/theincaspin.org\/de\/app\/","og_site_name":"incaspin","article_modified_time":"2025-12-04T12:03:34+00:00","twitter_card":"summary_large_image","twitter_misc":{"Gesch\u00e4tzte Lesezeit":"2\u00a0Minuten"},"schema":{"@context":"https:\/\/schema.org","@graph":[{"@type":"WebPage","@id":"https:\/\/theincaspin.org\/de\/app\/","url":"https:\/\/theincaspin.org\/de\/app\/","name":"Incaspin App herunterladen | iOS & Android","isPartOf":{"@id":"https:\/\/theincaspin.org\/de\/#website"},"datePublished":"2025-12-04T09:27:49+00:00","dateModified":"2025-12-04T12:03:34+00:00","description":"Die Incaspin-App sorgt f\u00fcr einwandfreies Gaming auf Android-, iOS-, Windows- und macOS-Plattformen, komplett mit Kontosynchronisierung, regelm\u00e4\u00dfigen Updates und integrierter Kundenbetreuung f\u00fcr eine einfache Nutzung.","breadcrumb":{"@id":"https:\/\/theincaspin.org\/de\/app\/#breadcrumb"},"inLanguage":"de","potentialAction":[{"@type":"ReadAction","target":["https:\/\/theincaspin.org\/de\/app\/"]}]},{"@type":"BreadcrumbList","@id":"https:\/\/theincaspin.org\/de\/app\/#breadcrumb","itemListElement":[{"@type":"ListItem","position":1,"name":"Incaspin","item":"https:\/\/theincaspin.org\/de\/"},{"@type":"ListItem","position":2,"name":"App"}]},{"@type":"WebSite","@id":"https:\/\/theincaspin.org\/de\/#website","url":"https:\/\/theincaspin.org\/de\/","name":"Incaspin","description":"","publisher":{"@id":"https:\/\/theincaspin.org\/de\/#organization"},"potentialAction":[{"@type":"SearchAction","target":{"@type":"EntryPoint","urlTemplate":"https:\/\/theincaspin.org\/de\/?s={search_term_string}"},"query-input":{"@type":"PropertyValueSpecification","valueRequired":true,"valueName":"search_term_string"}}],"inLanguage":"de"},{"@type":"Organization","@id":"https:\/\/theincaspin.org\/de\/#organization","name":"Incaspin","url":"https:\/\/theincaspin.org\/de\/","logo":{"@type":"ImageObject","inLanguage":"de","@id":"https:\/\/theincaspin.org\/de\/#\/schema\/logo\/image\/","url":"https:\/\/theincaspin.org\/wp-content\/uploads\/2025\/12\/Casino-logo-Desktop.svg","contentUrl":"https:\/\/theincaspin.org\/wp-content\/uploads\/2025\/12\/Casino-logo-Desktop.svg","width":63,"height":24,"caption":"Incaspin"},"image":{"@id":"https:\/\/theincaspin.org\/de\/#\/schema\/logo\/image\/"}}]}},"_links":{"self":[{"href":"https:\/\/theincaspin.org\/de\/wp-json\/wp\/v2\/pages\/1443","targetHints":{"allow":["GET"]}}],"collection":[{"href":"https:\/\/theincaspin.org\/de\/wp-json\/wp\/v2\/pages"}],"about":[{"href":"https:\/\/theincaspin.org\/de\/wp-json\/wp\/v2\/types\/page"}],"author":[{"embeddable":true,"href":"https:\/\/theincaspin.org\/de\/wp-json\/wp\/v2\/users\/1"}],"replies":[{"embeddable":true,"href":"https:\/\/theincaspin.org\/de\/wp-json\/wp\/v2\/comments?post=1443"}],"version-history":[{"count":2,"href":"https:\/\/theincaspin.org\/de\/wp-json\/wp\/v2\/pages\/1443\/revisions"}],"predecessor-version":[{"id":1636,"href":"https:\/\/theincaspin.org\/de\/wp-json\/wp\/v2\/pages\/1443\/revisions\/1636"}],"wp:attachment":[{"href":"https:\/\/theincaspin.org\/de\/wp-json\/wp\/v2\/media?parent=1443"}],"curies":[{"name":"wp","href":"https:\/\/api.w.org\/{rel}","templated":true}]}}